{"id":3883,"date":"2025-09-03T15:48:17","date_gmt":"2025-09-03T15:48:17","guid":{"rendered":"https:\/\/mueller-wrh.de\/produkt\/lta-lufttechnik-e120-bsc-2-h-intnr230843-1\/"},"modified":"2025-09-03T15:48:17","modified_gmt":"2025-09-03T15:48:17","slug":"lta-lufttechnik-e120-bsc-2-h-intnr230843-1","status":"publish","type":"product","link":"https:\/\/mueller-wrh.de\/es\/producto\/lta-lufttechnik-e120-bsc-2-h-intnr230843-1\/","title":{"rendered":"LTA Lufttechnik E120 BSC-2-H, IntNr230843-1"},"content":{"rendered":"<p><b>Estado:<\/b> Usado<\/p>\n<p><b>Fabricante:<\/b> LTA<\/p>\n<p><b>Modelo:<\/b> E120 BSC-2H<\/p>\n<p><b>A\u00f1o de construcci\u00f3n:<\/b> 2025<\/p>\n<p>Sistema de filtraci\u00f3n E 120-BSC-2-H<br \/>\nSistemas de extracci\u00f3n de neblina de aceite\/emulsi\u00f3n<\/p>\n<p>PROPIEDADES \/ CARACTER\u00cdSTICAS:<br \/>\nDirecci\u00f3n de apertura de la puerta de servicio: en direcci\u00f3n de flujo ARRIBA<br \/>\nSalida de aire : RADIAL<br \/>\ncon prefiltro y filtro de neutralizaci\u00f3n mec\u00e1nica y:<br \/>\nconsistente en dos etapas de filtraci\u00f3n electrost\u00e1tica de aerosoles<br \/>\nde<br \/>\nIonizadores y colectores<br \/>\n- Soplador regulable (ErP-Ready)<br \/>\n- Pantalla lista para funcionar<br \/>\n- Electricidad seg\u00fan EN 60204<br \/>\n- Ejecuci\u00f3n de todo el sistema de acuerdo con<br \/>\n  Directiva sobre m\u00e1quinas <\/p>\n<p>DATOS T\u00c9CNICOS:<br \/>\nCapacidad del ventilador: 2400 m\u00b3\/h (soplado libre)<br \/>\nCapacidad de extracci\u00f3n: hasta 1200 m\u00b3\/h<br \/>\nTensi\u00f3n de funcionamiento: 230 V +\/-10 % (207-253 V)<br \/>\nFrecuencia: 50-60 Hz<br \/>\nCarga conectada: 0,93 kVA<br \/>\nPresi\u00f3n diferencial: 840 Pa<br \/>\nNivel de presi\u00f3n sonora: aprox. 70 dB<br \/>\nTemperatura: m\u00e1x. 40 \u00b0C<br \/>\nGrado de protecci\u00f3n: IP 54<br \/>\nDimensiones (L x A x A): 1130 x 660 x 610 mm <\/p>\n<p>Peso: 110 kg aprox. <\/p>\n<p>Garant\u00eda: por acuerdo<br \/>\nAcabado de pintura: RAL 7035 (gris claro) o (por encargo)<br \/>\nPlazo de entrega: a convenir<\/p>\n<p>\u00a1Cambios y errores en los datos t\u00e9cnicos y la informaci\u00f3n, as\u00ed como la venta previa reservados!<\/p>\n<p>Sistema de filtraci\u00f3n E 120-BSC-2-H<br \/>\nUnidades de extracci\u00f3n de neblina de aceite\/emulsi\u00f3n<\/p>\n<p>CARACTER\u00cdSTICAS:<\/p>\n<p>Direcci\u00f3n de apertura de la puerta de servicio: en direcci\u00f3n de flujo ARRIBA<\/p>\n<p>Salida de aire: RADIAL<\/p>\n<p>Equipado con prefiltro y filtro de neutralizaci\u00f3n mec\u00e1nica, as\u00ed como:<br \/>\ndos etapas de filtraci\u00f3n electrost\u00e1tica para aerosoles consistentes en<br \/>\nionizadores y colectores<\/p>\n<p>Ventilador regulable (preparado para ErP)<\/p>\n<p>Indicador de estado de funcionamiento<\/p>\n<p>Sistema el\u00e9ctrico seg\u00fan EN 60204<\/p>\n<p>Todo el sistema se fabrica de conformidad con la<br \/>\nDirectiva sobre m\u00e1quinas<\/p>\n<p>DATOS T\u00c9CNICOS:<\/p>\n<p>Capacidad del ventilador: 2400 m\u00b3\/h (soplado libre)<\/p>\n<p>Capacidad de extracci\u00f3n: hasta 1200 m\u00b3\/h<\/p>\n<p>Tensi\u00f3n de funcionamiento: 230 V +\/-10 % (207-253 V)<\/p>\n<p>Frecuencia: 50-60 Hz<\/p>\n<p>Consumo: 0,93 kVA<\/p>\n<p>Presi\u00f3n diferencial: 840 Pa<\/p>\n<p>Nivel de presi\u00f3n sonora: aprox. 70 dB<\/p>\n<p>Temperatura: m\u00e1x. 40 \u00b0C<\/p>\n<p>Grado de protecci\u00f3n: IP 54<\/p>\n<p>Dimensiones (L x A x A): 1130 x 660 x 610 mm<\/p>\n<p>Peso: 110 kg aprox.<\/p>\n<p>Garant\u00eda: por acuerdo<\/p>\n<p>Acabado de pintura: RAL 7035 (gris claro) o (seg\u00fan acuerdo)<\/p>\n<p>Plazo de entrega: a convenir<\/p>\n<p>Los datos t\u00e9cnicos y las especificaciones est\u00e1n sujetos a cambios, salvo error, y se reserva el derecho de venta.<\/p>","protected":false},"excerpt":{"rendered":"<p>Zustand: Gebraucht Hersteller: LTA Modell: E120 BSC-2H Baujahr: 2025 Filtrationssystem E 120-BSC-2-H \u00d6l-\/Emulsionsnebel-Abzugsanlagen EIGENSCHAFTEN \/ MERKMALE: \u00d6ffnungsrichtung Servicet\u00fcr: in Str\u00f6mungsrichtung OBEN Luftauslass : RADIAL mit Vorfilter und Neutralisationsfilter mechanisch sowie: zwei elektrostatischen Filtrationsstufen f\u00fcr Aerosole bestehend aus Ionisatoren und Kollektoren &#8211; Regelbares Gebl\u00e4se (ErP-Ready) &#8211; Anzeige Betriebsbereit &#8211; Elektrik nach EN 60204 &#8211; Ausf\u00fchrung der [&hellip;]<\/p>\n","protected":false},"featured_media":3882,"comment_status":"open","ping_status":"closed","template":"","meta":{"_uf_show_specific_survey":0,"_uf_disable_surveys":false},"product_brand":[],"product_cat":[19],"product_tag":[],"class_list":{"0":"post-3883","1":"product","2":"type-product","3":"status-publish","4":"has-post-thumbnail","6":"product_cat-oel-emulsionsnebel-abzugsanlagen","8":"first","9":"instock","10":"taxable","11":"shipping-taxable","12":"purchasable","13":"product-type-simple"},"aioseo_notices":[],"_links":{"self":[{"href":"https:\/\/mueller-wrh.de\/es\/wp-json\/wp\/v2\/product\/3883","targetHints":{"allow":["GET"]}}],"collection":[{"href":"https:\/\/mueller-wrh.de\/es\/wp-json\/wp\/v2\/product"}],"about":[{"href":"https:\/\/mueller-wrh.de\/es\/wp-json\/wp\/v2\/types\/product"}],"replies":[{"embeddable":true,"href":"https:\/\/mueller-wrh.de\/es\/wp-json\/wp\/v2\/comments?post=3883"}],"wp:featuredmedia":[{"embeddable":true,"href":"https:\/\/mueller-wrh.de\/es\/wp-json\/wp\/v2\/media\/3882"}],"wp:attachment":[{"href":"https:\/\/mueller-wrh.de\/es\/wp-json\/wp\/v2\/media?parent=3883"}],"wp:term":[{"taxonomy":"product_brand","embeddable":true,"href":"https:\/\/mueller-wrh.de\/es\/wp-json\/wp\/v2\/product_brand?post=3883"},{"taxonomy":"product_cat","embeddable":true,"href":"https:\/\/mueller-wrh.de\/es\/wp-json\/wp\/v2\/product_cat?post=3883"},{"taxonomy":"product_tag","embeddable":true,"href":"https:\/\/mueller-wrh.de\/es\/wp-json\/wp\/v2\/product_tag?post=3883"}],"curies":[{"name":"wp","href":"https:\/\/api.w.org\/{rel}","templated":true}]}}