{"id":3572,"date":"2025-07-01T15:31:11","date_gmt":"2025-07-01T15:31:11","guid":{"rendered":"https:\/\/mueller-wrh.de\/produkt\/fmb-lademagazin-_schaltschrank-mit-inhalt_intnr231331\/"},"modified":"2025-07-01T15:31:11","modified_gmt":"2025-07-01T15:31:11","slug":"fmb-lademagazin-_schaltschrank-mit-inhalt_intnr231331","status":"publish","type":"product","link":"https:\/\/mueller-wrh.de\/es\/producto\/fmb-lademagazin-_schaltschrank-mit-inhalt_intnr231331\/","title":{"rendered":"Almac\u00e9n de carga FMB _armario de control con contenido_IntNo231331"},"content":{"rendered":"<p><b>Ubicaci\u00f3n:<\/b> Alemania, Baden-W\u00fcrttemberg Suroeste<\/p>\n<p><b>Estado:<\/b> Usado<\/p>\n<p><b>Fabricante:<\/b> FMB<\/p>\n<p><b>A\u00f1o de construcci\u00f3n:<\/b> 2001<\/p>\n<p>Almac\u00e9n de carga FMB - armario de distribuci\u00f3n con contenido<br \/>\nEstado: Usado | Venta de componentes individuales tambi\u00e9n posible<\/p>\n<p>Se vende un armario de control de almac\u00e9n de carga FMB usado con tecnolog\u00eda totalmente instalada, como se muestra en las im\u00e1genes.<br \/>\n? Volumen de suministro (visible en las im\u00e1genes):<br \/>\nArmario de distribuci\u00f3n con cableado completo y sistema de control<br \/>\nComponentes de control (por ejemplo, Siemens S5\/S7, rel\u00e9s, terminales, fuentes de alimentaci\u00f3n, convertidores de frecuencia en caso necesario).<br \/>\nTambi\u00e9n es posible la venta de componentes individuales (por ejemplo, PLC, panel, fuente de alimentaci\u00f3n, rel\u00e9, etc.)<br \/>\nFabricante: FMB Maschinenbaugesellschaft mbH<br \/>\nTipo: Cargador \/ cargador de barra<br \/>\nAlimentaci\u00f3n: Est\u00e1ndar 230\/400 V (dependiendo de la unidad de control)<br \/>\nEstado: usado, sin probar, como en la foto<br \/>\nDocumentaci\u00f3n: Documentos disponibles<br \/>\n\u00a1Cambios y errores en los datos t\u00e9cnicos y la informaci\u00f3n, as\u00ed como la venta previa reservados!<\/p>\n<p>Almac\u00e9n de carga FMB - armario de distribuci\u00f3n con contenido<br \/>\nEstado: Usado | Venta de componentes individuales tambi\u00e9n posible<\/p>\n<p>Para la venta es un gabinete de control de cargador de carga FMB usado incluyendo tecnolog\u00eda totalmente instalada, como se muestra en las fotos.<br \/>\n? Volumen de suministro (visible en las im\u00e1genes):<br \/>\nArmario de control incl. cableado completo y control<br \/>\nComponentes de control (por ejemplo, Siemens S5\/S7, rel\u00e9s, terminales, fuentes de alimentaci\u00f3n, variador de frecuencia, si procede).<br \/>\nTambi\u00e9n se pueden vender componentes individuales (por ejemplo, PLC, panel, fuente de alimentaci\u00f3n, rel\u00e9, etc.) )<br \/>\nFabricante: FMB Maschinenbaugesellschaft mbH<br \/>\nTipo: Cargador \/ cargador de barra<br \/>\nAlimentaci\u00f3n el\u00e9ctrica: Est\u00e1ndar 230\/400 V (dependiendo del sistema de control)<br \/>\nEstado: Usado, sin probar, como se muestra<br \/>\nDocumentaci\u00f3n: Documentos disponibles<br \/>\n\u00a1Sujeto a cambios y errores en los datos t\u00e9cnicos y las especificaciones, as\u00ed como a la venta previa!<\/p>","protected":false},"excerpt":{"rendered":"<p>Standort: Deutschland, Baden-W\u00fcrttemberg S\u00fcdwest Zustand: Gebraucht Hersteller: FMB Baujahr: 2001 FMB Lademagazin \u2013 Schaltschrank mit Inhalt Zustand: Gebraucht | Verkauf auch einzelner Komponenten m\u00f6glich Zum Verkauf steht ein gebrauchter FMB Lademagazin Schaltschrank samt vollst\u00e4ndig verbauter Technik, wie auf den Bildern ersichtlich. ? Lieferumfang (wie auf Bildern sichtbar): Schaltschrank inkl. kompletter Verkabelung &amp; Steuerung Steuerungskomponenten (z.\u202fB. [&hellip;]<\/p>\n","protected":false},"featured_media":3567,"comment_status":"open","ping_status":"closed","template":"","meta":{"_uf_show_specific_survey":0,"_uf_disable_surveys":false},"product_brand":[],"product_cat":[105],"product_tag":[],"class_list":{"0":"post-3572","1":"product","2":"type-product","3":"status-publish","4":"has-post-thumbnail","6":"product_cat-zubehoer-sonstiges","8":"first","9":"instock","10":"taxable","11":"shipping-taxable","12":"product-type-simple"},"aioseo_notices":[],"_links":{"self":[{"href":"https:\/\/mueller-wrh.de\/es\/wp-json\/wp\/v2\/product\/3572","targetHints":{"allow":["GET"]}}],"collection":[{"href":"https:\/\/mueller-wrh.de\/es\/wp-json\/wp\/v2\/product"}],"about":[{"href":"https:\/\/mueller-wrh.de\/es\/wp-json\/wp\/v2\/types\/product"}],"replies":[{"embeddable":true,"href":"https:\/\/mueller-wrh.de\/es\/wp-json\/wp\/v2\/comments?post=3572"}],"wp:featuredmedia":[{"embeddable":true,"href":"https:\/\/mueller-wrh.de\/es\/wp-json\/wp\/v2\/media\/3567"}],"wp:attachment":[{"href":"https:\/\/mueller-wrh.de\/es\/wp-json\/wp\/v2\/media?parent=3572"}],"wp:term":[{"taxonomy":"product_brand","embeddable":true,"href":"https:\/\/mueller-wrh.de\/es\/wp-json\/wp\/v2\/product_brand?post=3572"},{"taxonomy":"product_cat","embeddable":true,"href":"https:\/\/mueller-wrh.de\/es\/wp-json\/wp\/v2\/product_cat?post=3572"},{"taxonomy":"product_tag","embeddable":true,"href":"https:\/\/mueller-wrh.de\/es\/wp-json\/wp\/v2\/product_tag?post=3572"}],"curies":[{"name":"wp","href":"https:\/\/api.w.org\/{rel}","templated":true}]}}