{"id":3560,"date":"2025-07-01T14:48:52","date_gmt":"2025-07-01T14:48:52","guid":{"rendered":"https:\/\/mueller-wrh.de\/produkt\/siemens-motor_1fk6083-6af71-1eh2-intnr231329\/"},"modified":"2025-07-01T14:48:52","modified_gmt":"2025-07-01T14:48:52","slug":"siemens-motor_1fk6083-6af71-1eh2-intnr231329","status":"publish","type":"product","link":"https:\/\/mueller-wrh.de\/es\/producto\/siemens-motor_1fk6083-6af71-1eh2-intnr231329\/","title":{"rendered":"Siemens Motor_1FK6083-6AF71-1EH2 IntNo231329"},"content":{"rendered":"<p><b>Ubicaci\u00f3n:<\/b> Alemania, Baden-W\u00fcrttemberg Suroeste<\/p>\n<p><b>Estado:<\/b> Usado<\/p>\n<p><b>Fabricante:<\/b> Siemens<\/p>\n<p><b>Modelo:<\/b> Motor SV<\/p>\n<p><b>A\u00f1o de construcci\u00f3n:<\/b> 2004<\/p>\n<p><b>Horario de apertura:<\/b> 0<\/p>\n<p>Datos t\u00e9cnicos<br \/>\nTipo: Servomotor s\u00edncrono, serie 1FK6, 6 polos<br \/>\nPar nominal: 16 Nm<br \/>\nVelocidad nominal: 3000 rpm (a 100 Hz)<br \/>\nRefrigeraci\u00f3n: Autoenfriada, dise\u00f1o IM B5 (V1, V3)<br \/>\nConexi\u00f3n: enchufe de alimentaci\u00f3n y se\u00f1al, giratorio 270<br \/>\nEncoder: Encoder absoluto EnDat 2048 S\/R (Encoder A-2048)<br \/>\nEje: eje liso, clase de tolerancia N, con freno de retenci\u00f3n<br \/>\nGrado de protecci\u00f3n: IP65, brida DE adicional IP67<br \/>\nPeso: aprox. 18,4 kg<br \/>\nN\u00famero de arancel aduanero: 85015220<br \/>\nConexi\u00f3n est\u00e1ndar a trav\u00e9s de sistemas Siemens Sinamics \/ Simodrive comunes.<br \/>\nOrigen: Alemania<br \/>\nNorma: Conforme a la Directiva sobre m\u00e1quinas 2006\/42\/CE<br \/>\nEl motor puede inspeccionarse con cita previa.<br \/>\n\u00a1Cambios y errores en los datos t\u00e9cnicos y la informaci\u00f3n, as\u00ed como la venta previa reservados!<\/p>\n<p>Datos t\u00e9cnicos<br \/>\nTipo: Servomotor s\u00edncrono, serie 1FK6, 6 polos<br \/>\nPar nominal: 16 Nm<br \/>\nVelocidad nominal: 3000 rpm (a 100 Hz)<br \/>\nRefrigeraci\u00f3n: Autoenfriada, dise\u00f1o IM B5 (V1, V3)<br \/>\nConexi\u00f3n: conector de alimentaci\u00f3n y se\u00f1al, giratorio 270<br \/>\nEncoder: encoder absoluto EnDat 2048 S\/R (encoder A-2048)<br \/>\nEje: eje liso, clase de tolerancia N, con freno de retenci\u00f3n<br \/>\nGrado de protecci\u00f3n: IP65, brida DE adicional IP67<br \/>\nPeso: aprox. 18,4 kg<br \/>\nN\u00famero de arancel aduanero: 85015220<br \/>\nConexi\u00f3n est\u00e1ndar seg\u00fan los sistemas Siemens Sinamics \/ Simodrive habituales.<br \/>\nOrigen: Alemania<br \/>\nNorma: cumple la Directiva sobre m\u00e1quinas 2006\/42\/CE<br \/>\nEl motor puede inspeccionarse con cita previa.<br \/>\n\u00a1Cambios y errores en los datos t\u00e9cnicos y la informaci\u00f3n, as\u00ed como la venta previa reservados!<\/p>","protected":false},"excerpt":{"rendered":"<p>Standort: Deutschland, Baden-W\u00fcrttemberg S\u00fcdwest Zustand: Gebraucht Hersteller: Siemens Modell: SV-Motor Baujahr: 2004 Betriebsstunden: 0 Technische Daten Typ: Synchronsservomotor, Baureihe 1FK6, 6\u2011polig Nenndrehmoment: 16\u202fNm Nenndrehzahl: 3000\u202fU\/min (bei 100\u202fHz) K\u00fchlung: Selbstgek\u00fchlt, Bauform IM\u202fB5 (V1, V3) Anschluss: Leistungs\u2011 und Signalstecker, um 270\u00b0 drehbar Encoder: Absolutwertgeber EnDat\u202f2048\u202fS\/R (Encoder A\u20112048) Welle: Glatte Welle, Toleranzklasse N, mit Haltebremse Schutzart: IP65, zus\u00e4tzlich [&hellip;]<\/p>\n","protected":false},"featured_media":3557,"comment_status":"open","ping_status":"closed","template":"","meta":{"_uf_show_specific_survey":0,"_uf_disable_surveys":false},"product_brand":[],"product_cat":[87],"product_tag":[],"class_list":{"0":"post-3560","1":"product","2":"type-product","3":"status-publish","4":"has-post-thumbnail","6":"product_cat-servomotoren","8":"first","9":"instock","10":"taxable","11":"shipping-taxable","12":"product-type-simple"},"aioseo_notices":[],"_links":{"self":[{"href":"https:\/\/mueller-wrh.de\/es\/wp-json\/wp\/v2\/product\/3560","targetHints":{"allow":["GET"]}}],"collection":[{"href":"https:\/\/mueller-wrh.de\/es\/wp-json\/wp\/v2\/product"}],"about":[{"href":"https:\/\/mueller-wrh.de\/es\/wp-json\/wp\/v2\/types\/product"}],"replies":[{"embeddable":true,"href":"https:\/\/mueller-wrh.de\/es\/wp-json\/wp\/v2\/comments?post=3560"}],"wp:featuredmedia":[{"embeddable":true,"href":"https:\/\/mueller-wrh.de\/es\/wp-json\/wp\/v2\/media\/3557"}],"wp:attachment":[{"href":"https:\/\/mueller-wrh.de\/es\/wp-json\/wp\/v2\/media?parent=3560"}],"wp:term":[{"taxonomy":"product_brand","embeddable":true,"href":"https:\/\/mueller-wrh.de\/es\/wp-json\/wp\/v2\/product_brand?post=3560"},{"taxonomy":"product_cat","embeddable":true,"href":"https:\/\/mueller-wrh.de\/es\/wp-json\/wp\/v2\/product_cat?post=3560"},{"taxonomy":"product_tag","embeddable":true,"href":"https:\/\/mueller-wrh.de\/es\/wp-json\/wp\/v2\/product_tag?post=3560"}],"curies":[{"name":"wp","href":"https:\/\/api.w.org\/{rel}","templated":true}]}}