{"id":3556,"date":"2025-07-01T14:38:07","date_gmt":"2025-07-01T14:38:07","guid":{"rendered":"https:\/\/mueller-wrh.de\/produkt\/siemens-motor_1fk6063-6af71-1eh2-intnr231328\/"},"modified":"2025-07-01T14:38:07","modified_gmt":"2025-07-01T14:38:07","slug":"siemens-motor_1fk6063-6af71-1eh2-intnr231328","status":"publish","type":"product","link":"https:\/\/mueller-wrh.de\/es\/producto\/siemens-motor_1fk6063-6af71-1eh2-intnr231328\/","title":{"rendered":"Siemens Motor_1FK6063-6AF71-1EH2 IntNo231328"},"content":{"rendered":"<p><b>Ubicaci\u00f3n:<\/b> Alemania, Baden-W\u00fcrttemberg Suroeste<\/p>\n<p><b>Estado:<\/b> Usado<\/p>\n<p><b>Fabricante:<\/b> Siemens<\/p>\n<p><b>Modelo:<\/b> Motor SV<\/p>\n<p><b>A\u00f1o de construcci\u00f3n:<\/b> 2004<\/p>\n<p><b>Horario de apertura:<\/b> 0<\/p>\n<p>Siemens SV_Motor_A06B-0866-B380 Motor de CA para husillo<br \/>\nDatos t\u00e9cnicos<br \/>\nTipo: Servomotor s\u00edncrono, modelo 1FK6, 6 polos<br \/>\nPar nominal: 11 Nm<br \/>\nVelocidad nominal: 3000 rpm (100 Hz)<br \/>\nRefrigeraci\u00f3n: Refrigeraci\u00f3n natural, dise\u00f1o IM B5 (V1, V3)<br \/>\nConexi\u00f3n: enchufe de alimentaci\u00f3n\/se\u00f1al, giratorio 270\u00b0.<br \/>\nEncoder: Encoder absoluto EnDat 2048 S\/R (Encoder A-2048)<br \/>\nEje: liso, clase de tolerancia N, con freno de retenci\u00f3n integrado<br \/>\nGrado de protecci\u00f3n: IP65, adicionalmente IP67 en la brida del eje (DE)<br \/>\nPeso: aprox. 14,6 kg<br \/>\nDise\u00f1o\/brida: brida DE compatible con IP67<br \/>\nOrigen: Alemania<br \/>\nNorma: Conforme a la Directiva sobre m\u00e1quinas 2006\/42\/CE<br \/>\nEl motor puede inspeccionarse con cita previa.<br \/>\n\u00a1Cambios y errores en los datos t\u00e9cnicos y la informaci\u00f3n, as\u00ed como la venta previa reservados!<\/p>\n<p>Datos t\u00e9cnicos<br \/>\nTipo: Servomotor s\u00edncrono, modelo 1FK6, 6 polos<br \/>\nPar nominal: 11 Nm<br \/>\nVelocidad nominal: 3000 rpm (100 Hz)<br \/>\nRefrigeraci\u00f3n: refrigeraci\u00f3n natural, dise\u00f1o IM B5 (V1, V3)<br \/>\nConexi\u00f3n: conector de alimentaci\u00f3n\/se\u00f1al, giratorio 270<br \/>\nEncoder: encoder absoluto EnDat 2048 S\/R (encoder A-2048)<br \/>\nEje: liso, clase de tolerancia N, con freno de retenci\u00f3n integrado<br \/>\nGrado de protecci\u00f3n: IP65, en la brida del eje (DE) adicionalmente IP67<br \/>\nPeso: aprox. 14,6 kg<br \/>\nDise\u00f1o\/brida: brida DE compatible con IP67<br \/>\nOrigen: Alemania<br \/>\nNorma: cumple la Directiva sobre m\u00e1quinas 2006\/42\/CE<\/p>\n<p>El motor puede inspeccionarse con cita previa.<br \/>\n\u00a1Sujeto a cambios y errores en los datos t\u00e9cnicos y la informaci\u00f3n, as\u00ed como la venta previa!<\/p>\n<p>Traducido con DeepL.com (versi\u00f3n gratuita)<\/p>","protected":false},"excerpt":{"rendered":"<p>Standort: Deutschland, Baden-W\u00fcrttemberg S\u00fcdwest Zustand: Gebraucht Hersteller: Siemens Modell: SV-Motor Baujahr: 2004 Betriebsstunden: 0 Siemens SV_Motor_A06B-0866-B380 AC Spindel Motor Technische Daten Typ: Synchronsservomotor, Modell 1FK6, 6\u2011polig Nenndrehmoment: 11\u202fNm Nenndrehzahl: 3000\u202fU\/min (100\u202fHz) K\u00fchlung: Nat\u00fcrlich gek\u00fchlt, Bauform IM\u202fB5 (V1, V3) Anschluss: Leistungs-\/Signalstecker, drehbar um 270\u00b0 Encoder: Absolutwertgeber EnDat 2048 S\/R (Encoder A\u20112048) Welle: Glatt, Toleranzklasse N, mit [&hellip;]<\/p>\n","protected":false},"featured_media":3555,"comment_status":"open","ping_status":"closed","template":"","meta":{"_uf_show_specific_survey":0,"_uf_disable_surveys":false},"product_brand":[],"product_cat":[87],"product_tag":[],"class_list":{"0":"post-3556","1":"product","2":"type-product","3":"status-publish","4":"has-post-thumbnail","6":"product_cat-servomotoren","8":"first","9":"instock","10":"taxable","11":"shipping-taxable","12":"product-type-simple"},"aioseo_notices":[],"_links":{"self":[{"href":"https:\/\/mueller-wrh.de\/es\/wp-json\/wp\/v2\/product\/3556","targetHints":{"allow":["GET"]}}],"collection":[{"href":"https:\/\/mueller-wrh.de\/es\/wp-json\/wp\/v2\/product"}],"about":[{"href":"https:\/\/mueller-wrh.de\/es\/wp-json\/wp\/v2\/types\/product"}],"replies":[{"embeddable":true,"href":"https:\/\/mueller-wrh.de\/es\/wp-json\/wp\/v2\/comments?post=3556"}],"wp:featuredmedia":[{"embeddable":true,"href":"https:\/\/mueller-wrh.de\/es\/wp-json\/wp\/v2\/media\/3555"}],"wp:attachment":[{"href":"https:\/\/mueller-wrh.de\/es\/wp-json\/wp\/v2\/media?parent=3556"}],"wp:term":[{"taxonomy":"product_brand","embeddable":true,"href":"https:\/\/mueller-wrh.de\/es\/wp-json\/wp\/v2\/product_brand?post=3556"},{"taxonomy":"product_cat","embeddable":true,"href":"https:\/\/mueller-wrh.de\/es\/wp-json\/wp\/v2\/product_cat?post=3556"},{"taxonomy":"product_tag","embeddable":true,"href":"https:\/\/mueller-wrh.de\/es\/wp-json\/wp\/v2\/product_tag?post=3556"}],"curies":[{"name":"wp","href":"https:\/\/api.w.org\/{rel}","templated":true}]}}