{"id":3468,"date":"2025-05-13T12:39:02","date_gmt":"2025-05-13T12:39:02","guid":{"rendered":"https:\/\/mueller-wrh.de\/produkt\/smw-hfkn-d-165-45-a5-dreibacken-keilstangenfutter-three-jaw-wedge-bar-chuck-intnr231292\/"},"modified":"2025-05-13T12:39:02","modified_gmt":"2025-05-13T12:39:02","slug":"smw-hfkn-d-165-45-a5-dreibacken-keilstangenfutter-three-jaw-wedge-bar-chuck-intnr231292","status":"publish","type":"product","link":"https:\/\/mueller-wrh.de\/es\/producto\/smw-hfkn-d-165-45-a5-dreibacken-keilstangenfutter-three-jaw-wedge-bar-chuck-intnr231292\/","title":{"rendered":"SMW HFKN-D 165\/45\/A5 Plato de tres garras con barra de cu\u00f1a IntNr231292"},"content":{"rendered":"<p><b>Ubicaci\u00f3n:<\/b> Alemania, Baden-W\u00fcrttemberg Suroeste<\/p>\n<p><b>Estado:<\/b> Como nuevo<\/p>\n<p><b>Modelo:<\/b> SMW<\/p>\n<p>Descripci\u00f3n t\u00e9cnica - SMW-Autoblok HFKN-D 165-45 A5<br \/>\nDesignaci\u00f3n: Plato de tres garras para barra de cu\u00f1a<br \/>\nFabricante: SMW-Autoblok<br \/>\nModelo: HFKN-D 165-45 A5<br \/>\nDise\u00f1o: Mandril motorizado de alto rendimiento con accionamiento de barra de cu\u00f1a<\/p>\n<p>?\ufe0f Datos t\u00e9cnicos (t\u00edpicos de este modelo):<br \/>\n\u00d8 mandril: 165 mm<\/p>\n<p>Agujero pasante central (taladro): aprox. 45 mm<\/p>\n<p>Toma: A5 (DIN 55026)<\/p>\n<p>Accionamiento: Hidr\u00e1ulico (mecanismo de barra de cu\u00f1a)<\/p>\n<p>N\u00famero de mordazas: 3 (sujeci\u00f3n centrada)<\/p>\n<p>M\u00e1x. Fuerza de sujeci\u00f3n: dependiendo de la presi\u00f3n hidr\u00e1ulica aprox. 45-60 kN<\/p>\n<p>Velocidad m\u00e1x. Velocidad: aprox. 5000 rpm<\/p>\n<p>Precisi\u00f3n de repetici\u00f3n: t\u00edp. \u2264 0,01 mm<\/p>\n<p>Tipo de mand\u00edbula: Mand\u00edbulas blandas est\u00e1ndar o mand\u00edbulas duras, posibles en funci\u00f3n del equipamiento<\/p>\n<p>\u00a1Cambios y errores en los datos t\u00e9cnicos y la informaci\u00f3n, as\u00ed como la venta previa reservados!<\/p>\n<p>Descripci\u00f3n T\u00e9cnica Usado - SMW-Autoblok HFKN-D 165-45 A5<br \/>\nDesignaci\u00f3n: Mandril motorizado de tres garras con barra de cu\u00f1a<br \/>\nFabricante: SMW-Autoblok<br \/>\nModelo: HFKN-D 165-45 A5<br \/>\nDise\u00f1o: mandril motorizado de alto rendimiento con accionamiento de barra de cu\u00f1a<\/p>\n<p>?\ufe0f Datos t\u00e9cnicos (t\u00edpicos de este modelo):<br \/>\nDi\u00e1metro del mandril: 165 mm<\/p>\n<p>Agujero pasante central (taladro): aprox. 45 mm<\/p>\n<p>Interfaz de montaje: A5 (DIN 55026)<\/p>\n<p>Accionamiento: hidr\u00e1ulico (mecanismo de barra de cu\u00f1a)<\/p>\n<p>N\u00famero de mordazas: 3 (autocentrantes)<\/p>\n<p>Fuerza de sujeci\u00f3n m\u00e1x.: aprox. 45-60 kN (dependiendo de la presi\u00f3n hidr\u00e1ulica)<\/p>\n<p>Velocidad m\u00e1xima: aprox. 5000 rpm<\/p>\n<p>Repetibilidad: t\u00edpicamente \u2264 0,01 mm.<\/p>\n<p>Tipo de mand\u00edbula: Mand\u00edbulas blandas est\u00e1ndar o mand\u00edbulas duras, seg\u00fan la configuraci\u00f3n<\/p>\n<p>Sujeto a cambios t\u00e9cnicos, errores y venta previa.<\/p>","protected":false},"excerpt":{"rendered":"<p>Standort: Deutschland, Baden-W\u00fcrttemberg S\u00fcdwest Zustand: Neuwertig Modell: SMW gebr. Technische Beschreibung \u2013 SMW-Autoblok HFKN-D 165-45 A5 Bezeichnung: Dreibacken-Keilstangenfutter Hersteller: SMW-Autoblok Modell: HFKN-D 165-45 A5 Ausf\u00fchrung: Hochleistungs-Kraftspannfutter mit Keilstangenantrieb ?\ufe0f Technische Daten (typisch f\u00fcr dieses Modell): Spannfutter-\u00d8: 165\u202fmm Zentrales Durchgangsbohrung (Bohrung): ca. 45\u202fmm Aufnahme: A5 (DIN 55026) Bet\u00e4tigung: Hydraulisch (Keilstangenmechanismus) Backenzahl: 3 (zentrisch spannend) Max. Spannkraft: [&hellip;]<\/p>\n","protected":false},"featured_media":3467,"comment_status":"open","ping_status":"closed","template":"","meta":{"_uf_show_specific_survey":0,"_uf_disable_surveys":false},"product_brand":[],"product_cat":[102],"product_tag":[],"class_list":{"0":"post-3468","1":"product","2":"type-product","3":"status-publish","4":"has-post-thumbnail","6":"product_cat-spannzangen","8":"first","9":"instock","10":"taxable","11":"shipping-taxable","12":"product-type-simple"},"aioseo_notices":[],"_links":{"self":[{"href":"https:\/\/mueller-wrh.de\/es\/wp-json\/wp\/v2\/product\/3468","targetHints":{"allow":["GET"]}}],"collection":[{"href":"https:\/\/mueller-wrh.de\/es\/wp-json\/wp\/v2\/product"}],"about":[{"href":"https:\/\/mueller-wrh.de\/es\/wp-json\/wp\/v2\/types\/product"}],"replies":[{"embeddable":true,"href":"https:\/\/mueller-wrh.de\/es\/wp-json\/wp\/v2\/comments?post=3468"}],"wp:featuredmedia":[{"embeddable":true,"href":"https:\/\/mueller-wrh.de\/es\/wp-json\/wp\/v2\/media\/3467"}],"wp:attachment":[{"href":"https:\/\/mueller-wrh.de\/es\/wp-json\/wp\/v2\/media?parent=3468"}],"wp:term":[{"taxonomy":"product_brand","embeddable":true,"href":"https:\/\/mueller-wrh.de\/es\/wp-json\/wp\/v2\/product_brand?post=3468"},{"taxonomy":"product_cat","embeddable":true,"href":"https:\/\/mueller-wrh.de\/es\/wp-json\/wp\/v2\/product_cat?post=3468"},{"taxonomy":"product_tag","embeddable":true,"href":"https:\/\/mueller-wrh.de\/es\/wp-json\/wp\/v2\/product_tag?post=3468"}],"curies":[{"name":"wp","href":"https:\/\/api.w.org\/{rel}","templated":true}]}}