{"id":3454,"date":"2025-05-13T12:03:34","date_gmt":"2025-05-13T12:03:34","guid":{"rendered":"https:\/\/mueller-wrh.de\/produkt\/gebr-biglia-wkz-halter-praezisionsbohrstangenhalter-o-32-used-toolholder-oesterle-art-350-5521-d32-bi09_intnr231288\/"},"modified":"2025-05-13T12:03:34","modified_gmt":"2025-05-13T12:03:34","slug":"gebr-biglia-wkz-halter-praezisionsbohrstangenhalter-o-32-used-toolholder-oesterle-art-350-5521-d32-bi09_intnr231288","status":"publish","type":"product","link":"https:\/\/mueller-wrh.de\/es\/producto\/gebr-biglia-wkz-halter-praezisionsbohrstangenhalter-o-32-used-toolholder-oesterle-art-350-5521-d32-bi09_intnr231288\/","title":{"rendered":"Portaherramientas Biglia WKZ portabarras de precisi\u00f3n \u00d8 32 \/ portaherramientas usado Oesterle Art. 350 5521 D32 BI09_IntNr231288"},"content":{"rendered":"<p><b>Ubicaci\u00f3n:<\/b> Alemania, Baden-W\u00fcrttemberg Suroeste<\/p>\n<p><b>Estado:<\/b> Usado<\/p>\n<p><b>Fabricante:<\/b> Oesterle<\/p>\n<p><b>A\u00f1o de construcci\u00f3n:<\/b> 2015<\/p>\n<p>portaherramientas de marca \/ portabarras de mandrinar de alta precisi\u00f3n<br \/>\nFabricante: Oesterle + Partner GbR \/ Alemania<br \/>\nM\u00e1quinas compatibles<br \/>\nPortaherramientas<br \/>\nBMT 55<br \/>\nIKZ y AKZ<br \/>\nB 301 Y\/B301 YS<br \/>\nB 446 T2\/B 446 T3<br \/>\nB 545 M \/ S \/ SM \/ Y \/ YS<br \/>\nB 565 M \/ S \/ SM \/ Y \/ YS<br \/>\nB 620 - M \/ SM \/ Y \/ YS<br \/>\nB 650 - 658 M \/ SM \/ Y \/ YS<br \/>\nB750 M \/B750 SM \/B750 Y \/B750 YS - 12 velocidades<br \/>\nB750 M \/B750 SM \/B750 Y \/B750 YS - 16 pliegues<br \/>\nB1250M \/B1250SM \/B1250Y \/B1250YS-12 pliegues<br \/>\nB1250M \/B1250SM \/B1250Y \/B120YS - 16 pliegues<\/p>\n<p>Soporte para barra de mandrinar de alta precisi\u00f3n<br \/>\n\u220532mm, aumentado a 100mm<br \/>\ncon IKZ <\/p>\n<p>\u00a1Cambios y errores en los datos t\u00e9cnicos y la informaci\u00f3n, as\u00ed como la venta previa reservados!<\/p>\n<p>Portaherramientas usados \/ Portabarras de mandrinar de alta precisi\u00f3n<br \/>\nFabricante: Oesterle + Partner GbR \/ Alemania<\/p>\n<p>M\u00e1quinas compatibles:<br \/>\nInterfaz de la herramienta: BMT 55<br \/>\nSuministro de refrigerante: Interna (IKZ) y externa (AKZ)<\/p>\n<p>B 301 Y \/ B 301 YS<\/p>\n<p>B 446 T2 \/ B 446 T3<\/p>\n<p>B 545 M \/ S \/ SM \/ Y \/ YS<\/p>\n<p>B 565 M \/ S \/ SM \/ Y \/ YS<\/p>\n<p>B 620 - M \/ SM \/ Y \/ YS<\/p>\n<p>B 650 - 658 M \/ SM \/ Y \/ YS<\/p>\n<p>B 750 M \/ B 750 SM \/ B 750 Y \/ B 750 YS - 12 posiciones<\/p>\n<p>B 750 M \/ B 750 SM \/ B 750 Y \/ B 750 YS - 16 posiciones<\/p>\n<p>B 1250 M \/ B 1250 SM \/ B 1250 Y \/ B 1250 YS - 12 posiciones<\/p>\n<p>B 1250 M \/ B 1250 SM \/ B 1250 Y \/ B 1250 YS - 16 posiciones<\/p>\n<p>Portabarras de mandrinar de alta precisi\u00f3n:<br \/>\n\u00d832 mm, prolongado 100 mm,<br \/>\ncon suministro interno de refrigerante (IKZ)<\/p>\n<p>Datos t\u00e9cnicos y especificaciones sujetos a cambios y errores. Sujeto a venta previa.<\/p>","protected":false},"excerpt":{"rendered":"<p>Standort: Deutschland, Baden-W\u00fcrttemberg S\u00fcdwest Zustand: Gebraucht Hersteller: Oesterle Baujahr: 2015 gebr. Werkzeughalter \/ Hochpr\u00e4zisions-Bohrstangenhalter Hersteller: Oesterle + Partner GbR \/ Deutschland Kompatible Maschinen Werkzeugaufnahme BMT 55 IKZ und AKZ B 301 Y\/B301 YS B 446 T2\/B 446 T3 B 545 M \/ S \/ SM \/ Y \/ YS B 565 M \/ S \/ [&hellip;]<\/p>\n","protected":false},"featured_media":3451,"comment_status":"open","ping_status":"closed","template":"","meta":{"_uf_show_specific_survey":0,"_uf_disable_surveys":false},"product_brand":[],"product_cat":[20],"product_tag":[],"class_list":{"0":"post-3454","1":"product","2":"type-product","3":"status-publish","4":"has-post-thumbnail","6":"product_cat-werkzeughalter","8":"first","9":"instock","10":"taxable","11":"shipping-taxable","12":"product-type-simple"},"aioseo_notices":[],"_links":{"self":[{"href":"https:\/\/mueller-wrh.de\/es\/wp-json\/wp\/v2\/product\/3454","targetHints":{"allow":["GET"]}}],"collection":[{"href":"https:\/\/mueller-wrh.de\/es\/wp-json\/wp\/v2\/product"}],"about":[{"href":"https:\/\/mueller-wrh.de\/es\/wp-json\/wp\/v2\/types\/product"}],"replies":[{"embeddable":true,"href":"https:\/\/mueller-wrh.de\/es\/wp-json\/wp\/v2\/comments?post=3454"}],"wp:featuredmedia":[{"embeddable":true,"href":"https:\/\/mueller-wrh.de\/es\/wp-json\/wp\/v2\/media\/3451"}],"wp:attachment":[{"href":"https:\/\/mueller-wrh.de\/es\/wp-json\/wp\/v2\/media?parent=3454"}],"wp:term":[{"taxonomy":"product_brand","embeddable":true,"href":"https:\/\/mueller-wrh.de\/es\/wp-json\/wp\/v2\/product_brand?post=3454"},{"taxonomy":"product_cat","embeddable":true,"href":"https:\/\/mueller-wrh.de\/es\/wp-json\/wp\/v2\/product_cat?post=3454"},{"taxonomy":"product_tag","embeddable":true,"href":"https:\/\/mueller-wrh.de\/es\/wp-json\/wp\/v2\/product_tag?post=3454"}],"curies":[{"name":"wp","href":"https:\/\/api.w.org\/{rel}","templated":true}]}}