{"id":3436,"date":"2025-05-09T15:11:27","date_gmt":"2025-05-09T15:11:27","guid":{"rendered":"https:\/\/mueller-wrh.de\/produkt\/gebr-biglia-wkz-halter-angetr-used-toolholder-driven-oesterle-art-310-5526-e25-bi09-mit-ikz_intnr2312783\/"},"modified":"2025-05-09T15:11:27","modified_gmt":"2025-05-09T15:11:27","slug":"gebr-biglia-wkz-halter-angetr-used-toolholder-driven-oesterle-art-310-5526-e25-bi09-mit-ikz_intnr2312783","status":"publish","type":"product","link":"https:\/\/mueller-wrh.de\/es\/producto\/gebr-biglia-wkz-halter-angetr-used-toolholder-driven-oesterle-art-310-5526-e25-bi09-mit-ikz_intnr2312783\/","title":{"rendered":"Biglia portaherramientas usado accionado Oesterle Art. 310 5526 E25 BI09 con IKZ_IntNr2312783"},"content":{"rendered":"<p><b>Ubicaci\u00f3n:<\/b> Alemania, Baden-W\u00fcrttemberg Suroeste<\/p>\n<p><b>Estado:<\/b> Usado<\/p>\n<p><b>Fabricante:<\/b> Oesterle<\/p>\n<p><b>Modelo:<\/b> 0077 con IKZ<\/p>\n<p><b>A\u00f1o de construcci\u00f3n:<\/b> 2015<\/p>\n<p>Portaherramientas accionados con IKZ<br \/>\nFabricante: Oesterle + Partner GbR \/ Alemania<br \/>\nM\u00e1quinas compatibles<br \/>\nPortaherramientas<br \/>\nCabezal de taladrado y fresado<br \/>\nBiglia 90 grados - BMT55<br \/>\nB 301 Y\/B301 YS<br \/>\nB 446 T2\/B 446 T3<br \/>\nB 545 M \/ S \/ SM \/ Y \/ YS<br \/>\nB 565 M \/ S \/ SM \/ Y \/ YS<br \/>\nB 620 - M \/ SM \/ Y \/ YS<br \/>\nB 650 - 658 M \/ SM \/ Y \/ YS<br \/>\nB750 M \/B750 SM \/B750 Y \/B750 YS - 12 velocidades<br \/>\nB750 M \/B750 SM \/B750 Y \/B750 YS - 16 pliegues<br \/>\nB1250M \/B1250SM \/B1250Y \/B1250YS-12 pliegues<br \/>\nB1250M \/B1250SM \/B1250Y \/B120YS - 16 pliegues<br \/>\nBIGLIA - BMT55\u00d7<\/p>\n<p>Con IKZ y ajuste r\u00e1pido del tubo de refrigeraci\u00f3n (pat.)<br \/>\n(rodamiento de rodillos c\u00f3nicos)<br \/>\nPortaherramientas<br \/>\n DIN 6499 ER 32<br \/>\n( d ) Margen de apriete<br \/>\n1,0 - 20 mm<br \/>\nIKZ + refrigeraci\u00f3n externa<br \/>\nbar 85<\/p>\n<p>Portaherramientas accionado usado con refrigerante interno (IKZ)<br \/>\nFabricante: Oesterle + Partner GbR \/ Alemania<\/p>\n<p>M\u00e1quinas compatibles:<br \/>\nBiglia - BMT55<br \/>\nB 301 Y\/B301 YS<br \/>\nB 446 T2\/B 446 T3<br \/>\nB 545 M \/ S \/ SM \/ Y \/ YS<br \/>\nB 565 M \/ S \/ SM \/ Y \/ YS<br \/>\nB 620 - M \/ SM \/ Y \/ YS<br \/>\nB 650 - 658 M \/ SM \/ Y \/ YS<br \/>\nB750 M \/B750 SM \/B750 Y \/B750 YS - 12 velocidades<br \/>\nB750 M \/B750 SM \/B750 Y \/B750 YS - 16 pliegues<br \/>\nB1250M \/B1250SM \/B1250Y \/B1250YS-12 pliegues<br \/>\nB1250M \/B1250SM \/B1250Y \/B120YS - 16 pliegues<br \/>\nBIGLIA - BMT55\u00d7<\/p>\n<p>Tipo de portaherramientas:<br \/>\nCabezal de taladrado y fresado, \u00e1ngulo de 90<br \/>\nSerie Power-Line con refrigerante interno (IKZ) y tubo de refrigerante patentado de ajuste r\u00e1pido<br \/>\nPower-Line (con rodamientos de rodillos c\u00f3nicos)<\/p>\n<p>Interfaz de herramientas:<br \/>\nDIN 6499 ER 32<br \/>\nRango de sujeci\u00f3n (d): 1,0 - 20 mm<\/p>\n<p>Suministro de refrigerante:<br \/>\nRefrigeraci\u00f3n interna (IKZ) + refrigeraci\u00f3n externa<br \/>\nPresi\u00f3n m\u00e1x. Presi\u00f3n: 85 bar<\/p>","protected":false},"excerpt":{"rendered":"<p>Standort: Deutschland, Baden-W\u00fcrttemberg S\u00fcdwest Zustand: Gebraucht Hersteller: Oesterle Modell: 0077 mit IKZ Baujahr: 2015 gebr. angetriebene Werkzeughalter mit IKZ Hersteller: Oesterle + Partner GbR \/ Deutschland Kompatible Maschinen Werkzeugaufnahme Bohr- und Fr\u00e4skopf 90 Grad Biglia \u2013 BMT55 B 301 Y\/B301 YS B 446 T2\/B 446 T3 B 545 M \/ S \/ SM \/ Y [&hellip;]<\/p>\n","protected":false},"featured_media":3435,"comment_status":"open","ping_status":"closed","template":"","meta":{"_uf_show_specific_survey":0,"_uf_disable_surveys":false},"product_brand":[],"product_cat":[20],"product_tag":[],"class_list":{"0":"post-3436","1":"product","2":"type-product","3":"status-publish","4":"has-post-thumbnail","6":"product_cat-werkzeughalter","8":"first","9":"instock","10":"taxable","11":"shipping-taxable","12":"product-type-simple"},"aioseo_notices":[],"_links":{"self":[{"href":"https:\/\/mueller-wrh.de\/es\/wp-json\/wp\/v2\/product\/3436","targetHints":{"allow":["GET"]}}],"collection":[{"href":"https:\/\/mueller-wrh.de\/es\/wp-json\/wp\/v2\/product"}],"about":[{"href":"https:\/\/mueller-wrh.de\/es\/wp-json\/wp\/v2\/types\/product"}],"replies":[{"embeddable":true,"href":"https:\/\/mueller-wrh.de\/es\/wp-json\/wp\/v2\/comments?post=3436"}],"wp:featuredmedia":[{"embeddable":true,"href":"https:\/\/mueller-wrh.de\/es\/wp-json\/wp\/v2\/media\/3435"}],"wp:attachment":[{"href":"https:\/\/mueller-wrh.de\/es\/wp-json\/wp\/v2\/media?parent=3436"}],"wp:term":[{"taxonomy":"product_brand","embeddable":true,"href":"https:\/\/mueller-wrh.de\/es\/wp-json\/wp\/v2\/product_brand?post=3436"},{"taxonomy":"product_cat","embeddable":true,"href":"https:\/\/mueller-wrh.de\/es\/wp-json\/wp\/v2\/product_cat?post=3436"},{"taxonomy":"product_tag","embeddable":true,"href":"https:\/\/mueller-wrh.de\/es\/wp-json\/wp\/v2\/product_tag?post=3436"}],"curies":[{"name":"wp","href":"https:\/\/api.w.org\/{rel}","templated":true}]}}