{"id":3401,"date":"2025-04-29T16:38:34","date_gmt":"2025-04-29T16:38:34","guid":{"rendered":"https:\/\/mueller-wrh.de\/produkt\/gebr-dmc-80-h-baujahr-2001-intnr231113\/"},"modified":"2025-04-29T16:38:34","modified_gmt":"2025-04-29T16:38:34","slug":"gebr-dmc-80-h-baujahr-2001-intnr231113","status":"publish","type":"product","link":"https:\/\/mueller-wrh.de\/es\/producto\/gebr-dmc-80-h-baujahr-2001-intnr231113\/","title":{"rendered":"DMC 80 H, a\u00f1o de construcci\u00f3n 2001 IntNr231113"},"content":{"rendered":"<p><b>Ubicaci\u00f3n:<\/b> Alemania, Baden-W\u00fcrttemberg Suroeste<\/p>\n<p><b>Estado:<\/b> Como nuevo<\/p>\n<p><b>Fabricante:<\/b> DMG<\/p>\n<p><b>Modelo:<\/b> DMC 80 H<\/p>\n<p><b>Horario de apertura:<\/b> 83500<\/p>\n<p>IntNo231113<br \/>\nWarenentarifnummer \/ N\u00famero del arancel de mercanc\u00edas 8457 10 10 00<br \/>\nCentro de mecanizado horizontal<br \/>\nFabricante: DMG Deckel Maho<br \/>\nTipo: DMC 80H hi-dyn. RS4 con cambiador de planchas de 2 pliegues y estaci\u00f3n de palets 4 estaciones<br \/>\nMesa giratoria NC 360<br \/>\nPaquete de precisi\u00f3n<br \/>\nPortaherramientas<br \/>\nConicidad pronunciada: HST 100* DIN 69893 Forma A<br \/>\nCadena de posiciones del almac\u00e9n de herramientas:1 x 90 y 1 x 90<br \/>\nTransportador de virutas Incluido filtro de banda de Knoll<br \/>\nBILUTEC Lufttechnik - Sistemas de filtraci\u00f3n<br \/>\nN\u00famero de m\u00e1quina: 28840003102<br \/>\nA\u00f1o de construcci\u00f3n: 2001<br \/>\nSistema de control: Siemens Sinumerik 840D<br \/>\nHoras de funcionamiento: aprox. 83.500 h<br \/>\nEspecificaciones<br \/>\nDatos t\u00e9cnicos<br \/>\nAccionamiento principal<br \/>\n- Accionamiento directo mediante motor de inducci\u00f3n de velocidad controlada y refrigeraci\u00f3n l\u00edquida<br \/>\n- Rangos de velocidad, infinitamente programables:<br \/>\no Modo de funcionamiento: de 0 a 6.000 rpm<br \/>\no Modo de ajuste: de 0 a 800 rpm<br \/>\no Operaciones manuales: de 0 a 5.000 rpm<br \/>\n- Par de torsi\u00f3n:<br \/>\no S1 - 100% Ciclo de trabajo: m\u00e1x. 300 Nm (220 lb-ft)<br \/>\no S6 - 40% Ciclo de trabajo: m\u00e1x. 440 Nm (322 lb-ft)<br \/>\n- Rendimiento:<br \/>\no S1 - 100% Ciclo de trabajo: 25 kW (33 CV)<br \/>\no S6 - 40% Ciclo de trabajo: 37 kW (49 CV)<br \/>\nAccionamiento de alimentaci\u00f3n<br \/>\n- Servomotores s\u00edncronos trif\u00e1sicos de CA<br \/>\n- Velocidad de avance de los ejes X\/Y\/Z:<br \/>\no Programaci\u00f3n continua: de 1 a 40.000 mm\/min (de 0,04 a 1.575 pulg.\/min.)<br \/>\no Avance r\u00e1pido: 40.000 mm\/min (1.575 pulg\/min)<br \/>\no Modo de ajuste: de 1 a 2.000 mm\/min (de 0,04 a 79 pulg.\/min.)<br \/>\no Operaciones manuales: de 1 a 5.000 mm\/min (de 0,04 a 200 pulg.\/min.)<br \/>\n- Fuerza de alimentaci\u00f3n:<br \/>\no Ejes X\/Z (ciclo de trabajo 100%): m\u00e1x. 15.000 N (3.372 lb)<br \/>\no Eje Y (ciclo de trabajo 100%): m\u00e1x. 10.000 N (2.255 lb)<br \/>\nSistema de medici\u00f3n<br \/>\n- Resoluci\u00f3n, paso de entrada m\u00e1s peque\u00f1o:<br \/>\no Ejes X\/Y\/Z: 0,001 mm (0,0004 pulg.)<br \/>\n- Tolerancia de posici\u00f3n (seg\u00fan VDI\/DGQ 3441):<br \/>\no Medici\u00f3n directa de los ejes X\/Y\/Z: 0,010 mm (0,004 pulg.)<br \/>\no Medici\u00f3n directa del eje B: 14 segundos de arco<br \/>\nMesa redonda<br \/>\n- Velocidad: m\u00e1x. 19 rpm<br \/>\n- Fuerza de sujeci\u00f3n de pal\u00e9s: 120.000 N (27.000 lb)<br \/>\n- Momento de vuelco: m\u00e1x. 16.000 Nm (3.520 lb-ft)<br \/>\n- Par tangencial: m\u00e1x. 4.800 Nm (3.523 lb-ft)<br \/>\nPal\u00e9<br \/>\n- Cantidad: 1<br \/>\n- Tama\u00f1o: 500 x 630 mm (19,7 x 24,8 in)<br \/>\n- Carga admisible por paleta:<br \/>\no Cuando se utiliza 1 pal\u00e9: m\u00e1x. 500 kg (1.102 lb)<br \/>\no Cuando se utilizan 2 pal\u00e9s: m\u00e1x. 900 kg (1.984 lb)<br \/>\n- Ranuras en T:<br \/>\no Cantidad x anchura: 4 x 14 mm (0,16 x 0,55 pulg.)<br \/>\n- Ranura gu\u00eda:<br \/>\no Cantidad x anchura: 1 x 14 mm (0,04 x 0,55 pulg.)<br \/>\n\u00c1rea de trabajo<br \/>\n- Distancia de viaje:<br \/>\no Di\u00e1metro de la herramienta superior a 200 mm (7,87 pulg.):<br \/>\no Di\u00e1metro de la herramienta inferior a 200 mm (7,87 pulg.):<br \/>\no Recorrido asim\u00e9trico:<br \/>\no Eje X: 800 mm (31,5 in)<br \/>\no Eje X: +500\/-400 mm (+19,7\/-15,7 pulg.)<br \/>\n\uf0a7 Eje Y: 710 mm (27,9 in)<br \/>\n\uf0a7 Eje Z: 710 mm (27,9 in)<br \/>\n\uf0a7 Eje B: 360<\/p>\n<p>Tama\u00f1o de la m\u00e1quina:<br \/>\n4.600 x 2.400 x 2.700 mm<br \/>\nPeso de la m\u00e1quina:<br \/>\n10.500 kg<\/p>\n<p>1 m\u00e1quina: L = 530 cm x A = 240 cm x A = 284 cm; M = 15.000 kg<br \/>\n1x armario de distribuci\u00f3n: L = 170 cm x A = 60 cm x A = 220 cm; M = 1.800 kg<br \/>\n1x transportador de virutas: L = 520 cm x A = 50 cm x A = 150 cm; M = 750 kg<br \/>\n2x paletas con accesorios: L = 80 cm x A = 60 cm; M = 500 kg<br \/>\n1x Europal\u00e9 con unidad hidr\u00e1ulica<br \/>\n1x Europalet con algunos accesorios<br \/>\n1x Europalet con fundas: L = 200 cm x A = 100 cm<br \/>\n1x portafiltros: L = 240 cm x A = 80 cm x A = 200 cm; M = 500 kg<br \/>\n1x almac\u00e9n de herramientas: L = 300 cm x A = 240 cm x A = 338 cm; M = 7.000 kg<br \/>\n1x mesa redonda: L = 330 cm x A = 300 cm x A = 220 cm; M = 4,500 kg<\/p>\n<p>Plazo de entrega a corto plazo previo acuerdo.<\/p>\n<p>La m\u00e1quina puede visitarse con cita previa.<br \/>\n\u00a1Cambios y errores en los datos t\u00e9cnicos y la informaci\u00f3n, as\u00ed como la venta previa reservados!<\/p>\n<p>Centro de mecanizado horizontal<br \/>\nFabricante: DMG Deckel Maho<br \/>\nTipo: DMC 80H hi-dyn. RS4 con cambiador de planchas de 2 pliegues y estaci\u00f3n de palets 4 estaciones<br \/>\nMesa giratoria NC 360<br \/>\nPaquete de precisi\u00f3n<br \/>\nPortaherramientas<br \/>\nConicidad pronunciada: HST 100* DIN 69893 Forma A<br \/>\nPosiciones del almac\u00e9n de herramientas Cadena:1 x 90 y 1 x 90<br \/>\nTransportador de virutas Incluido filtro de banda de Knoll<br \/>\nBILUTEC Lufttechnik - Sistemas de filtraci\u00f3n<br \/>\nN\u00famero de m\u00e1quina: 28840003102<br \/>\nA\u00f1o de fabricaci\u00f3n: 2001<br \/>\nControl: Siemens Sinumerik 840D<br \/>\nHoras de funcionamiento: aprox. 83.500 h<br \/>\nEspecificaciones de la m\u00e1quina<br \/>\nEspecificaciones t\u00e9cnicas<br \/>\nAccionamiento principal<br \/>\n- Accionamiento directo mediante motor de inducci\u00f3n de velocidad controlada y refrigeraci\u00f3n l\u00edquida<br \/>\n- Rangos de velocidad, infinitamente programables:<br \/>\no Modo de funcionamiento: de 0 a 6.000 rpm<br \/>\no Modo de ajuste: de 0 a 800 rpm<br \/>\no Intervenci\u00f3n manual: de 0 a 5.000 rpm<br \/>\n- Par de torsi\u00f3n:<br \/>\no Ciclo de trabajo S1 - 100%: m\u00e1x. 300 Nm (220 lb-ft)<br \/>\no S6 - 40% ciclo de trabajo: m\u00e1x. 440 Nm (322 lb-ft)<br \/>\n- Poder:<br \/>\no Ciclo de trabajo S1 - 100%: 25 kW (33 CV)<br \/>\no S6 - 40% ciclo de trabajo: 37 kW (49 CV)<br \/>\nAccionamiento de alimentaci\u00f3n<br \/>\n- Servomotores s\u00edncronos trif\u00e1sicos de CA<br \/>\n- Velocidad de avance de los ejes X\/Y\/Z:<br \/>\no Programaci\u00f3n continua: de 1 a 40.000 mm\/min (de 0,04 a 1.575 pulg.\/min.)<br \/>\no Avance r\u00e1pido: 40.000 mm\/min (1.575 pulg\/min)<br \/>\no Modo de ajuste: de 1 a 2.000 mm\/min (de 0,04 a 79 pulg.\/min.)<br \/>\no Operaciones manuales: de 1 a 5.000 mm\/min (de 0,04 a 200 pulg.\/min.)<br \/>\n- Fuerza de alimentaci\u00f3n:<br \/>\no Ejes X\/Z (ciclo de trabajo 100%): m\u00e1x. 15.000 N (3.372 lb)<br \/>\no Eje Y (ciclo de trabajo 100%): m\u00e1x. 10.000 N (2.255 lb)<br \/>\nSistema de medici\u00f3n<br \/>\n- Resoluci\u00f3n, paso de entrada m\u00e1s peque\u00f1o:<br \/>\no Ejes X\/Y\/Z: 0,001 mm (0,0004 pulg.)<br \/>\n- Tolerancia de posici\u00f3n (seg\u00fan VDI\/DGQ 3441):<br \/>\no Medici\u00f3n directa de los ejes X\/Y\/Z: 0,010 mm (0,004 pulg.)<br \/>\no Medici\u00f3n directa del eje B: 14 segundos de arco<br \/>\nMesa giratoria<br \/>\n- Velocidad: m\u00e1x. 19 rpm<br \/>\n- Fuerza de sujeci\u00f3n de pal\u00e9s: 120.000 N (27.000 lb)<br \/>\n- Par de inclinaci\u00f3n: m\u00e1x. 16.000 Nm (3.520 lb-ft)<br \/>\n- Par tangencial: m\u00e1x. 4.800 Nm (3.523 lb-ft)<br \/>\nPal\u00e9<br \/>\n- Cantidad: 1<br \/>\n- Tama\u00f1o: 500 x 630 mm (19,7 x 24,8 in)<br \/>\n- Carga admisible por paleta:<br \/>\no Cuando se utiliza 1 pal\u00e9: m\u00e1x. 500 kg (1.102 lb)<br \/>\no Cuando se utilizan 2 pal\u00e9s: m\u00e1x. 900 kg (1.984 lb)<br \/>\n- Ranuras en T:<br \/>\no N\u00famero x anchura: 4 x 14 mm (0,16 x 0,55 pulg.)<br \/>\n- Ranura gu\u00eda:<br \/>\no N\u00famero x anchura: 1 x 14 mm (0,04 x 0,55 pulg.)<br \/>\nCampo de trabajo<br \/>\n- Distancia de viaje:<br \/>\no Di\u00e1metro de la herramienta superior a 200 mm (7,87 pulg.):<br \/>\no Di\u00e1metro de la herramienta inferior a 200 mm (7,87 pulg.):<br \/>\no Recorrido asim\u00e9trico:<br \/>\no Eje X: 800 mm (31,5 in)<br \/>\no Eje X: +500\/-400 mm (+19,7\/-15,7 pulg.)<br \/>\n\uf0a7 Eje Y: 710 mm (27,9 in)<br \/>\n\uf0a7 Eje Z: 710 mm (27,9 in)<br \/>\n\uf0a7 Eje B: 360<\/p>\n<p>Tama\u00f1o de la m\u00e1quina:<br \/>\n4.600 x 2.400 x 2.700 mm<br \/>\nPeso de la m\u00e1quina:<br \/>\n10.500 kg<\/p>\n<p>1 m\u00e1quina: L = 530 cm x A = 240 cm x A = 284 cm; M = 15.000 kg<br \/>\n1 armario de control: L = 170 cm x A = 60 cm x A = 220 cm; M = 1.800 kg<br \/>\n1x transportador de virutas: L = 520 cm x A = 50 cm x A = 150 cm; M = 750 kg<br \/>\n2x paletas con accesorios: L = 80 cm x A = 60 cm; M = 500 kg<br \/>\n1x Europal\u00e9 con unidad hidr\u00e1ulica<br \/>\n1x Europalet con algunos accesorios<br \/>\n1x Europalet con tapas: L = 200 cm x A = 100 cm<br \/>\n1x portafiltros: L = 240 cm x A = 80 cm x A = 200 cm; M = 500 kg<br \/>\n1x almac\u00e9n de herramientas: L = 300 cm x A = 240 cm x A = 338 cm; M = 7.000 kg<br \/>\n1x mesa giratoria: L = 330 cm x A = 300 cm x A = 220 cm; M = 4.500 kg<\/p>\n<p>Plazo de entrega a corto plazo previo acuerdo.<\/p>\n<p>La m\u00e1quina puede inspeccionarse con cita previa.<br \/>\n\u00a1Cambios y errores en los datos t\u00e9cnicos y la informaci\u00f3n, as\u00ed como la venta previa reservados!<\/p>","protected":false},"excerpt":{"rendered":"<p>Standort: Deutschland, Baden-W\u00fcrttemberg S\u00fcdwest Zustand: Neuwertig Hersteller: DMG Modell: DMC 80 H Betriebsstunden: 83500 IntNr231113 Warentarifnummer \/ Goods tariff number 8457 10 10 00 Bearbeitungszentrum Horizontal Hersteller: DMG Deckel Maho Typ: DMC 80H hi-dyn. RS4 mit 2fach Plattenwechsler und Paletten Bahnhof 4 Stationen NC-Rundtisch 360\u00b0 Genauigkeitspaket Werkzeugaufnahmen Steilkegel: HST 100* DIN 69893 Form A Werkzeugmagazinpositionen [&hellip;]<\/p>\n","protected":false},"featured_media":3392,"comment_status":"open","ping_status":"closed","template":"","meta":{"_uf_show_specific_survey":0,"_uf_disable_surveys":false},"product_brand":[],"product_cat":[21],"product_tag":[],"class_list":{"0":"post-3401","1":"product","2":"type-product","3":"status-publish","4":"has-post-thumbnail","6":"product_cat-cnc-bearbeitungszentrum","8":"first","9":"instock","10":"taxable","11":"shipping-taxable","12":"product-type-simple"},"aioseo_notices":[],"_links":{"self":[{"href":"https:\/\/mueller-wrh.de\/es\/wp-json\/wp\/v2\/product\/3401","targetHints":{"allow":["GET"]}}],"collection":[{"href":"https:\/\/mueller-wrh.de\/es\/wp-json\/wp\/v2\/product"}],"about":[{"href":"https:\/\/mueller-wrh.de\/es\/wp-json\/wp\/v2\/types\/product"}],"replies":[{"embeddable":true,"href":"https:\/\/mueller-wrh.de\/es\/wp-json\/wp\/v2\/comments?post=3401"}],"wp:featuredmedia":[{"embeddable":true,"href":"https:\/\/mueller-wrh.de\/es\/wp-json\/wp\/v2\/media\/3392"}],"wp:attachment":[{"href":"https:\/\/mueller-wrh.de\/es\/wp-json\/wp\/v2\/media?parent=3401"}],"wp:term":[{"taxonomy":"product_brand","embeddable":true,"href":"https:\/\/mueller-wrh.de\/es\/wp-json\/wp\/v2\/product_brand?post=3401"},{"taxonomy":"product_cat","embeddable":true,"href":"https:\/\/mueller-wrh.de\/es\/wp-json\/wp\/v2\/product_cat?post=3401"},{"taxonomy":"product_tag","embeddable":true,"href":"https:\/\/mueller-wrh.de\/es\/wp-json\/wp\/v2\/product_tag?post=3401"}],"curies":[{"name":"wp","href":"https:\/\/api.w.org\/{rel}","templated":true}]}}