{"id":3286,"date":"2025-03-19T14:31:26","date_gmt":"2025-03-19T14:31:26","guid":{"rendered":"https:\/\/mueller-wrh.de\/produkt\/cellro-magazin-mit-fanuc-roboter-baujahr-2005_intnr231261\/"},"modified":"2025-07-14T09:53:08","modified_gmt":"2025-07-14T09:53:08","slug":"cellro-magazin-mit-fanuc-roboter-baujahr-2005_intnr231261","status":"publish","type":"product","link":"https:\/\/mueller-wrh.de\/es\/producto\/cellro-magazin-mit-fanuc-roboter-baujahr-2005_intnr231261\/","title":{"rendered":"Revista Cellro con robot FANUC a\u00f1o 2005_IntNr231261"},"content":{"rendered":"<p><b>Ubicaci\u00f3n:<\/b> Alemania, Baden-W\u00fcrttemberg Suroeste<\/p>\n<p><b>Estado:<\/b> Usado<\/p>\n<p><b>Fabricante:<\/b> CELLRO<\/p>\n<p><b>Modelo:<\/b> CELLRO<\/p>\n<p><b>A\u00f1o de construcci\u00f3n:<\/b> 2005<\/p>\n<p>Revista Cellro con robot FANUC 2005<\/p>\n<p>Sistema de almacenamiento automatizado Cellro magazine un almac\u00e9n robotizado para 300 portaherramientas<br \/>\nDescripci\u00f3n t\u00e9cnica del cargador Cellro con robot Fanuc<\/p>\n<p>Propiedades:<br \/>\n- Tipo: Sistema de almacenamiento automatizado (almac\u00e9n robotizado)<br \/>\n- Capacidad: 300 portaherramientas (para almacenar y cambiar r\u00e1pidamente las herramientas)<br \/>\n- \u00c1mbito de aplicaci\u00f3n: m\u00e1quinas herramienta CNC, tornos, fresadoras, automatizaci\u00f3n de procesos de fabricaci\u00f3n<\/p>\n<p>Funcionalidad:<br \/>\n- Automatizaci\u00f3n: el sistema permite el suministro y la sustituci\u00f3n autom\u00e1ticos de herramientas sin intervenci\u00f3n manual. Para ello se utiliza un brazo rob\u00f3tico.<br \/>\n- Almacenamiento: las herramientas se guardan en ranuras especiales del cargador y pueden recuperarse de forma r\u00e1pida y eficaz.<br \/>\n- Cambio de herramientas: las herramientas pueden cambiarse en el menor tiempo posible gracias al proceso automatizado. <\/p>\n<p>La m\u00e1quina puede inspeccionarse bajo tensi\u00f3n previa cita.<br \/>\n\u00a1Sujeto a cambios y errores en los datos t\u00e9cnicos y especificaciones, as\u00ed como a la venta previa!<\/p>\n<p>Revista Cellro con robot FANUC 2005<\/p>\n<p>Sistema de almacenamiento automatizado Cellro magazine un almac\u00e9n robotizado para 300 portaherramientas<br \/>\nDescripci\u00f3n t\u00e9cnica del cargador Cellro con robot Fanuc<\/p>\n<p>Caracter\u00edsticas:<br \/>\n- Tipo: Sistema de almacenamiento automatizado (almac\u00e9n robotizado)<br \/>\n- Capacidad: 300 portaherramientas (para almacenar y cambiar r\u00e1pidamente las herramientas)<br \/>\n- \u00c1mbito de aplicaci\u00f3n: m\u00e1quinas herramienta CNC, tornos, fresadoras, automatizaci\u00f3n de procesos de fabricaci\u00f3n<\/p>\n<p>Funcionalidad:<br \/>\n- Automatizaci\u00f3n: el sistema permite el suministro y la sustituci\u00f3n autom\u00e1ticos de herramientas sin intervenci\u00f3n manual. Para ello se utiliza un brazo rob\u00f3tico.<br \/>\n- Almacenamiento: las herramientas se guardan en lugares especiales del almac\u00e9n y pueden recuperarse de forma r\u00e1pida y eficaz.<br \/>\n- Cambio de herramientas: las herramientas se cambian en el menor tiempo posible gracias al proceso automatizado. <\/p>\n<p>La m\u00e1quina puede inspeccionarse bajo tensi\u00f3n previa cita.<br \/>\n\u00a1Sujeto a cambios y errores en los datos t\u00e9cnicos y especificaciones, as\u00ed como a la venta previa!<\/p>","protected":false},"excerpt":{"rendered":"<p>Standort: Deutschland, Baden-W\u00fcrttemberg S\u00fcdwest Zustand: Gebraucht Hersteller: CELLRO Modell: CELLRO Baujahr: 2005 Cellro Magazin mit FANUC-Roboter 2005 Cellro Magazin automatisiertes Lagersystem ein Robotermagazin f\u00fcr 300 Werkzeugaufnahmen Technische Beschreibung des Cellro Magazin mit Fanuc Roboter Eigenschaften: \u2022 Typ: Automatisiertes Lagersystem (Robotermagazin) \u2022 Kapazit\u00e4t: 300 Werkzeugaufnahmen (f\u00fcr die Lagerung und den schnellen Austausch von Werkzeugen) \u2022 Einsatzgebiet: [&hellip;]<\/p>\n","protected":false},"featured_media":3355,"comment_status":"open","ping_status":"closed","template":"","meta":{"_uf_show_specific_survey":0,"_uf_disable_surveys":false},"product_brand":[],"product_cat":[105],"product_tag":[],"class_list":{"0":"post-3286","1":"product","2":"type-product","3":"status-publish","4":"has-post-thumbnail","6":"product_cat-zubehoer-sonstiges","8":"first","9":"instock","10":"taxable","11":"shipping-taxable","12":"product-type-simple"},"aioseo_notices":[],"_links":{"self":[{"href":"https:\/\/mueller-wrh.de\/es\/wp-json\/wp\/v2\/product\/3286","targetHints":{"allow":["GET"]}}],"collection":[{"href":"https:\/\/mueller-wrh.de\/es\/wp-json\/wp\/v2\/product"}],"about":[{"href":"https:\/\/mueller-wrh.de\/es\/wp-json\/wp\/v2\/types\/product"}],"replies":[{"embeddable":true,"href":"https:\/\/mueller-wrh.de\/es\/wp-json\/wp\/v2\/comments?post=3286"}],"wp:featuredmedia":[{"embeddable":true,"href":"https:\/\/mueller-wrh.de\/es\/wp-json\/wp\/v2\/media\/3355"}],"wp:attachment":[{"href":"https:\/\/mueller-wrh.de\/es\/wp-json\/wp\/v2\/media?parent=3286"}],"wp:term":[{"taxonomy":"product_brand","embeddable":true,"href":"https:\/\/mueller-wrh.de\/es\/wp-json\/wp\/v2\/product_brand?post=3286"},{"taxonomy":"product_cat","embeddable":true,"href":"https:\/\/mueller-wrh.de\/es\/wp-json\/wp\/v2\/product_cat?post=3286"},{"taxonomy":"product_tag","embeddable":true,"href":"https:\/\/mueller-wrh.de\/es\/wp-json\/wp\/v2\/product_tag?post=3286"}],"curies":[{"name":"wp","href":"https:\/\/api.w.org\/{rel}","templated":true}]}}