{"id":3248,"date":"2025-03-13T16:43:31","date_gmt":"2025-03-13T16:43:31","guid":{"rendered":"https:\/\/mueller-wrh.de\/produkt\/1-gebr-lta-ac-500-bj-2010_-intnr231257\/"},"modified":"2025-09-03T15:41:12","modified_gmt":"2025-09-03T15:41:12","slug":"1-gebr-lta-ac-500-bj-2010_-intnr231257","status":"publish","type":"product","link":"https:\/\/mueller-wrh.de\/es\/producto\/1-gebr-lta-ac-500-bj-2010_-intnr231257\/","title":{"rendered":"1 usado LTA AC 500 a\u00f1o 2010_ IntNo231257"},"content":{"rendered":"<p><b>Ubicaci\u00f3n:<\/b> Alemania, Baden-W\u00fcrttemberg Suroeste<\/p>\n<p><b>Estado:<\/b> Usado<\/p>\n<p><b>Fabricante:<\/b> LTA<\/p>\n<p><b>Modelo:<\/b> AC 500<\/p>\n<p><b>A\u00f1o de construcci\u00f3n:<\/b> 2010<\/p>\n<p>AC 500 s\u00f3lido<br \/>\n - Bajo consumo de energ\u00eda gracias a los elementos filtrantes sin p\u00e9rdida de presi\u00f3n y a los ventiladores de bajo consumo<br \/>\n- Etapas de filtraci\u00f3n para la separaci\u00f3n de la niebla de lubricante refrigerante<br \/>\n- Principio de filtraci\u00f3n M ( M = mec\u00e1nico)<br \/>\n- Uso para niebla de emulsi\u00f3n<br \/>\n- Posibilidad de montaje directo en la m\u00e1quina<br \/>\n- Eficacia de separaci\u00f3n de hasta 99%<br \/>\n- Capacidad de extracci\u00f3n 800 m3\/h (470cfm)<br \/>\n- Capacidad del soplador 1950 m3 \/ 5 (1.147 cfm)<br \/>\n- Consumo de energ\u00eda 0,6 kW<br \/>\n- Tensi\u00f3n: 400 V<br \/>\n- Dimensiones: (LxAnxAl): 500x500x590 mm<br \/>\n- Peso: 48 KG<\/p>\n<p>\u00a1Cambios y errores en los datos t\u00e9cnicos y la informaci\u00f3n, as\u00ed como la venta previa reservados!<\/p>\n<p>AC 500 s\u00f3lido<br \/>\n - Bajo consumo de energ\u00eda gracias a elementos filtrantes sin p\u00e9rdida de presi\u00f3n y soplantes de bajo consumo<br \/>\n- Etapas de filtraci\u00f3n para la separaci\u00f3n de la niebla de lubricante refrigerante<br \/>\n- Principio de filtraci\u00f3n M<br \/>\n- Uso para niebla de emulsi\u00f3n<br \/>\n- Posibilidad de montaje directo en la m\u00e1quina<br \/>\n- Eficacia de separaci\u00f3n de hasta el 99<br \/>\n- Capacidad de extracci\u00f3n 800 m3\/h (470cfm)<br \/>\n- Capacidad del soplador 1950 m3 \/ 5 (1.147 cfm)<br \/>\n- Consumo de energ\u00eda 0,6 kW<br \/>\n- Tensi\u00f3n: 400 V<br \/>\n- Dimensiones: (LxAnxAl): 500x500x590 mm<br \/>\n- Peso: 48 KG<\/p>\n<p>\u00a1Sujeto a cambios y errores en los datos t\u00e9cnicos y la informaci\u00f3n, as\u00ed como la venta previa!<\/p>","protected":false},"excerpt":{"rendered":"<p>Standort: Deutschland, Baden-W\u00fcrttemberg S\u00fcdwest Zustand: Gebraucht Hersteller: LTA Modell: AC 500 Baujahr: 2010 AC 500 solid &#8211; geringer Energieverbrauch dank druckverlustfreier Filterelemente sowie energieeffizienter Gebl\u00e4se \u00b7 Filtrationsstufen f\u00fcr die Abscheidung von K\u00fchlschmierstoffnebel \u00b7 Filtrationsprinzip M ( M = mechanisch) \u00b7 Verwendung f\u00fcr Emulsionsnebel \u00b7 Direktanbau an Maschine m\u00f6glich \u00b7 Abscheidegrad bis 99% &#8211; Absaugleistung 800 [&hellip;]<\/p>\n","protected":false},"featured_media":3832,"comment_status":"open","ping_status":"closed","template":"","meta":{"_uf_show_specific_survey":0,"_uf_disable_surveys":false},"product_brand":[],"product_cat":[19],"product_tag":[],"class_list":{"0":"post-3248","1":"product","2":"type-product","3":"status-publish","4":"has-post-thumbnail","6":"product_cat-oel-emulsionsnebel-abzugsanlagen","8":"first","9":"instock","10":"taxable","11":"shipping-taxable","12":"purchasable","13":"product-type-simple"},"aioseo_notices":[],"_links":{"self":[{"href":"https:\/\/mueller-wrh.de\/es\/wp-json\/wp\/v2\/product\/3248","targetHints":{"allow":["GET"]}}],"collection":[{"href":"https:\/\/mueller-wrh.de\/es\/wp-json\/wp\/v2\/product"}],"about":[{"href":"https:\/\/mueller-wrh.de\/es\/wp-json\/wp\/v2\/types\/product"}],"replies":[{"embeddable":true,"href":"https:\/\/mueller-wrh.de\/es\/wp-json\/wp\/v2\/comments?post=3248"}],"wp:featuredmedia":[{"embeddable":true,"href":"https:\/\/mueller-wrh.de\/es\/wp-json\/wp\/v2\/media\/3832"}],"wp:attachment":[{"href":"https:\/\/mueller-wrh.de\/es\/wp-json\/wp\/v2\/media?parent=3248"}],"wp:term":[{"taxonomy":"product_brand","embeddable":true,"href":"https:\/\/mueller-wrh.de\/es\/wp-json\/wp\/v2\/product_brand?post=3248"},{"taxonomy":"product_cat","embeddable":true,"href":"https:\/\/mueller-wrh.de\/es\/wp-json\/wp\/v2\/product_cat?post=3248"},{"taxonomy":"product_tag","embeddable":true,"href":"https:\/\/mueller-wrh.de\/es\/wp-json\/wp\/v2\/product_tag?post=3248"}],"curies":[{"name":"wp","href":"https:\/\/api.w.org\/{rel}","templated":true}]}}