{"id":3206,"date":"2025-03-13T16:41:37","date_gmt":"2025-03-13T16:41:37","guid":{"rendered":"https:\/\/mueller-wrh.de\/produkt\/gebr-cnc-drehmaschine-muratec-mt12_bj-2000-_intnr231235\/"},"modified":"2025-03-13T16:41:37","modified_gmt":"2025-03-13T16:41:37","slug":"gebr-cnc-drehmaschine-muratec-mt12_bj-2000-_intnr231235","status":"publish","type":"product","link":"https:\/\/mueller-wrh.de\/es\/producto\/gebr-cnc-drehmaschine-muratec-mt12_bj-2000-_intnr231235\/","title":{"rendered":"Torno CNC usado MURATEC MT12_a\u00f1o 2000 _IntNo231235"},"content":{"rendered":"<p><b>Ubicaci\u00f3n:<\/b> Alemania, Baden-W\u00fcrttemberg Suroeste<\/p>\n<p><b>Estado:<\/b> Usado<\/p>\n<p><b>Fabricante:<\/b> MURATEC<\/p>\n<p><b>Modelo:<\/b> MT12<\/p>\n<p><b>A\u00f1o de construcci\u00f3n:<\/b> 2000<\/p>\n<p><b>Horario de apertura:<\/b> 70000<\/p>\n<p>MURATEC MT12<br \/>\nA\u00f1o de construcci\u00f3n 2000<br \/>\nSistema de control: Muratec FANUC<\/p>\n<p>TORNO CNC DE DOBLE HUSILLO<\/p>\n<p>. Di\u00e1metro del portabrocas mm 165\/215 .<br \/>\n. M\u00e1x. Di\u00e1metro de giro mm 210<br \/>\n. Di\u00e1metro del v\u00e1stago mm 45 (opci\u00f3n 51) .<br \/>\n. Longitud est\u00e1ndar en torneado en barras mm 150<\/p>\n<p>. Husillos n\u00ba 2<br \/>\n. Ejes C (360 000 posiciones) N\u00ba 2<br \/>\n. Altura del centro del husillo a la base mm 1100<br \/>\n. Velocidad del husillo rpm 4500 .<br \/>\n. Potencia del husillo kW 2 x 11<br \/>\n. Nariz del husillo A2-5<br \/>\n. Di\u00e1metro del rodamiento del husillo mm 90<\/p>\n<p>. Eje X X1 \/ X2 mm 200<br \/>\n. Eje Z (lado izquierdo) Z1 mm 200 .<br \/>\n. Eje Z (lado derecho) Z2 mm 650<br \/>\n. Avances r\u00e1pidos X, Z m\/min 24<br \/>\n. Avance r\u00e1pido husillo derecho m\/min 32<\/p>\n<p>. Estaciones n\u00ba 15 x 2<br \/>\n. Tiempo de indexaci\u00f3n seg 0,25<br \/>\n. Fuerza de bloqueo kg 3200<br \/>\n. Cuadrado mm 20<br \/>\n. Di\u00e1metro mm 40<\/p>\n<p>. Potencia kW 2,8<br \/>\n. Velocidad rpm 4000<br \/>\n. Posicionamiento eje C Deg 0,001<br \/>\n. Di\u00e1metro m\u00e1ximo de perforaci\u00f3n mm 16<br \/>\n. Corte de roscas M 10<\/p>\n<p>La m\u00e1quina puede inspeccionarse con cita previa.<br \/>\n\u00a1Cambios y errores en los datos t\u00e9cnicos y la informaci\u00f3n, as\u00ed como la venta previa reservados!<\/p>\n<p>MURATEC MT12<br \/>\nA\u00f1o de construcci\u00f3n 2000<br \/>\nControl: Muratec FANUC<\/p>\n<p>TORNO CNC DE DOS HUSILLOS<\/p>\n<p>. Di\u00e1metro del portabrocas mm 165\/215 .<br \/>\n. Di\u00e1metro m\u00e1x. de giro mm 210<br \/>\n. Di\u00e1metro del v\u00e1stago mm 45 (opci\u00f3n 51) .<br \/>\n. Longitud est\u00e1ndar en torneado en barras mm 150<\/p>\n<p>. Husillos n\u00ba 2<br \/>\n. Ejes C (360 000 posiciones) N\u00ba 2<br \/>\n. Altura del centro del husillo al suelo mm 1100<br \/>\n. Velocidad del husillo rpm 4500 .<br \/>\n. Potencia del husillo kW 2 x 11<br \/>\n. Nariz del husillo A2-5<br \/>\n. Di\u00e1metro del rodamiento del husillo mm 90<\/p>\n<p>. Eje X X1 \/ X2 mm 200<br \/>\n. Eje Z (lado izquierdo) Z1 mm 200 .<br \/>\n. Eje Z (lado derecho) Z2 mm 650<br \/>\n. Avances r\u00e1pidos X, Z m\/min 24<br \/>\n. Avance r\u00e1pido husillo derecho m\/min 32<\/p>\n<p>. Estaciones n\u00ba 15 x 2<br \/>\n. Tiempo de indexaci\u00f3n seg 0,25<br \/>\n. Fuerza de bloqueo kg 3200<br \/>\n. Cuadrado mm 20<br \/>\n. Di\u00e1metro mm 40<\/p>\n<p>. Potencia kW 2,8<br \/>\n. Velocidad rpm 4000<br \/>\n. Posicionamiento eje C Deg 0,001<br \/>\n. Di\u00e1metro m\u00e1ximo de perforaci\u00f3n mm 16<br \/>\n. Corte de rosca M 10<\/p>\n<p>La m\u00e1quina puede inspeccionarse con cita previa.<br \/>\n\u00a1Cambios y errores en los datos t\u00e9cnicos y la informaci\u00f3n, as\u00ed como la venta previa reservados!<\/p>","protected":false},"excerpt":{"rendered":"<p>Standort: Deutschland, Baden-W\u00fcrttemberg S\u00fcdwest Zustand: Gebraucht Hersteller: MURATEC Modell: MT12 Baujahr: 2000 Betriebsstunden: 70000 MURATEC MT12 Baujahr 2000 Steuerung: Muratec FANUC ZWEISPINDEL-CNC-DREHMASCHINE . Durchmesser des Bohrfutters mm 165\/215 . . Max. Drehdurchmesser mm 210 . Stangendurchmesser mm 45 (Option 51) . . Standardl\u00e4nge beim Drehen in Stangen mm 150 . Spindeln Anz. 2 . C-Achsen [&hellip;]<\/p>\n","protected":false},"featured_media":3196,"comment_status":"open","ping_status":"closed","template":"","meta":{"_uf_show_specific_survey":0,"_uf_disable_surveys":false},"product_brand":[],"product_cat":[103],"product_tag":[],"class_list":{"0":"post-3206","1":"product","2":"type-product","3":"status-publish","4":"has-post-thumbnail","6":"product_cat-cnc-drehmaschinen-200-249mm-drehd","8":"first","9":"instock","10":"taxable","11":"shipping-taxable","12":"product-type-simple"},"aioseo_notices":[],"_links":{"self":[{"href":"https:\/\/mueller-wrh.de\/es\/wp-json\/wp\/v2\/product\/3206","targetHints":{"allow":["GET"]}}],"collection":[{"href":"https:\/\/mueller-wrh.de\/es\/wp-json\/wp\/v2\/product"}],"about":[{"href":"https:\/\/mueller-wrh.de\/es\/wp-json\/wp\/v2\/types\/product"}],"replies":[{"embeddable":true,"href":"https:\/\/mueller-wrh.de\/es\/wp-json\/wp\/v2\/comments?post=3206"}],"wp:featuredmedia":[{"embeddable":true,"href":"https:\/\/mueller-wrh.de\/es\/wp-json\/wp\/v2\/media\/3196"}],"wp:attachment":[{"href":"https:\/\/mueller-wrh.de\/es\/wp-json\/wp\/v2\/media?parent=3206"}],"wp:term":[{"taxonomy":"product_brand","embeddable":true,"href":"https:\/\/mueller-wrh.de\/es\/wp-json\/wp\/v2\/product_brand?post=3206"},{"taxonomy":"product_cat","embeddable":true,"href":"https:\/\/mueller-wrh.de\/es\/wp-json\/wp\/v2\/product_cat?post=3206"},{"taxonomy":"product_tag","embeddable":true,"href":"https:\/\/mueller-wrh.de\/es\/wp-json\/wp\/v2\/product_tag?post=3206"}],"curies":[{"name":"wp","href":"https:\/\/api.w.org\/{rel}","templated":true}]}}