{"id":3195,"date":"2025-03-13T16:41:22","date_gmt":"2025-03-13T16:41:22","guid":{"rendered":"https:\/\/mueller-wrh.de\/produkt\/gebr-cnc-drehmaschine-takamaz-xy-120-y-plus-bj-2016_02-_intnr231237\/"},"modified":"2025-03-13T16:41:22","modified_gmt":"2025-03-13T16:41:22","slug":"gebr-cnc-drehmaschine-takamaz-xy-120-y-plus-bj-2016_02-_intnr231237","status":"publish","type":"product","link":"https:\/\/mueller-wrh.de\/es\/producto\/gebr-cnc-drehmaschine-takamaz-xy-120-y-plus-bj-2016_02-_intnr231237\/","title":{"rendered":"Torno CNC usado Takamaz XY-120 Y plus a\u00f1o 2016_02 _IntNr231237"},"content":{"rendered":"<p><b>Ubicaci\u00f3n:<\/b> Alemania, Baden-W\u00fcrttemberg Suroeste<\/p>\n<p><b>Estado:<\/b> Usado<\/p>\n<p><b>Fabricante:<\/b> Takamaz<\/p>\n<p><b>Modelo:<\/b> XY-120Y plus<\/p>\n<p><b>A\u00f1o de construcci\u00f3n:<\/b> 2016<\/p>\n<p><b>Horario de apertura:<\/b> 6945<\/p>\n<p>N\u00ba interno: 231237<br \/>\nDesignaci\u00f3n de la m\u00e1quina: Torno corto CNC<br \/>\nFabricante: Takamaz<br \/>\nModelo: XY-120 Y Plus<br \/>\nA\u00f1o de construcci\u00f3n: febrero de 2016<br \/>\nSistema de control: Fanuc Oi-TD<br \/>\n________________________________________<br \/>\nTakamaz XY-120 Y Plus - Torno corto CNC<br \/>\nEl XY-120 Y Plus de Takamaz es un torno corto CNC de alta precisi\u00f3n que se ha desarrollado especialmente para los requisitos de la producci\u00f3n en serie. Con su dise\u00f1o compacto, construcci\u00f3n robusta y potente control Fanuc Oi-TD, permite el mecanizado de piezas complejas con la m\u00e1xima eficiencia y precisi\u00f3n. El eje Y integrado ampl\u00eda considerablemente las opciones de mecanizado, permitiendo realizar incluso exigentes operaciones de fresado y taladrado en una sola configuraci\u00f3n.<br \/>\n________________________________________<br \/>\nDatos t\u00e9cnicos:<br \/>\n- A\u00f1o de construcci\u00f3n: 2016 (febrero)<br \/>\n- Sistema de control: Fanuc Oi-TD<br \/>\n- Horas de tratamiento: 6.945 horas<br \/>\n- Horas de la unidad de control: 40.718 horas<br \/>\n- Funcionalidad: Completamente funcional<br \/>\nEjes:<br \/>\n- Eje X1 (150 mm)<br \/>\n- Eje Z1 (330 mm)<br \/>\n- Eje Y1 (+\/- 35mm)<br \/>\n- Eje X2 (150 mm)<br \/>\n- Eje Z2 (440 mm)<br \/>\n- capacidad de procesamiento:<br \/>\n- Max. Di\u00e1metro de torneado: Principal 170 mm \/ Sub135mm<br \/>\n- M\u00e1x. Longitud de giro: 330 mm<br \/>\n- Paso de barra: Principal \u00d8 42 mm \/ Sub \u00d820mm<br \/>\n- Velocidad del husillo: hasta 5.000 rpm<br \/>\n- Potencia de accionamiento: potente motor de husillo para altas velocidades de corte<br \/>\n- 2 torretas de herramientas: torreta de 12 posiciones cada una, apta para herramientas accionadas<br \/>\n________________________________________<br \/>\nPeriferia:<br \/>\n- Alimentador de barras: Top Automazioni Fusion FU350M - para una alimentaci\u00f3n eficaz del material<br \/>\n- Sistema de refrigeraci\u00f3n: integrado para unas condiciones de mecanizado \u00f3ptimas<br \/>\n- Manuales: disponibles<br \/>\n- Transportador de virutas<br \/>\n________________________________________<br \/>\nPeso y dimensiones:<br \/>\n- Dimensiones (L x A x A): 2.630 x 1.950 x 1.730 mm<br \/>\n- Peso de la m\u00e1quina: 4.500 kg<br \/>\n________________________________________<br \/>\nEstado:<br \/>\nLa m\u00e1quina es completamente funcional y est\u00e1 en buenas condiciones de uso.<br \/>\nSi desea m\u00e1s informaci\u00f3n o concertar una cita para ver la m\u00e1quina en funcionamiento, no dude en ponerse en contacto con nosotros.<br \/>\nSujeto a cambios y errores en los datos t\u00e9cnicos y la informaci\u00f3n, as\u00ed como a la venta previa.<\/p>\n<p>Designaci\u00f3n de la m\u00e1quina: Torno corto CNC<br \/>\nFabricante: Takamaz<br \/>\nModelo: XY-120 Y Plus<br \/>\nA\u00f1o de fabricaci\u00f3n: febrero de 2016<br \/>\nSistema de control: Fanuc Oi-TD<br \/>\n________________________________________<br \/>\nTakamaz XY-120 Y Plus - Torno corto CNC<br \/>\nEl XY-120 Y Plus de Takamaz es un torno corto CNC de alta precisi\u00f3n que se ha desarrollado especialmente para los requisitos de la producci\u00f3n en serie. Con su dise\u00f1o compacto, construcci\u00f3n robusta y potente control Fanuc Oi-TD, permite el mecanizado de piezas complejas con la m\u00e1xima eficiencia y precisi\u00f3n. El eje Y integrado ampl\u00eda significativamente las opciones de mecanizado, permitiendo realizar incluso exigentes operaciones de fresado y taladrado en una sola configuraci\u00f3n.<br \/>\n________________________________________<br \/>\nDatos t\u00e9cnicos:<br \/>\n- A\u00f1o de construcci\u00f3n: 2016 (febrero)<br \/>\n- Sistema de control: Fanuc Oi-TD<br \/>\n- Horas de mecanizado: 6.945 horas<br \/>\n- Horas de la unidad de control: 40.718 horas<br \/>\n- Funcionalidad: Completamente funcional<br \/>\nEjes:<br \/>\n- Eje X1 (150 mm)<br \/>\n- Eje Z1 (330 mm)<br \/>\n- Eje Y1 (+\/- 35mm)<br \/>\n- Eje X2 (150 mm)<br \/>\n- Eje Z2 (440 mm)<br \/>\n- Capacidad de mecanizado:<br \/>\n- M\u00e1x. Di\u00e1metro de giro: Principal 170 mm \/ Sub135mm<br \/>\n- M\u00e1x. Longitud de giro: 330 mm<br \/>\n- Capacidad de la barra: \u00d8 principal 42 mm \/ \u00d8 secundario 20 mm<br \/>\n- Velocidad del husillo: hasta 5.000 rpm<br \/>\n- Potencia de accionamiento: potente motor de husillo para altas velocidades de corte<br \/>\n- 2 torretas de herramientas: torreta de 12 posiciones cada una, apta para herramientas accionadas<br \/>\nPerif\u00e9ricos:<br \/>\n- Alimentador de barras: Top Automazioni Fusion FU350M - para una alimentaci\u00f3n eficaz del material<br \/>\n- Sistema de refrigeraci\u00f3n: integrado para unas condiciones de procesamiento \u00f3ptimas<br \/>\n- Manuales: disponibles<br \/>\n- Transportador de virutas<br \/>\n________________________________________<br \/>\nPeso y dimensiones:<br \/>\n- Dimensiones (L x A x A): 2.630 x 1.950 x 1.730 mm<br \/>\n- Peso de la m\u00e1quina: 4.500 kg<br \/>\n________________________________________<br \/>\nEstado:<br \/>\nLa m\u00e1quina es completamente funcional y est\u00e1 en buenas condiciones de uso.<br \/>\nSi desea m\u00e1s informaci\u00f3n o concertar una cita para ver la m\u00e1quina en funcionamiento, no dude en ponerse en contacto con nosotros.<br \/>\nSujeto a cambios y errores en los datos t\u00e9cnicos y la informaci\u00f3n, as\u00ed como a la venta previa.<\/p>","protected":false},"excerpt":{"rendered":"<p>Standort: Deutschland, Baden-W\u00fcrttemberg S\u00fcdwest Zustand: Gebraucht Hersteller: Takamaz Modell: XY-120Y plus Baujahr: 2016 Betriebsstunden: 6945 Interne Nr.: 231237 Maschinenbezeichnung: CNC-Kurzdrehmaschine Hersteller: Takamaz Modell: XY-120 Y Plus Baujahr: Februar 2016 Steuerung: Fanuc Oi-TD ________________________________________ Takamaz XY-120 Y Plus \u2013 CNC-Kurzdrehmaschine Die Takamaz XY-120 Y Plus ist eine hochpr\u00e4zise CNC-Kurzdrehmaschine, die speziell f\u00fcr die Anforderungen in der [&hellip;]<\/p>\n","protected":false},"featured_media":3185,"comment_status":"open","ping_status":"closed","template":"","meta":{"_uf_show_specific_survey":0,"_uf_disable_surveys":false},"product_brand":[],"product_cat":[90],"product_tag":[],"class_list":{"0":"post-3195","1":"product","2":"type-product","3":"status-publish","4":"has-post-thumbnail","6":"product_cat-cnc-drehmaschinen-0-199mm-drehd","8":"first","9":"instock","10":"taxable","11":"shipping-taxable","12":"product-type-simple"},"aioseo_notices":[],"_links":{"self":[{"href":"https:\/\/mueller-wrh.de\/es\/wp-json\/wp\/v2\/product\/3195","targetHints":{"allow":["GET"]}}],"collection":[{"href":"https:\/\/mueller-wrh.de\/es\/wp-json\/wp\/v2\/product"}],"about":[{"href":"https:\/\/mueller-wrh.de\/es\/wp-json\/wp\/v2\/types\/product"}],"replies":[{"embeddable":true,"href":"https:\/\/mueller-wrh.de\/es\/wp-json\/wp\/v2\/comments?post=3195"}],"wp:featuredmedia":[{"embeddable":true,"href":"https:\/\/mueller-wrh.de\/es\/wp-json\/wp\/v2\/media\/3185"}],"wp:attachment":[{"href":"https:\/\/mueller-wrh.de\/es\/wp-json\/wp\/v2\/media?parent=3195"}],"wp:term":[{"taxonomy":"product_brand","embeddable":true,"href":"https:\/\/mueller-wrh.de\/es\/wp-json\/wp\/v2\/product_brand?post=3195"},{"taxonomy":"product_cat","embeddable":true,"href":"https:\/\/mueller-wrh.de\/es\/wp-json\/wp\/v2\/product_cat?post=3195"},{"taxonomy":"product_tag","embeddable":true,"href":"https:\/\/mueller-wrh.de\/es\/wp-json\/wp\/v2\/product_tag?post=3195"}],"curies":[{"name":"wp","href":"https:\/\/api.w.org\/{rel}","templated":true}]}}