{"id":3166,"date":"2025-03-13T16:40:39","date_gmt":"2025-03-13T16:40:39","guid":{"rendered":"https:\/\/mueller-wrh.de\/produkt\/gebr-cnc-drehmaschine-index-c100-mit-2-revolver_beladesystem_-bj-2011-_intnr231240\/"},"modified":"2025-03-13T16:40:39","modified_gmt":"2025-03-13T16:40:39","slug":"gebr-cnc-drehmaschine-index-c100-mit-2-revolver_beladesystem_-bj-2011-_intnr231240","status":"publish","type":"product","link":"https:\/\/mueller-wrh.de\/es\/producto\/gebr-cnc-drehmaschine-index-c100-mit-2-revolver_beladesystem_-bj-2011-_intnr231240\/","title":{"rendered":"Torno CNC usado Index C100 con 2 torretas_sistema de carga_a\u00f1o 2011 _IntNo231240"},"content":{"rendered":"<p><b>Ubicaci\u00f3n:<\/b> Alemania, Baden-W\u00fcrttemberg Suroeste<\/p>\n<p><b>Estado:<\/b> Usado<\/p>\n<p><b>Fabricante:<\/b> \u00cdndice<\/p>\n<p><b>Modelo:<\/b> C100 con 2 torretas<\/p>\n<p><b>A\u00f1o de construcci\u00f3n:<\/b> 2011<\/p>\n<p>N\u00ba interno: 231240<br \/>\nDesignaci\u00f3n de la m\u00e1quina: Torno corto CNC<br \/>\nFabricante: Index<br \/>\nModelo: C100 2 REVOLVER<br \/>\nA\u00f1o de construcci\u00f3n: 2011<br \/>\nSistema de control: Siemens<br \/>\nN\u00famero de torretas: 2 (superior\/inferior)<br \/>\nPosiciones de herramienta por torreta: 12 estaciones, todas accionadas<br \/>\n________________________________________<br \/>\nINDEX C100 \/ 2 REVOLVER WHU sistema de carga torno corto CNC<br \/>\n________________________________________<br \/>\nDatos t\u00e9cnicos:<br \/>\n- A\u00f1o de construcci\u00f3n: 2011<br \/>\n- Sistema de control: Siemens 840D<br \/>\n- Horas de tramitaci\u00f3n:  Horas<br \/>\n- Horas de control: Horas<br \/>\n- Funcionalidad: Completamente funcional<br \/>\nConfiguraci\u00f3n de ejes:<br \/>\n- Eje X (arriba\/abajo):<br \/>\no Distancia de desplazamiento: aprox. 100 mm<br \/>\no Avance r\u00e1pido: hasta 30 m\/min<br \/>\n- Eje Z (arriba\/abajo):<br \/>\no Distancia de desplazamiento: 320 mm aprox.<br \/>\no Avance r\u00e1pido: hasta 30 m\/min<br \/>\n- Eje Y (opcional, si est\u00e1 disponible):<br \/>\no Distancia de desplazamiento: \u00b150 mm<br \/>\nDatos del husillo:<br \/>\n- Eje principal:<br \/>\no Velocidad del husillo: hasta 6.000 rpm<br \/>\no Potencia motriz: aprox. 18 kW<br \/>\n- Contrahusillo:<br \/>\no Sincronizado con el husillo principal<br \/>\no Mismos datos t\u00e9cnicos que el husillo principal<br \/>\nHerramienta de accionamiento:<br \/>\n- Herramientas el\u00e9ctricas: S\u00ed<br \/>\n- Velocidad de la herramienta: hasta 6.000 rpm<br \/>\n- Potencia motriz: aprox. 5 kW por torreta<br \/>\nCaracter\u00edsticas especiales:<br \/>\n- Posibilidad de trabajar simult\u00e1neamente con ambas torretas<br \/>\n- Alta din\u00e1mica para tiempos de ciclo cortos<br \/>\n- Opcionalmente con cargador de barras y transportador de virutas<\/p>\n<p>Periferia:<br \/>\n- Sistema de alimentaci\u00f3n: sistema de carga WHU \/ sistema de carga de p\u00f3rtico para piezas en bruto<br \/>\n- Manuales: disponibles<br \/>\n- Transportador de virutas<br \/>\n- Sistema de alta presi\u00f3n<br \/>\n- Balanzas de vidrio<br \/>\n________________________________________<br \/>\nDimensiones y peso:<br \/>\n- Dimensiones de la m\u00e1quina (L x A x A): aprox. 3.000 x 1.800 x 2.000 mm<br \/>\n- Peso: aprox. 6.500 kg<\/p>\n<p>Estado:<br \/>\nLa m\u00e1quina es completamente funcional y est\u00e1 en buenas condiciones de uso.<br \/>\nSi desea m\u00e1s informaci\u00f3n o concertar una cita para ver la m\u00e1quina en funcionamiento, no dude en ponerse en contacto con nosotros.<br \/>\nSujeto a cambios y errores en los datos t\u00e9cnicos y la informaci\u00f3n, as\u00ed como a la venta previa.<\/p>\n<p>Designaci\u00f3n de la m\u00e1quina: Torno corto CNC<br \/>\nFabricante: Index<br \/>\nModelo: C100 2 REVOLVER<br \/>\nA\u00f1o de fabricaci\u00f3n: 2011<br \/>\nControl: Siemens<br \/>\nN\u00famero de torretas: 2 (superior\/inferior)<br \/>\nPuestos de herramientas por torreta: 12 puestos, todos accionados<br \/>\n________________________________________<br \/>\nINDEX C100 \/ 2 REVOLVER WHU Sistema de carga Tornos cortos CNC<br \/>\n________________________________________<br \/>\nDatos t\u00e9cnicos:<br \/>\n- A\u00f1o de fabricaci\u00f3n: 2011<br \/>\n- Control: Siemens 840D<br \/>\n- Horas de mecanizado: Horas<br \/>\n- Horas de control: Horas<br \/>\n- Funcionalidad: Completamente funcional<br \/>\nConfiguraci\u00f3n de ejes:<br \/>\n- Eje X (arriba\/abajo):<br \/>\no Distancia de recorrido: aprox. 100 mm<br \/>\no Avance r\u00e1pido: hasta 30 m\/min<br \/>\n- Eje Z (arriba\/abajo):<br \/>\no Distancia de recorrido: 320 mm aprox.<br \/>\no Avance r\u00e1pido: hasta 30 m\/min<br \/>\n- Eje Y (opcional, si est\u00e1 disponible):<br \/>\no Trayectoria transversal: \u00b150 mm<br \/>\nDatos del husillo:<br \/>\n- Eje principal:<br \/>\no Velocidad del husillo: hasta 6.000 rpm<br \/>\no Potencia motriz: aprox. 18 kW<br \/>\n- Contrahusillo:<br \/>\no Sincronizado con el husillo principal<br \/>\no Mismos datos t\u00e9cnicos que el husillo principal<br \/>\nHerramienta de accionamiento:<br \/>\n- Herramientas accionadas: S\u00ed<br \/>\n- Velocidad de la herramienta: hasta 6.000 rpm<br \/>\n- Potencia motriz: aprox. 5 kW por torreta<br \/>\nCaracter\u00edsticas especiales:<br \/>\n- Posibilidad de trabajar simult\u00e1neamente con ambas torretas<br \/>\n- Alta din\u00e1mica para tiempos de ciclo cortos<br \/>\n- Opcionalmente con cargador de barras y transportador de virutas<br \/>\nPerif\u00e9ricos:<br \/>\n- Sistema de alimentaci\u00f3n: sistema de carga WHU \/ dispositivo de carga de p\u00f3rtico para piezas en bruto<br \/>\n- Manuales: disponibles<br \/>\n- Transportador de virutas<br \/>\n- Sistema de alta presi\u00f3n<br \/>\n- Balanzas de vidrio<br \/>\n________________________________________<br \/>\nDimensiones y peso:<br \/>\n- Dimensiones de la m\u00e1quina (L x A x A): aprox. 3.000 x 1.800 x 2.000 mm<br \/>\n- Peso: aprox. 6.500 kg<\/p>\n<p>Estado:<br \/>\nLa m\u00e1quina es completamente funcional y est\u00e1 en buenas condiciones de uso.<br \/>\nSi desea m\u00e1s informaci\u00f3n o concertar una cita para ver la m\u00e1quina en funcionamiento, no dude en ponerse en contacto con nosotros.<br \/>\nSujeto a cambios y errores en los datos t\u00e9cnicos y la informaci\u00f3n, as\u00ed como a la venta previa.<\/p>","protected":false},"excerpt":{"rendered":"<p>Standort: Deutschland, Baden-W\u00fcrttemberg S\u00fcdwest Zustand: Gebraucht Hersteller: Index Modell: C100 mit 2 Revolver Baujahr: 2011 Interne Nr.: 231240 Maschinenbezeichnung: CNC-Kurzdrehmaschine Hersteller: Index Modell: C100 2 REVOLVER Baujahr: 2011 Steuerung: Siemens Anzahl Revolver: 2 (oben \/ Unten) Werkzeugplaetze pro Revolver: 12 Stationen, alle Angetrieben ________________________________________ INDEX C100 \/ 2 REVOLVER WHU Beladesystem CNC-Kurzdrehmaschine ________________________________________ Technische Daten: [&hellip;]<\/p>\n","protected":false},"featured_media":3158,"comment_status":"open","ping_status":"closed","template":"","meta":{"_uf_show_specific_survey":0,"_uf_disable_surveys":false},"product_brand":[],"product_cat":[90],"product_tag":[],"class_list":{"0":"post-3166","1":"product","2":"type-product","3":"status-publish","4":"has-post-thumbnail","6":"product_cat-cnc-drehmaschinen-0-199mm-drehd","8":"first","9":"instock","10":"taxable","11":"shipping-taxable","12":"product-type-simple"},"aioseo_notices":[],"_links":{"self":[{"href":"https:\/\/mueller-wrh.de\/es\/wp-json\/wp\/v2\/product\/3166","targetHints":{"allow":["GET"]}}],"collection":[{"href":"https:\/\/mueller-wrh.de\/es\/wp-json\/wp\/v2\/product"}],"about":[{"href":"https:\/\/mueller-wrh.de\/es\/wp-json\/wp\/v2\/types\/product"}],"replies":[{"embeddable":true,"href":"https:\/\/mueller-wrh.de\/es\/wp-json\/wp\/v2\/comments?post=3166"}],"wp:featuredmedia":[{"embeddable":true,"href":"https:\/\/mueller-wrh.de\/es\/wp-json\/wp\/v2\/media\/3158"}],"wp:attachment":[{"href":"https:\/\/mueller-wrh.de\/es\/wp-json\/wp\/v2\/media?parent=3166"}],"wp:term":[{"taxonomy":"product_brand","embeddable":true,"href":"https:\/\/mueller-wrh.de\/es\/wp-json\/wp\/v2\/product_brand?post=3166"},{"taxonomy":"product_cat","embeddable":true,"href":"https:\/\/mueller-wrh.de\/es\/wp-json\/wp\/v2\/product_cat?post=3166"},{"taxonomy":"product_tag","embeddable":true,"href":"https:\/\/mueller-wrh.de\/es\/wp-json\/wp\/v2\/product_tag?post=3166"}],"curies":[{"name":"wp","href":"https:\/\/api.w.org\/{rel}","templated":true}]}}