{"id":3157,"date":"2025-03-13T16:40:11","date_gmt":"2025-03-13T16:40:11","guid":{"rendered":"https:\/\/mueller-wrh.de\/produkt\/buechele-filteranlage-und-spaenefoerdersystem-fuer-cnc-werkzeugmaschinen-fuer-fanuc-robodrill-%ce%b1-d21lib5-plus-bab-zentrum_2022_02_intnr231242\/"},"modified":"2025-03-13T16:40:11","modified_gmt":"2025-03-13T16:40:11","slug":"buechele-filteranlage-und-spaenefoerdersystem-fuer-cnc-werkzeugmaschinen-fuer-fanuc-robodrill-%ce%b1-d21lib5-plus-bab-zentrum_2022_02_intnr231242","status":"publish","type":"product","link":"https:\/\/mueller-wrh.de\/es\/producto\/buechele-filteranlage-und-spaenefoerdersystem-fuer-cnc-werkzeugmaschinen-fuer-fanuc-robodrill-%ce%b1-d21lib5-plus-bab-zentrum_2022_02_intnr231242\/","title":{"rendered":"Sistema de filtro B\u00fcchele y sistema de transporte de virutas para m\u00e1quinas herramienta CNC para FANUC ROBODRILL \u03b1-D21LiB5 Plus BAB-Zentrum_2022_02_IntNr231242"},"content":{"rendered":"<p><b>Ubicaci\u00f3n:<\/b> Alemania, Baden-W\u00fcrttemberg Suroeste<\/p>\n<p><b>Estado:<\/b> Nuevo<\/p>\n<p><b>Fabricante:<\/b> SF Systems B\u00fcchele<\/p>\n<p><b>Modelo:<\/b> SFB 600 _KF 200\/950<\/p>\n<p><b>A\u00f1o de construcci\u00f3n:<\/b> 2024<\/p>\n<p><b>Horario de apertura:<\/b> 0<\/p>\n<p>IntNo231242<\/p>\n<p>Sistema de filtrado B\u00fcchele SFB-600 y sistema de transporte de virutas para m\u00e1quinas herramienta CNC para centro FANUC ROBODRILL \u03b1-D21LiB5 Plus BAB<br \/>\nTransportador + sistema de filtro de flujo total<br \/>\nEjecuci\u00f3n:<br \/>\nConsta de:<br \/>\nTipo: KF 200\/950<br \/>\nBomba de tornillo KTS 25-38-T; 400V; 50 Hz<br \/>\nBomba centr\u00edfuga 1 MTR 10-14\/6; 400 V; 50 Hz<br \/>\nBomba centr\u00edfuga 2 MTR 3-23\/7; 400V; 50 Hz<br \/>\nVersi\u00f3n: Versi\u00f3n izquierda<br \/>\nFiltro compacto KF 200 \/ 950<br \/>\nSoporte para vell\u00f3n KF top (integrado en la carcasa)<br \/>\nCapacidad del filtro 200 l\/min<br \/>\nVell\u00f3n filtrante PW 70\/70<br \/>\nVersi\u00f3n \"izquierda<br \/>\nDep\u00f3sito:Tipo FKA\/950<br \/>\nLongitud 1.600 mm<br \/>\nAnchura 1.010 mm<br \/>\nAltura 900 mm<br \/>\nDistancia al suelo 100 mm<br \/>\nCapacidad 950 litros<br \/>\nMaterial acero, espesor de chapa 3 mm<br \/>\nTapa del dep\u00f3sito de chapa de acero<br \/>\nConexiones de radiador preparadas<br \/>\nTuber\u00eda para el soporte de la bomba un list\u00f3n de mamparo<br \/>\nBoquilla de salida de entrada para un enfriador de flujo continuo.<br \/>\nSensor de nivel 1 ud.<br \/>\nMarca: Knoll Balluff con visualizador<br \/>\nN\u00famero de puntos de conmutaci\u00f3n 3 ST<br \/>\nseg\u00fan 70 915 11808<br \/>\nBomba 1 ST<br \/>\nBomba centr\u00edfuga para lavado de lechos<br \/>\nPresi\u00f3n 3,2 bar \/ Fabricante Grundfos<br \/>\nTipo MTR 10-16\/4<br \/>\nPotencia 1,50 kW<br \/>\nCaudal 120-150 l\/min<br \/>\nBomba 1 ST<br \/>\nBomba centr\u00edfuga para refrigeraci\u00f3n externa\/pistola de lavado<br \/>\nPresi\u00f3n 5,0 bar<br \/>\nFabricante Grundfos<br \/>\nTipo MTR 3-36\/7<br \/>\nPotencia 0,55 kW<br \/>\nCaudal 30-50 l\/min<br \/>\nTuber\u00eda con v\u00e1lvula de 3\/2 v\u00edas MK10DR<br \/>\nControl:<br \/>\n1\u00aa puerta cerrada Se\u00f1al: Funcionamiento normal refrigeraci\u00f3n externa<br \/>\n2\u00aa puerta abierta Se\u00f1al: Funcionamiento de la pistola de lavado<br \/>\nhasta pasados 60 segundos, luego se\u00f1al,<br \/>\nBomba apagada<br \/>\nBomba de tornillo KTS 25 1 ST<br \/>\nTipo: KTS 25<br \/>\nPotencia a 50 Hz a 400 V 4,00 kW<br \/>\nTensi\u00f3n a 50 Hz 400 V<br \/>\nFrecuencia 50 Hz<br \/>\nClase de eficiencia IE3<br \/>\nSin control de frecuencia<br \/>\nTuber\u00edas S\u00ed<br \/>\nTuber\u00edas est\u00e1ndar S\u00ed<br \/>\nV\u00e1lvula DBV-60\/75<br \/>\nMan\u00f3metro BAR<br \/>\nCaudal 25 l\/min<br \/>\nPresi\u00f3n 60 bar<br \/>\nFunci\u00f3n IKZ<br \/>\nTuber\u00eda 1 ud.<br \/>\nTuber\u00edas de alta presi\u00f3n<br \/>\nEjecuci\u00f3n Ermeto<br \/>\nElectricidad 1 ST<br \/>\nVersi\u00f3n con armario el\u00e9ctrico<br \/>\nSensores digitales (punto de conmutaci\u00f3n) 3 ST<br \/>\nSensores anal\u00f3gicos 3 ST<br \/>\nUnidades de filtrado KF<br \/>\nSistema de transporte Enchufable<br \/>\nControl especial<br \/>\nVisualizaci\u00f3n de texto KTP 400 Comfort<br \/>\nCarcasa de la caja Caja mural<br \/>\nSensores de nivel digitales\/anal\u00f3gicos<br \/>\nInterruptor principal<br \/>\nCable de interfaz de 8 metros lineales, con conector HARTING en ambos lados incl.<br \/>\nConector de acoplamiento<br \/>\nCable de alimentaci\u00f3n de 5 metros con enchufe CEE<\/p>\n<p>La m\u00e1quina puede visitarse con cita previa.<br \/>\n\u00a1Cambios y errores en los datos t\u00e9cnicos y la informaci\u00f3n, as\u00ed como la venta previa reservados!<\/p>\n<p>Sistema de filtro B\u00fcchele y transportador de virutas para m\u00e1quinas herramienta CNC para el centro BAB FANUC ROBODRILL \u03b1-D21LiB5 Plus<br \/>\nTransportador + Sistema de filtro de flujo total<\/p>\n<p>Especificaciones:<br \/>\nConsta de:<\/p>\n<p>Tipo: KF 200\/950<br \/>\nBomba de husillo: KTS 25-38-T; 400V; 50 Hz<br \/>\nBomba centr\u00edfuga 1: MTR 10-14\/6; 400V; 50 Hz<br \/>\nBomba centr\u00edfuga 2: MTR 3-23\/7; 400 V; 50 Hz<br \/>\nConfiguraci\u00f3n: Versi\u00f3n izquierda<br \/>\nFiltro compacto KF 200 \/ 950<br \/>\nAdmisi\u00f3n de vell\u00f3n filtrante: KF Top (integrado en la carcasa)<br \/>\nCapacidad de filtrado: 200 l\/min<br \/>\nVell\u00f3n filtrante: PW 70\/70<br \/>\nVersi\u00f3n: Izquierda<br \/>\nDep\u00f3sito: Tipo FKA\/950<br \/>\nLongitud: 1.600 mm<br \/>\nAnchura: 1.010 mm<br \/>\nAltura: 900 mm<br \/>\nDistancia al suelo: 100 mm<br \/>\nCapacidad: 950 litros<br \/>\nMaterial: Acero, grosor de la chapa 3 mm<br \/>\nTapa del dep\u00f3sito: Chapa de acero<br \/>\nConexiones frigor\u00edficas: Preparado<br \/>\nTuber\u00eda de aspiraci\u00f3n de la bomba: Una moldura de mamparo<br \/>\nConexiones de entrada y salida: Para un refrigerador de circulaci\u00f3n<br \/>\nSensor de nivel de llenado: 1 ud.<br \/>\nFabricante: Knoll Balluff con visualizador<br \/>\nN\u00famero de puntos de conmutaci\u00f3n: 3 unidades<br \/>\nSeg\u00fan norma: 70 915 11808<br \/>\nBombas:<br \/>\nBomba centr\u00edfuga para lavado de lechos:<\/p>\n<p>Presi\u00f3n: 3,2 bar<br \/>\nFabricante: Grundfos<br \/>\nTipo: MTR 10-16\/4<br \/>\nPotencia: 1,50 kW<br \/>\nCaudal: 120-150 l\/min<br \/>\nBomba centr\u00edfuga para refrigeraci\u00f3n externa \/ pistola de lavado:<\/p>\n<p>Presi\u00f3n: 5,0 bar<br \/>\nFabricante: Grundfos<br \/>\nTipo: MTR 3-36\/7<br \/>\nPotencia: 0,55 kW<br \/>\nCaudal: 30-50 l\/min<br \/>\nTuber\u00eda con v\u00e1lvula de 3\/2 v\u00edas: MK10DR<br \/>\nSistema de control:<br \/>\nSe\u00f1al de puerta cerrada: Funcionamiento normal - refrigeraci\u00f3n externa<br \/>\nSe\u00f1al de puerta abierta: funcionamiento de la pistola de lavado (hasta 60 segundos), despu\u00e9s se\u00f1al - bomba apagada<br \/>\nBomba de husillo KTS 25 (1 ud.):<br \/>\nTipo: KTS 25<br \/>\nPotencia a 50 Hz \/ 400 V: 4,00 kW<br \/>\nTensi\u00f3n: 400 V<br \/>\nFrecuencia: 50 Hz<br \/>\nClase de eficiencia: IE3<br \/>\nSin control de frecuencia<br \/>\nTuber\u00edas: S\u00ed<br \/>\nTuber\u00edas est\u00e1ndar: S\u00ed<br \/>\nV\u00e1lvula DBV-60\/75<br \/>\nMan\u00f3metro: BAR<br \/>\nCaudal: 25 l\/min<br \/>\nPresi\u00f3n: 60 bar<br \/>\nFunci\u00f3n: IKZ<br \/>\nTuber\u00eda adicional (1 ud.):<br \/>\nTuber\u00edas de alta presi\u00f3n<br \/>\nDise\u00f1o: Ermeto<br \/>\nSistema el\u00e9ctrico (1 ud.):<br \/>\nArmario el\u00e9ctrico<br \/>\nSensores digitales (punto de conmutaci\u00f3n): 3 unidades<br \/>\nSensores anal\u00f3gicos: 3 unidades<br \/>\nUnidades de filtro: KF<br \/>\nSistema modular de transporte<br \/>\nSistema de control especial<br \/>\nVisualizaci\u00f3n de texto: KTP 400 Comfort<br \/>\nCarcasa del armario de control: Armario de pared<br \/>\nSensores de nivel de llenado: Digital\/anal\u00f3gico<br \/>\nInterruptor principal<br \/>\nCable de interfaz: 8 metros, ambos extremos con conector HARTING incl. clavija a juego<br \/>\nCable de alimentaci\u00f3n: 5 metros con enchufe CEE<br \/>\nLa m\u00e1quina puede inspeccionarse con cita previa.<br \/>\nReservado el derecho a realizar modificaciones y errores en los datos t\u00e9cnicos y las especificaciones, as\u00ed como a la venta anticipada.<\/p>","protected":false},"excerpt":{"rendered":"<p>Standort: Deutschland, Baden-W\u00fcrttemberg S\u00fcdwest Zustand: Neu Hersteller: SF-Systeme B\u00fcchele Modell: SFB 600 _KF 200\/950 Baujahr: 2024 Betriebsstunden: 0 IntNr231242 B\u00fcchele SFB-600 Filteranlage und Sp\u00e4nef\u00f6rdersystem f\u00fcr CNC-Werkzeugmaschinen f\u00fcr FANUC ROBODRILL \u03b1-D21LiB5 Plus BAB-Zentrum F\u00f6rderer + Vollstromfilteranlage Ausf\u00fchrung: Bestehend aus: Typ: KF 200\/950 Schraubenspindelpumpe KTS 25-38-T; 400V; 50 Hz Kreiselpumpe 1 MTR 10-14\/6; 400 V; 50 Hz [&hellip;]<\/p>\n","protected":false},"featured_media":3154,"comment_status":"open","ping_status":"closed","template":"","meta":{"_uf_show_specific_survey":0,"_uf_disable_surveys":false},"product_brand":[],"product_cat":[104],"product_tag":[],"class_list":{"0":"post-3157","1":"product","2":"type-product","3":"status-publish","4":"has-post-thumbnail","6":"product_cat-hochdruckanlagen","8":"first","9":"instock","10":"taxable","11":"shipping-taxable","12":"product-type-simple"},"aioseo_notices":[],"_links":{"self":[{"href":"https:\/\/mueller-wrh.de\/es\/wp-json\/wp\/v2\/product\/3157","targetHints":{"allow":["GET"]}}],"collection":[{"href":"https:\/\/mueller-wrh.de\/es\/wp-json\/wp\/v2\/product"}],"about":[{"href":"https:\/\/mueller-wrh.de\/es\/wp-json\/wp\/v2\/types\/product"}],"replies":[{"embeddable":true,"href":"https:\/\/mueller-wrh.de\/es\/wp-json\/wp\/v2\/comments?post=3157"}],"wp:featuredmedia":[{"embeddable":true,"href":"https:\/\/mueller-wrh.de\/es\/wp-json\/wp\/v2\/media\/3154"}],"wp:attachment":[{"href":"https:\/\/mueller-wrh.de\/es\/wp-json\/wp\/v2\/media?parent=3157"}],"wp:term":[{"taxonomy":"product_brand","embeddable":true,"href":"https:\/\/mueller-wrh.de\/es\/wp-json\/wp\/v2\/product_brand?post=3157"},{"taxonomy":"product_cat","embeddable":true,"href":"https:\/\/mueller-wrh.de\/es\/wp-json\/wp\/v2\/product_cat?post=3157"},{"taxonomy":"product_tag","embeddable":true,"href":"https:\/\/mueller-wrh.de\/es\/wp-json\/wp\/v2\/product_tag?post=3157"}],"curies":[{"name":"wp","href":"https:\/\/api.w.org\/{rel}","templated":true}]}}