{"id":3002,"date":"2025-03-13T16:34:44","date_gmt":"2025-03-13T16:34:44","guid":{"rendered":"https:\/\/mueller-wrh.de\/produkt\/gebr-emag-weiss-w11-cnc-sl650-bj-20-intnr231185\/"},"modified":"2025-03-13T16:34:44","modified_gmt":"2025-03-13T16:34:44","slug":"gebr-emag-weiss-w11-cnc-sl650-bj-20-intnr231185","status":"publish","type":"product","link":"https:\/\/mueller-wrh.de\/es\/producto\/gebr-emag-weiss-w11-cnc-sl650-bj-20-intnr231185\/","title":{"rendered":"usado EMAG WEISS W11 CNC SL650 a\u00f1o '20 (IntNo231185)"},"content":{"rendered":"<p><b>Ubicaci\u00f3n:<\/b> Alemania, Baden-W\u00fcrttemberg Suroeste<\/p>\n<p><b>Estado:<\/b> Usado<\/p>\n<p><b>Fabricante:<\/b> EMAG WEISS<\/p>\n<p><b>Modelo:<\/b> W11_CNC_SL650<\/p>\n<p><b>A\u00f1o de construcci\u00f3n:<\/b> 2020<\/p>\n<p><b>Horario de apertura:<\/b> 6875<\/p>\n<p>EMAG WEISS Rectificadora cil\u00edndrica EMAG WEISS Tipo W11-CNC \/ RECTIFICADORA CIRCULAR UNIVERSAL W 11-CNC SL650<br \/>\nHoras del cabezal: aprox. 6.850 horas<br \/>\nHoras de conexi\u00f3n el\u00e9ctrica: 20.422 horas<br \/>\nEl concepto de control 2 en 1 caracteriza a esta m\u00e1quina:<br \/>\n100 % Rectificado cil\u00edndrico convencional o cambio a 100% Rectificado cil\u00edndrico CNC<br \/>\nDatos t\u00e9cnicos:<br \/>\n- Control: Control CNC (Heidenhain, Siemens o Fanuc, seg\u00fan el a\u00f1o de fabricaci\u00f3n)<br \/>\nLongitud de lijado m\u00e1x. mm 650 \/ 1.500 ; pulg 25,5 \/ 59<br \/>\nAltura central mm 200 pulg. 8<br \/>\nRectificado exterior \u00d8 mm1 \/ 390 pulg. 0 \/ 15,5<br \/>\nPeso m\u00e1ximo MK 4 kg 100 \/ lb 220.5<br \/>\npeso m\u00e1x. de la pieza entre centros kg 250 \/lb 551<br \/>\nAvance: Recorrido eje X mm 380 \/ 480 \/in 15 \/ 19<br \/>\nAvance: Recorrido del eje Z mm 1.150 \/ 1.650 pulg 45,5 \/ 65<br \/>\nDisco de amolar \u00d8 mm 400 \/ 500 pulg. 15,5 \/ 19,5<br \/>\nNennleistung (100%ED)\tkW 9 \/ 11 hp 12 \/ 15<br \/>\nVelocidad perif\u00e9rica m\/s 20 - 50<\/p>\n<p>Equipamiento de m\u00e1quinas:<br \/>\n- Accionamiento del disco de desbaste: potente motor para resultados de desbaste precisos<br \/>\n- Contrapunto: Contrapunto ajustable para diferentes longitudes de pieza de trabajo<br \/>\n- Portapiezas: Mandril o centros de centrado (seg\u00fan aplicaci\u00f3n)<br \/>\n- Sistema de refrigeraci\u00f3n: integrado, para evitar el sobrecalentamiento y obtener unos resultados de lijado \u00f3ptimos<br \/>\n- Interfaz f\u00e1cil de usar: Interfaz de usuario CNC intuitiva para una programaci\u00f3n y un control sencillos<br \/>\n- Sistemas de medici\u00f3n para el control y la garant\u00eda de calidad en tiempo real<br \/>\n- Bancada de la m\u00e1quina Bancada de fundici\u00f3n Base de Karstens de gran rigidez est\u00e1tico-din\u00e1mica<br \/>\n- Eje X Gu\u00edas lineales de alta precisi\u00f3n, husillo de bolas y escala de vidrio<br \/>\n- Gu\u00edas planas en V o lineales del eje Z, husillo de bolas y escala de cristal<br \/>\n- Control Pantalla t\u00e1ctil con control CNC integrado en base Windows Programaci\u00f3n por di\u00e1logo, programaci\u00f3n DIN, memoria de programas.<br \/>\n- Equipamiento t\u00e9cnico Armario el\u00e9ctrico seg\u00fan VDE con marcado CE<br \/>\n- Sistema de refrigeraci\u00f3n y extracci\u00f3n<br \/>\n- Sistema de filtro de cinta de papel con contenedor de 250 |<br \/>\n- Extracci\u00f3n mec\u00e1nica de vapores con 1600 m\u00b2\/3 con control sin pata de apoyo<br \/>\n- Eje de medici\u00f3n para aproximaci\u00f3n a varios di\u00e1metros con amplio alcance<br \/>\n- Cabezal de medici\u00f3n. Posici\u00f3n de medici\u00f3n libremente programable.<br \/>\n- Prepare la interfaz del robot.<br \/>\n- Proporcionar s\u00f3lo 10 x l \/ O sin enchufe de interfaz Software y PLC<\/p>\n<p>Aplicaciones:<br \/>\n- Mecanizado cil\u00edndrico externo e interno<br \/>\n- Rectificado de precisi\u00f3n para la ingenier\u00eda mec\u00e1nica, la industria del autom\u00f3vil y la fabricaci\u00f3n de herramientas<br \/>\n- Fabricaci\u00f3n de ejes, casquillos, rodillos y otras piezas de rotaci\u00f3n sim\u00e9trica<br \/>\nCaracter\u00edsticas especiales:<br \/>\n- Gran rigidez del cuerpo de la m\u00e1quina para un funcionamiento sin vibraciones<br \/>\n- Control CNC para ciclos de rectificado complejos y mecanizado flexible<br \/>\n- Posibilidad de adaptaci\u00f3n a las necesidades espec\u00edficas del cliente<br \/>\nEquipamiento opcionalmente retroadaptable:<br \/>\n- Sistemas automatizados de carga y descarga<br \/>\n- Soportes especiales y soportes especiales para muelas<br \/>\nDiscos abrasivos opcionales disponibles:<br \/>\n- Ver las fotos<\/p>\n<p>La m\u00e1quina puede inspeccionarse con cita previa.<br \/>\n\u00a1Cambios y errores en los datos t\u00e9cnicos y la informaci\u00f3n, as\u00ed como la venta previa reservados!<\/p>\n<p>EMAG WEISS Rectificadora cil\u00edndrica EMAG WEISS Tipo W11-CNC \/ RECTIFICADORA CIRCULAR UNIVERSAL W 11-CNC SL650<br \/>\nHoras de funcionamiento: aproximadamente 6.850 horas<br \/>\nHoras de encendido: 20.422 horas<br \/>\nEl concepto de control 2 en 1 caracteriza a esta m\u00e1quina:<br \/>\nRectificado cil\u00edndrico convencional 100% o cambio a rectificado cil\u00edndrico CNC 100%<br \/>\nDatos t\u00e9cnicos:<br \/>\n- Control: Control CNC (Heidenhain, Siemens o Fanuc, seg\u00fan el a\u00f1o de fabricaci\u00f3n)<br \/>\nLongitud de rectificado m\u00e1x. mm 650 \/ 1.500 ; pulg 25,5 \/ 59<br \/>\nAltura central mm 200 pulg. 8<br \/>\nRectificado exterior \u00d8 mm1 \/ 390 pulg. 0 \/ 15,5<br \/>\npeso m\u00e1x. MK 4 kg 100 \/ lb 220.5<br \/>\nPeso m\u00e1x. de la pieza entre centros kg 250 \/ lb 551<br \/>\nAvance: Recorrido eje X mm 380 \/ 480 \/in 15 \/ 19<br \/>\nAvance: Recorrido eje Z mm 1.150 \/ 1.650 pulg 45,5 \/ 65<br \/>\nMuela \u00d8 mm 400 \/ 500 pulg. 15,5 \/ 19,5<br \/>\nRated power (100%ED) kW 9 \/ 11 hp 12 \/ 15<br \/>\nVelocidad perif\u00e9rica m\/s 20 - 50<\/p>\n<p>Equipamiento de m\u00e1quinas:<br \/>\n- Accionamiento de la muela: potente motor para resultados de rectificado precisos<br \/>\n- Contrapunto: Contrapunto ajustable para diferentes longitudes de pieza de trabajo<br \/>\n- Portapiezas: Mandril o centros (seg\u00fan aplicaci\u00f3n)<br \/>\n- Sistema de refrigeraci\u00f3n: integrado, para evitar el sobrecalentamiento y obtener unos resultados de lijado \u00f3ptimos<br \/>\n- Interfaz de usuario f\u00e1cil de usar: Interfaz de usuario CNC intuitiva para<br \/>\n- Sistemas de medici\u00f3n para el control y la garant\u00eda de calidad en tiempo real<br \/>\n- Bancada de la m\u00e1quina Bancada de fundici\u00f3n Base de Karstens de gran rigidez est\u00e1tico-din\u00e1mica<br \/>\n- Gu\u00edas lineales de alta precisi\u00f3n en el eje X, husillo de bolas y escala de vidrio<br \/>\n- Gu\u00edas planas en V o lineales del eje Z, husillo de bolas y escala de cristal<br \/>\n- Control Pantalla t\u00e1ctil con control CNC integrado en base Windows Programaci\u00f3n por di\u00e1logo, programaci\u00f3n DIN, memoria de programa.<br \/>\n- Equipamiento t\u00e9cnico Armario el\u00e9ctrico seg\u00fan VDE con marcado CE<br \/>\n- Sistema de refrigeraci\u00f3n y extracci\u00f3n<br \/>\n- Sistema de filtro de cinta de papel con contenedor de 250 |<br \/>\n- Sistema mec\u00e1nico de extracci\u00f3n de humos con 1600 qm\/3 con control sin pie de apoyo<br \/>\n- Eje de medici\u00f3n para aproximaci\u00f3n a varios di\u00e1metros con amplio alcance<br \/>\n- Cabezal de medici\u00f3n. Posici\u00f3n de medici\u00f3n libremente programable.<br \/>\n- Prepare la interfaz del robot.<br \/>\n- Proporcionar s\u00f3lo 10 x l \/ O sin enchufe de interfaz Software y PLC<br \/>\nAplicaciones:<br \/>\n- Mecanizado cil\u00edndrico externo e interno<br \/>\n- Rectificado de precisi\u00f3n para la ingenier\u00eda mec\u00e1nica, la industria del autom\u00f3vil y la fabricaci\u00f3n de herramientas<br \/>\n- Fabricaci\u00f3n de ejes, casquillos, rodillos y otras piezas con simetr\u00eda de rotaci\u00f3n<br \/>\nCaracter\u00edsticas especiales:<br \/>\n- Gran rigidez del cuerpo de la m\u00e1quina para un trabajo sin vibraciones<br \/>\n- Control CNC para ciclos de rectificado complejos y mecanizado flexible<br \/>\n- Puede adaptarse a las necesidades espec\u00edficas del cliente<br \/>\nEquipamiento de reequipamiento opcional:<br \/>\n- Sistemas automatizados de carga y descarga<br \/>\n- Dispositivos especiales y soportes especiales para muelas<\/p>\n<p>Muelas opcionales disponibles:<br \/>\n- Ver las fotos<\/p>\n<p>La m\u00e1quina puede inspeccionarse con cita previa.<br \/>\n\u00a1Cambios y errores en los datos t\u00e9cnicos y la informaci\u00f3n, as\u00ed como la venta previa reservados!<\/p>","protected":false},"excerpt":{"rendered":"<p>Standort: Deutschland, Baden-W\u00fcrttemberg S\u00fcdwest Zustand: Gebraucht Hersteller: EMAG WEISS Modell: W11_CNC_SL650 Baujahr: 2020 Betriebsstunden: 6875 EMAG WEISS Rundschleifmaschine EMAG WEISS Typ W11-CNC \/ UNIVERSAL RUNDSCHLEIFMASCHINE W 11-CNC SL650 Spindelstunden: ca. 6.850 Stunden Strom Einschaltstunden: 20.422 Stunden 2 in 1 Steuerungskonzept zeichnet diese Maschine aus: 100 % Konventionell rundschleifen oder umschalten auf 100% CNC rundschleifen Technische [&hellip;]<\/p>\n","protected":false},"featured_media":2994,"comment_status":"open","ping_status":"closed","template":"","meta":{"_uf_show_specific_survey":0,"_uf_disable_surveys":false},"product_brand":[],"product_cat":[22],"product_tag":[],"class_list":{"0":"post-3002","1":"product","2":"type-product","3":"status-publish","4":"has-post-thumbnail","6":"product_cat-cnc-schleifmaschinen","8":"first","9":"instock","10":"taxable","11":"shipping-taxable","12":"product-type-simple"},"aioseo_notices":[],"_links":{"self":[{"href":"https:\/\/mueller-wrh.de\/es\/wp-json\/wp\/v2\/product\/3002","targetHints":{"allow":["GET"]}}],"collection":[{"href":"https:\/\/mueller-wrh.de\/es\/wp-json\/wp\/v2\/product"}],"about":[{"href":"https:\/\/mueller-wrh.de\/es\/wp-json\/wp\/v2\/types\/product"}],"replies":[{"embeddable":true,"href":"https:\/\/mueller-wrh.de\/es\/wp-json\/wp\/v2\/comments?post=3002"}],"wp:featuredmedia":[{"embeddable":true,"href":"https:\/\/mueller-wrh.de\/es\/wp-json\/wp\/v2\/media\/2994"}],"wp:attachment":[{"href":"https:\/\/mueller-wrh.de\/es\/wp-json\/wp\/v2\/media?parent=3002"}],"wp:term":[{"taxonomy":"product_brand","embeddable":true,"href":"https:\/\/mueller-wrh.de\/es\/wp-json\/wp\/v2\/product_brand?post=3002"},{"taxonomy":"product_cat","embeddable":true,"href":"https:\/\/mueller-wrh.de\/es\/wp-json\/wp\/v2\/product_cat?post=3002"},{"taxonomy":"product_tag","embeddable":true,"href":"https:\/\/mueller-wrh.de\/es\/wp-json\/wp\/v2\/product_tag?post=3002"}],"curies":[{"name":"wp","href":"https:\/\/api.w.org\/{rel}","templated":true}]}}