{"id":2958,"date":"2025-03-13T16:33:22","date_gmt":"2025-03-13T16:33:22","guid":{"rendered":"https:\/\/mueller-wrh.de\/produkt\/gebr-biglia-wkz-halter-angetr-used-toolholder-driven-oesterle-mit-ikz_intnr231220\/"},"modified":"2025-03-13T16:33:22","modified_gmt":"2025-03-13T16:33:22","slug":"gebr-biglia-wkz-halter-angetr-used-toolholder-driven-oesterle-mit-ikz_intnr231220","status":"publish","type":"product","link":"https:\/\/mueller-wrh.de\/es\/producto\/gebr-biglia-wkz-halter-angetr-used-toolholder-driven-oesterle-mit-ikz_intnr231220\/","title":{"rendered":"Biglia utiliza portaherramientas accionado Oesterle con IKZ_IntNr231220"},"content":{"rendered":"<p><b>Ubicaci\u00f3n:<\/b> Alemania, Baden-W\u00fcrttemberg Suroeste<\/p>\n<p><b>Estado:<\/b> Como nuevo<\/p>\n<p><b>Fabricante:<\/b> Oesterle<\/p>\n<p><b>Modelo:<\/b> 301 5421 A25 B109<\/p>\n<p><b>A\u00f1o de construcci\u00f3n:<\/b> 2015<\/p>\n<p>Portaherramientas accionados con IKZ<br \/>\nCabezal de taladrado y fresado<br \/>\nrecto Biglia B436 - BMT40<br \/>\nM\u00e1quinas compatibles<br \/>\nBIGLIA - B436<br \/>\nBIGLIA - B438<br \/>\nBIGLIA - BMX 45Y2<br \/>\nPortaherramientas accionado de alta precisi\u00f3n<br \/>\nBI-WZ16AX25i<br \/>\nCabezal de taladrado y fresado axial ER25 con husillo A25 Power<br \/>\nCojinete de husillo de l\u00ednea con IKZ, 1:1 (Oesterle)<br \/>\ncon refrigeraci\u00f3n externa y ajuste r\u00e1pido del tubo de refrigeraci\u00f3n (pat.)<br \/>\n Portaherramientas<br \/>\nDIN 6499 ER 25<br \/>\n ( d ) Margen de apriete<br \/>\n 0,5 - 16 mm<br \/>\n n m\u00e1x (1\/min) 8000<br \/>\nT m\u00e1x (NM) 16<br \/>\nI n1 \/ n2 1:1<br \/>\nrefrigeraci\u00f3n externa y<br \/>\n Ajuste r\u00e1pido del tubo de refrigeraci\u00f3n<br \/>\n bar 85<\/p>\n<p>Portaherramientas accionado con IKZ<br \/>\nCabezal de taladrado y fresado<br \/>\nrecto Biglia B436 - BMT40<br \/>\nM\u00e1quinas compatibles<br \/>\nBIGLIA - B436<br \/>\nBIGLIA - B438<br \/>\nBIGLIA - BMX 45Y2<br \/>\nPortaherramientas accionados de alta precisi\u00f3n<br \/>\nBI-WZ16AX25i<br \/>\nCabezal de taladrado y fresado axial ER25 con husillo A25 Power<br \/>\nCojinete de husillo de l\u00ednea con IKZ, 1:1 (Oesterle)<br \/>\ncon refrigeraci\u00f3n externa y ajuste r\u00e1pido del tubo de refrigeraci\u00f3n (pat.)<br \/>\n Portaherramientas<br \/>\nDIN 6499 ER 25<br \/>\n ( d ) Margen de apriete<br \/>\n 0,5 - 16 mm<br \/>\n n m\u00e1x (1\/min) 8000<br \/>\nT m\u00e1x (NM) 16<br \/>\nI n1 \/ n2 1:1<br \/>\nRefrigeraci\u00f3n externa y<br \/>\n tubo de refrigeraci\u00f3n ajuste r\u00e1pido<br \/>\n bar 85<\/p>","protected":false},"excerpt":{"rendered":"<p>Standort: Deutschland, Baden-W\u00fcrttemberg S\u00fcdwest Zustand: Neuwertig Hersteller: Oesterle Modell: 301 5421 A25 B109 Baujahr: 2015 gebr. angetriebene Werkzeughalter mit IKZ Bohr- und Fr\u00e4skopf gerade Biglia B436 &#8211; BMT40 Kompatible Maschinen BIGLIA &#8211; B436 BIGLIA &#8211; B438 BIGLIA &#8211; BMX 45Y2 angetriebene Hochpr\u00e4zisions &#8211; Werkzeughalter BI-WZ16AX25i Axial Bohr- und Fr\u00e4skopf ER25 mit Spindel A25 Power Line [&hellip;]<\/p>\n","protected":false},"featured_media":2949,"comment_status":"open","ping_status":"closed","template":"","meta":{"_uf_show_specific_survey":0,"_uf_disable_surveys":false},"product_brand":[],"product_cat":[20],"product_tag":[],"class_list":{"0":"post-2958","1":"product","2":"type-product","3":"status-publish","4":"has-post-thumbnail","6":"product_cat-werkzeughalter","8":"first","9":"instock","10":"taxable","11":"shipping-taxable","12":"product-type-simple"},"aioseo_notices":[],"_links":{"self":[{"href":"https:\/\/mueller-wrh.de\/es\/wp-json\/wp\/v2\/product\/2958","targetHints":{"allow":["GET"]}}],"collection":[{"href":"https:\/\/mueller-wrh.de\/es\/wp-json\/wp\/v2\/product"}],"about":[{"href":"https:\/\/mueller-wrh.de\/es\/wp-json\/wp\/v2\/types\/product"}],"replies":[{"embeddable":true,"href":"https:\/\/mueller-wrh.de\/es\/wp-json\/wp\/v2\/comments?post=2958"}],"wp:featuredmedia":[{"embeddable":true,"href":"https:\/\/mueller-wrh.de\/es\/wp-json\/wp\/v2\/media\/2949"}],"wp:attachment":[{"href":"https:\/\/mueller-wrh.de\/es\/wp-json\/wp\/v2\/media?parent=2958"}],"wp:term":[{"taxonomy":"product_brand","embeddable":true,"href":"https:\/\/mueller-wrh.de\/es\/wp-json\/wp\/v2\/product_brand?post=2958"},{"taxonomy":"product_cat","embeddable":true,"href":"https:\/\/mueller-wrh.de\/es\/wp-json\/wp\/v2\/product_cat?post=2958"},{"taxonomy":"product_tag","embeddable":true,"href":"https:\/\/mueller-wrh.de\/es\/wp-json\/wp\/v2\/product_tag?post=2958"}],"curies":[{"name":"wp","href":"https:\/\/api.w.org\/{rel}","templated":true}]}}