{"id":2924,"date":"2025-03-13T16:32:08","date_gmt":"2025-03-13T16:32:08","guid":{"rendered":"https:\/\/mueller-wrh.de\/produkt\/gebr-gildemeister-speed-12-7_linear-bj-04_intnr231165\/"},"modified":"2026-03-13T12:16:50","modified_gmt":"2026-03-13T12:16:50","slug":"gebr-gildemeister-speed-12-7_linear-bj-04_intnr231165","status":"publish","type":"product","link":"https:\/\/mueller-wrh.de\/es\/producto\/gebr-gildemeister-speed-12-7_linear-bj-04_intnr231165\/","title":{"rendered":"DMG Speed 12-7_Linear Bj.`04_con FMB Minimag (IntNr231165)"},"content":{"rendered":"<p><b>Ubicaci\u00f3n:<\/b> Alemania, Baden-W\u00fcrttemberg Suroeste<\/p>\n<p><b>Estado:<\/b> Usado<\/p>\n<p><b>Fabricante:<\/b> DMG<\/p>\n<p><b>Modelo:<\/b> Velocidad 12-7<\/p>\n<p><b>A\u00f1o de construcci\u00f3n:<\/b> 2004<\/p>\n<p><b>Horario de apertura:<\/b> 153199<\/p>\n<p>Se vende un torno autom\u00e1tico de cabezal m\u00f3vil altamente din\u00e1mico DMG Speed 12-7 Linear<br \/>\ncon cargador FMB Minimag.<br \/>\nSistema de control: Fanuc 16i-TB con interfaz de usuario espec\u00edfica de DMG<br \/>\nA\u00f1o de construcci\u00f3n 2004<\/p>\n<p>Datos t\u00e9cnicos<\/p>\n<p>N\u00famero de ejes: 7 ejes (X1, Y1, Z1, X2, Z2, C1, C2)<br \/>\nM\u00e1x. Di\u00e1metro de la varilla: 12,7 mm<br \/>\nM\u00e1x. Longitud de giro: 120 mm<br \/>\nVelocidades de desplazamiento r\u00e1pidas: Eje X (lineal): 40 m\/min<br \/>\nRefrigeraci\u00f3n del motor lineal: unidad de refrigeraci\u00f3n independiente para la estabilizaci\u00f3n t\u00e9rmica del accionamiento lineal.<br \/>\nEje Z: 30 m\/min<\/p>\n<p>Rango de velocidad del husillo principal: 0 - 12.000 rpm<br \/>\nPotencia motriz: 3,7 \/ 5,5 kW<br \/>\nEje C: resoluci\u00f3n de 0,001\u00b0 para operaciones de fresado de alta precisi\u00f3n<\/p>\n<p>Rango de velocidad del contrahusillo: 0 - 12.000 rpm<br \/>\nDistancia de desplazamiento Z2: 150 mm<br \/>\nEje C: eje C totalmente integrado<\/p>\n<p>Portaherramientas (sistema de gu\u00edas lineales)<br \/>\nN\u00famero total de herramientas: hasta 18 plazas<br \/>\nHerramientas motorizadas: de 3 a 5 puestos para mecanizado transversal<br \/>\nVelocidad de las herramientas accionadas: m\u00e1x. 6.000 rpm<\/p>\n<p>Almac\u00e9n de carga: FMB Minimag para la gama de di\u00e1metros de 2 a 23 mm.<br \/>\nLongitud de la barra: 3,0200 mm<br \/>\nTransportador de virutas<br \/>\nPeque\u00f1o sistema de extinci\u00f3n \/ sistemas de extinci\u00f3n de propiedad Kraft y Bauer<br \/>\nSeparador de piezas<br \/>\nSistema de lavado de virutas  <\/p>\n<p>La m\u00e1quina puede inspeccionarse con cita previa.<br \/>\n\u00a1Cambios y errores en los datos t\u00e9cnicos y la informaci\u00f3n, as\u00ed como la venta previa reservados!<\/p>\n<p>En venta: un torno autom\u00e1tico de largo torneado DMG Speed 12-7 Linear de gran dinamismo<br \/>\ncon cargador FMB Minimag.<br \/>\nSistema de control: Fanuc 16i-TB con interfaz de usuario espec\u00edfica de DMG<br \/>\nA\u00f1o de fabricaci\u00f3n: 2004<\/p>\n<p>Datos t\u00e9cnicos<\/p>\n<p>N\u00famero de ejes: 7 ejes (X1, Y1, Z1, X2, Z2, C1, C2)<br \/>\nDi\u00e1metro m\u00e1x. de la barra: 12,7 mm<br \/>\nLongitud m\u00e1x. de giro: 120 mm<br \/>\nVelocidades de desplazamiento r\u00e1pido: Eje X (lineal): 40 m\/min<br \/>\nRefrigeraci\u00f3n del motor lineal: unidad de refrigeraci\u00f3n independiente para la estabilizaci\u00f3n t\u00e9rmica del accionamiento lineal.<br \/>\nEje Z: 30 m\/min<\/p>\n<p>Rango de velocidad del husillo principal: 0 - 12.000 rpm<br \/>\nPotencia motriz: 3,7 \/ 5,5 kW<br \/>\nEje C: resoluci\u00f3n de 0,001\u00b0 para operaciones de fresado de alta precisi\u00f3n<\/p>\n<p>Rango de velocidad del contrahusillo: 0 - 12.000 rpm<br \/>\nRecorrido Z2: 150 mm<br \/>\nEje C: eje C totalmente integrado<\/p>\n<p>Portaherramientas (sistema de carro lineal)<br \/>\nN\u00famero total de herramientas: hasta 18 posiciones<br \/>\nHerramientas motorizadas: de 3 a 5 posiciones para mecanizado transversal<br \/>\nVelocidad de las herramientas accionadas: m\u00e1x. 6.000 rpm<\/p>\n<p>Almac\u00e9n de carga: FMB Minimag para la gama de di\u00e1metros de 2 a 23 mm.<br \/>\nLongitud de la barra: 3.020 mm<br \/>\nTransportador de virutas<br \/>\nPeque\u00f1o sistema de extinci\u00f3n \/ Sistemas de extinci\u00f3n por objetos Kraft und Bauer<br \/>\nSeparador de piezas<br \/>\nSistema de lavado de virutas  <\/p>\n<p>La m\u00e1quina puede inspeccionarse con cita previa.<br \/>\n\u00a1Sujeto a cambios y errores en los datos t\u00e9cnicos y la informaci\u00f3n, as\u00ed como la venta previa!<\/p>","protected":false},"excerpt":{"rendered":"<p>Standort: Deutschland, Baden-W\u00fcrttemberg S\u00fcdwest Zustand: Gebraucht Hersteller: DMG Modell: Speed 12-7 Baujahr: 2004 Betriebsstunden: 153199 Zum Verkauf steht ein hochdynamischer Langdrehautomat DMG Speed 12-7 Linear mit Lademagazin FMB Minimag. Steuerung: Fanuc 16i-TB mit DMG-spezifischer Bedienoberfl\u00e4che Baujahr 2004 Technische Daten Anzahl der Achsen: 7 Achsen (X1, Y1, Z1, X2, Z2, C1, C2) Max. Stangendurchmesser: 12,7 mm [&hellip;]<\/p>\n","protected":false},"featured_media":4990,"comment_status":"open","ping_status":"closed","template":"","meta":{"_uf_show_specific_survey":0,"_uf_disable_surveys":false},"product_brand":[],"product_cat":[23],"product_tag":[],"class_list":{"0":"post-2924","1":"product","2":"type-product","3":"status-publish","4":"has-post-thumbnail","6":"product_cat-cnc-langdrehmaschinen","8":"first","9":"instock","10":"taxable","11":"shipping-taxable","12":"product-type-simple"},"aioseo_notices":[],"_links":{"self":[{"href":"https:\/\/mueller-wrh.de\/es\/wp-json\/wp\/v2\/product\/2924","targetHints":{"allow":["GET"]}}],"collection":[{"href":"https:\/\/mueller-wrh.de\/es\/wp-json\/wp\/v2\/product"}],"about":[{"href":"https:\/\/mueller-wrh.de\/es\/wp-json\/wp\/v2\/types\/product"}],"replies":[{"embeddable":true,"href":"https:\/\/mueller-wrh.de\/es\/wp-json\/wp\/v2\/comments?post=2924"}],"wp:featuredmedia":[{"embeddable":true,"href":"https:\/\/mueller-wrh.de\/es\/wp-json\/wp\/v2\/media\/4990"}],"wp:attachment":[{"href":"https:\/\/mueller-wrh.de\/es\/wp-json\/wp\/v2\/media?parent=2924"}],"wp:term":[{"taxonomy":"product_brand","embeddable":true,"href":"https:\/\/mueller-wrh.de\/es\/wp-json\/wp\/v2\/product_brand?post=2924"},{"taxonomy":"product_cat","embeddable":true,"href":"https:\/\/mueller-wrh.de\/es\/wp-json\/wp\/v2\/product_cat?post=2924"},{"taxonomy":"product_tag","embeddable":true,"href":"https:\/\/mueller-wrh.de\/es\/wp-json\/wp\/v2\/product_tag?post=2924"}],"curies":[{"name":"wp","href":"https:\/\/api.w.org\/{rel}","templated":true}]}}