{"id":2915,"date":"2025-03-13T16:31:55","date_gmt":"2025-03-13T16:31:55","guid":{"rendered":"https:\/\/mueller-wrh.de\/produkt\/bzi-52-sk-52-spannkoepfe-glatt-mit-quer-und-laengsrillen-intnr231184\/"},"modified":"2025-03-13T16:31:55","modified_gmt":"2025-03-13T16:31:55","slug":"bzi-52-sk-52-spannkoepfe-glatt-mit-quer-und-laengsrillen-intnr231184","status":"publish","type":"product","link":"https:\/\/mueller-wrh.de\/es\/producto\/bzi-52-sk-52-spannkoepfe-glatt-mit-quer-und-laengsrillen-intnr231184\/","title":{"rendered":"BZI 52 \/ SK 52 Cabezas de sujeci\u00f3n lisas, con ranuras transversales y longitudinales IntNo231184"},"content":{"rendered":"<p><b>Ubicaci\u00f3n:<\/b> Alemania, Baden-W\u00fcrttemberg Suroeste<\/p>\n<p><b>Estado:<\/b> Como nuevo<\/p>\n<p><b>Modelo:<\/b> BZI 52 \/ SK 52<\/p>\n<p>IntNo231184<br \/>\nDescripci\u00f3n del art\u00edculo: Cabezales de sujeci\u00f3n BZI 52 \/ SK 52<\/p>\n<p>Adecuado para:<\/p>\n<p>HAINBUCH SPANNTOP 52-A5 \/ Nova y MINI<br \/>\nMarcas \/ fabricantes comparables<br \/>\nVersiones:<\/p>\n<p>Cabezales de sujeci\u00f3n lisos<br \/>\nCon ranuras transversales y longitudinales para materia prima<br \/>\nVariantes de perfil: Redondo y hexagonal (0,5 mm o 1 mm de aumento)<br \/>\nPosibles aplicaciones: Mecanizado fino<br \/>\nEstado:<\/p>\n<p>Nuevos y usados disponibles en varias dimensiones<br \/>\nOrden:<br \/>\nEspecifique la sujeci\u00f3n\u2300 deseada al realizar el pedido.<\/p>\n<p>\u00c1mbitos de aplicaci\u00f3n:<\/p>\n<p>Centros de mecanizado<br \/>\nM\u00e1quinas de medici\u00f3n<br \/>\nSujeci\u00f3n de palets<br \/>\nNotas:<\/p>\n<p>Cabezales de sujeci\u00f3n para perfiles especiales seg\u00fan requisitos individuales bajo pedido<br \/>\nOtros tama\u00f1os y formas de conos (por ejemplo, cuadrados) y piezas en bruto mecanizables tambi\u00e9n disponibles previa solicitud.<\/p>\n<p>\u00a1Cambios y errores en los datos t\u00e9cnicos y la informaci\u00f3n, as\u00ed como la venta previa reservados!<\/p>\n<p>N\u00famero interno: IntNr231184<br \/>\nDescripci\u00f3n del art\u00edculo: Cabezales de sujeci\u00f3n BZI 52 \/ SK 52<\/p>\n<p>Adecuado para:<\/p>\n<p>HAINBUCH SPANNTOP 52-A5 \/ Nova y MINI<br \/>\nMarcas \/ fabricantes comparables<br \/>\nVersiones:<\/p>\n<p>Mandriles de expansi\u00f3n suave<br \/>\nCon ranuras transversales y longitudinales para materia prima<br \/>\nVariantes de perfil: Redondo y hexagonal (0,5 mm o 1 mm de aumento)<br \/>\nPosibles aplicaciones: Mecanizado fino<br \/>\nEstado:<\/p>\n<p>Nuevos y usados disponibles en varias dimensiones<br \/>\nOrden:<br \/>\nEspecifique la sujeci\u00f3n \u2300 necesaria al realizar el pedido.<\/p>\n<p>\u00c1mbitos de aplicaci\u00f3n:<\/p>\n<p>Centros de mecanizado<br \/>\nM\u00e1quinas de medici\u00f3n<br \/>\nSujeci\u00f3n de palets<br \/>\nNotas:<\/p>\n<p>Cabezales de sujeci\u00f3n para perfiles especiales seg\u00fan requisitos individuales bajo pedido<br \/>\nOtros tama\u00f1os de conos, formas (por ejemplo, cuadradas) y piezas en bruto mecanizables tambi\u00e9n disponibles previa solicitud.<\/p>\n<p>\u00a1Sujeto a cambios y errores en los datos t\u00e9cnicos y la informaci\u00f3n, as\u00ed como la venta previa!<\/p>","protected":false},"excerpt":{"rendered":"<p>Standort: Deutschland, Baden-W\u00fcrttemberg S\u00fcdwest Zustand: Neuwertig Modell: BZI 52 \/ SK 52 IntNr231184 Artikelbeschreibung: BZI 52 \/ SK 52 Spannk\u00f6pfe Geeignet f\u00fcr: HAINBUCH SPANNTOP 52-A5 \/ Nova und MINI Vergleichbare Fabrikate \/ Hersteller Ausf\u00fchrungen: Glatte Spannk\u00f6pfe Mit Quer- und L\u00e4ngsrillen f\u00fcr Rohmaterial Profilvarianten: Rund und 6-Kant (0,5 mm oder 1 mm steigend) Einsatzm\u00f6glichkeiten: Feinbearbeitung Zustand: [&hellip;]<\/p>\n","protected":false},"featured_media":2909,"comment_status":"open","ping_status":"closed","template":"","meta":{"_uf_show_specific_survey":0,"_uf_disable_surveys":false},"product_brand":[],"product_cat":[102],"product_tag":[],"class_list":{"0":"post-2915","1":"product","2":"type-product","3":"status-publish","4":"has-post-thumbnail","6":"product_cat-spannzangen","8":"first","9":"instock","10":"taxable","11":"shipping-taxable","12":"product-type-simple"},"aioseo_notices":[],"_links":{"self":[{"href":"https:\/\/mueller-wrh.de\/es\/wp-json\/wp\/v2\/product\/2915","targetHints":{"allow":["GET"]}}],"collection":[{"href":"https:\/\/mueller-wrh.de\/es\/wp-json\/wp\/v2\/product"}],"about":[{"href":"https:\/\/mueller-wrh.de\/es\/wp-json\/wp\/v2\/types\/product"}],"replies":[{"embeddable":true,"href":"https:\/\/mueller-wrh.de\/es\/wp-json\/wp\/v2\/comments?post=2915"}],"wp:featuredmedia":[{"embeddable":true,"href":"https:\/\/mueller-wrh.de\/es\/wp-json\/wp\/v2\/media\/2909"}],"wp:attachment":[{"href":"https:\/\/mueller-wrh.de\/es\/wp-json\/wp\/v2\/media?parent=2915"}],"wp:term":[{"taxonomy":"product_brand","embeddable":true,"href":"https:\/\/mueller-wrh.de\/es\/wp-json\/wp\/v2\/product_brand?post=2915"},{"taxonomy":"product_cat","embeddable":true,"href":"https:\/\/mueller-wrh.de\/es\/wp-json\/wp\/v2\/product_cat?post=2915"},{"taxonomy":"product_tag","embeddable":true,"href":"https:\/\/mueller-wrh.de\/es\/wp-json\/wp\/v2\/product_tag?post=2915"}],"curies":[{"name":"wp","href":"https:\/\/api.w.org\/{rel}","templated":true}]}}