{"id":2852,"date":"2025-03-13T16:28:14","date_gmt":"2025-03-13T16:28:14","guid":{"rendered":"https:\/\/mueller-wrh.de\/produkt\/gebr-werkzeughalter-star-451-11-00_star-sv12-intnr231136\/"},"modified":"2026-02-11T13:28:02","modified_gmt":"2026-02-11T13:28:02","slug":"gebr-werkzeughalter-star-451-11-00_star-sv12-intnr231136","status":"publish","type":"product","link":"https:\/\/mueller-wrh.de\/es\/producto\/gebr-werkzeughalter-star-451-11-00_star-sv12-intnr231136\/","title":{"rendered":"portaherramientas de marca STAR 451-11-00_Star SV12 (IntNo231136)"},"content":{"rendered":"<p><b>Ubicaci\u00f3n:<\/b> Alemania, Baden-W\u00fcrttemberg Suroeste<\/p>\n<p><b>Estado:<\/b> Como nuevo<\/p>\n<p><b>Fabricante:<\/b> STAR Micronics<\/p>\n<p>STAR Micronics<\/p>\n<p>Portabrocas de 3 pliegues \u00d822mm con suministro de refrigerante (externo)<br \/>\npara husillo principal y contrahusillo<br \/>\n451-11-00<br \/>\nAdecuado para los siguientes tipos de m\u00e1quinas STAR:<br \/>\nST-20-32-38 SV-12-20-32 \/ ECAS<br \/>\nDe 75 mm a 178 mm<br \/>\n\u00a1Cambios y errores en los datos t\u00e9cnicos y la informaci\u00f3n, as\u00ed como la venta previa reservados!<\/p>\n<p>Portabrocas de 3 pliegues \u00d822mm con suministro de refrigerante (externo)<br \/>\npara husillo principal y contrahusillo<br \/>\n451-11-00<br \/>\nAdecuado para los siguientes tipos de m\u00e1quinas STAR:<br \/>\nST-20-32-38 SV-12-20-32 \/ ECAS<br \/>\nDe 75 mm a 178 mm<br \/>\n\u00a1Sujeto a cambios y errores en los datos t\u00e9cnicos y la informaci\u00f3n, as\u00ed como la venta previa!<\/p>","protected":false},"excerpt":{"rendered":"<p>Standort: Deutschland, Baden-W\u00fcrttemberg S\u00fcdwest Zustand: Neuwertig Hersteller: STAR Micronics STAR Micronics 3-fach Bohrhalter \u00d822mm mit K\u00fchlmittelzuf\u00fchrung (extern) zu Hauptspindel und Gegenspindel 451-11-00 Passend f\u00fcr folgende STAR-Maschinentypen: ST-20-32-38 SV-12-20-32 \/ ECAS 75mm zu 178mm Aenderungen und Irrtuemer in den technischen Daten und Angaben sowie Zwischenverkauf vorbehalten! 3-fold drill holder \u00d822mm with coolant supply (external) for main [&hellip;]<\/p>\n","protected":false},"featured_media":4813,"comment_status":"open","ping_status":"closed","template":"","meta":{"_uf_show_specific_survey":0,"_uf_disable_surveys":false},"product_brand":[],"product_cat":[20],"product_tag":[],"class_list":{"0":"post-2852","1":"product","2":"type-product","3":"status-publish","4":"has-post-thumbnail","6":"product_cat-werkzeughalter","8":"first","9":"instock","10":"taxable","11":"shipping-taxable","12":"product-type-simple"},"aioseo_notices":[],"_links":{"self":[{"href":"https:\/\/mueller-wrh.de\/es\/wp-json\/wp\/v2\/product\/2852","targetHints":{"allow":["GET"]}}],"collection":[{"href":"https:\/\/mueller-wrh.de\/es\/wp-json\/wp\/v2\/product"}],"about":[{"href":"https:\/\/mueller-wrh.de\/es\/wp-json\/wp\/v2\/types\/product"}],"replies":[{"embeddable":true,"href":"https:\/\/mueller-wrh.de\/es\/wp-json\/wp\/v2\/comments?post=2852"}],"wp:featuredmedia":[{"embeddable":true,"href":"https:\/\/mueller-wrh.de\/es\/wp-json\/wp\/v2\/media\/4813"}],"wp:attachment":[{"href":"https:\/\/mueller-wrh.de\/es\/wp-json\/wp\/v2\/media?parent=2852"}],"wp:term":[{"taxonomy":"product_brand","embeddable":true,"href":"https:\/\/mueller-wrh.de\/es\/wp-json\/wp\/v2\/product_brand?post=2852"},{"taxonomy":"product_cat","embeddable":true,"href":"https:\/\/mueller-wrh.de\/es\/wp-json\/wp\/v2\/product_cat?post=2852"},{"taxonomy":"product_tag","embeddable":true,"href":"https:\/\/mueller-wrh.de\/es\/wp-json\/wp\/v2\/product_tag?post=2852"}],"curies":[{"name":"wp","href":"https:\/\/api.w.org\/{rel}","templated":true}]}}