{"id":2834,"date":"2025-03-13T16:27:40","date_gmt":"2025-03-13T16:27:40","guid":{"rendered":"https:\/\/mueller-wrh.de\/produkt\/gebr-werkzeughalter-star-421-59-00-intnr231134\/"},"modified":"2025-03-13T16:27:40","modified_gmt":"2025-03-13T16:27:40","slug":"gebr-werkzeughalter-star-421-59-00-intnr231134","status":"publish","type":"product","link":"https:\/\/mueller-wrh.de\/es\/producto\/gebr-werkzeughalter-star-421-59-00-intnr231134\/","title":{"rendered":"portaherramientas de marca STAR 421-59-00 (IntNo231134)"},"content":{"rendered":"<p><b>Ubicaci\u00f3n:<\/b> Alemania, Baden-W\u00fcrttemberg Suroeste<\/p>\n<p><b>Estado:<\/b> Como nuevo<\/p>\n<p><b>Fabricante:<\/b> STAR Micronics<\/p>\n<p>Unidad de taladrado\/fresado frontal doble de 2 husillos ER11 para taladrado frontal y posterior<br \/>\nMecanizado del reverso<br \/>\npara husillo principal y contrahusillo<br \/>\n421-59-00 &amp; 451-59-00<br \/>\nAdecuado para los siguientes tipos de m\u00e1quinas STAR:<br \/>\nST-20-32-38 SV-12-20-32 \/ ECAS<br \/>\nTraducci\u00f3n 1:1<br \/>\nVelocidad de entrada m\u00e1x. 6000 1\/min<br \/>\nVelocidad de salida m\u00e1x. 6000 1\/min<br \/>\nPar de salida m\u00e1x. 32 Nm<br \/>\n\u00a1Cambios y errores en los datos t\u00e9cnicos y la informaci\u00f3n, as\u00ed como la venta previa reservados!<\/p>\n<p>Unidad de taladrado\/fresado frontal doble de 2 husillos ER11 para mecanizado frontal y posterior<br \/>\ncontramecanizado<br \/>\npara husillo principal y contrahusillo<br \/>\n421-59-00 &amp; 451-59-00<br \/>\nAdecuado para los siguientes tipos de m\u00e1quinas STAR:<br \/>\nST-20-32-38 SV-12-20-32 \/ ECAS<br \/>\nRelaci\u00f3n de transmisi\u00f3n 1:1<br \/>\nVelocidad de entrada m\u00e1x. 6000 1\/min<br \/>\nVelocidad de salida m\u00e1x. 6000 1\/min<br \/>\nPar de salida m\u00e1x. 32 Nm<br \/>\n\u00a1Sujeto a cambios y errores en los datos t\u00e9cnicos y la informaci\u00f3n, as\u00ed como la venta previa!<\/p>","protected":false},"excerpt":{"rendered":"<p>Standort: Deutschland, Baden-W\u00fcrttemberg S\u00fcdwest Zustand: Neuwertig Hersteller: STAR Micronics 2-Spindel-Doppelfrontalbohr-\/Fr\u00e4sapparat ER11 f\u00fcr Front- und R\u00fcckseitenbearbeitung zu Hauptspindel und Gegenspindel 421-59-00 &amp; 451-59-00 Passend f\u00fcr folgende STAR-Maschinentypen: ST-20-32-38 SV-12-20-32 \/ ECAS \u00dcbersetzung 1:1 Eingangsdrehzahl max. 6000 1\/min Ausgangsdrehzahl max. 6000 1\/min Ausgangsdrehmoment max. 32 Nm Aenderungen und Irrtuemer in den technischen Daten und Angaben sowie Zwischenverkauf [&hellip;]<\/p>\n","protected":false},"featured_media":2831,"comment_status":"open","ping_status":"closed","template":"","meta":{"_uf_show_specific_survey":0,"_uf_disable_surveys":false},"product_brand":[],"product_cat":[20],"product_tag":[],"class_list":{"0":"post-2834","1":"product","2":"type-product","3":"status-publish","4":"has-post-thumbnail","6":"product_cat-werkzeughalter","8":"first","9":"instock","10":"taxable","11":"shipping-taxable","12":"product-type-simple"},"aioseo_notices":[],"_links":{"self":[{"href":"https:\/\/mueller-wrh.de\/es\/wp-json\/wp\/v2\/product\/2834","targetHints":{"allow":["GET"]}}],"collection":[{"href":"https:\/\/mueller-wrh.de\/es\/wp-json\/wp\/v2\/product"}],"about":[{"href":"https:\/\/mueller-wrh.de\/es\/wp-json\/wp\/v2\/types\/product"}],"replies":[{"embeddable":true,"href":"https:\/\/mueller-wrh.de\/es\/wp-json\/wp\/v2\/comments?post=2834"}],"wp:featuredmedia":[{"embeddable":true,"href":"https:\/\/mueller-wrh.de\/es\/wp-json\/wp\/v2\/media\/2831"}],"wp:attachment":[{"href":"https:\/\/mueller-wrh.de\/es\/wp-json\/wp\/v2\/media?parent=2834"}],"wp:term":[{"taxonomy":"product_brand","embeddable":true,"href":"https:\/\/mueller-wrh.de\/es\/wp-json\/wp\/v2\/product_brand?post=2834"},{"taxonomy":"product_cat","embeddable":true,"href":"https:\/\/mueller-wrh.de\/es\/wp-json\/wp\/v2\/product_cat?post=2834"},{"taxonomy":"product_tag","embeddable":true,"href":"https:\/\/mueller-wrh.de\/es\/wp-json\/wp\/v2\/product_tag?post=2834"}],"curies":[{"name":"wp","href":"https:\/\/api.w.org\/{rel}","templated":true}]}}