{"id":2787,"date":"2025-03-13T16:25:24","date_gmt":"2025-03-13T16:25:24","guid":{"rendered":"https:\/\/mueller-wrh.de\/produkt\/star-3-fach-bohrhalter-o22mm-mit-kuehlmittelzufuehrung-extern-oder-intern-intnr231120\/"},"modified":"2026-02-11T13:23:29","modified_gmt":"2026-02-11T13:23:29","slug":"star-3-fach-bohrhalter-o22mm-mit-kuehlmittelzufuehrung-extern-oder-intern-intnr231120","status":"publish","type":"product","link":"https:\/\/mueller-wrh.de\/es\/producto\/star-3-fach-bohrhalter-o22mm-mit-kuehlmittelzufuehrung-extern-oder-intern-intnr231120\/","title":{"rendered":"STAR Soporte de broca de 3 pliegues \u00d822mm con suministro de refrigerante (externo o interno) IntNr231120"},"content":{"rendered":"<p><b>Ubicaci\u00f3n:<\/b> Alemania, Baden-W\u00fcrttemberg Suroeste<\/p>\n<p><b>Estado:<\/b> Como nuevo<\/p>\n<p><b>Fabricante:<\/b> STAR Micronics<\/p>\n<p><b>A\u00f1o de construcci\u00f3n:<\/b> 2021<\/p>\n<p>Portabrocas de 3 pliegues \u00d822mm con suministro de refrigerante (externo o<br \/>\ninterno) al husillo principal y al contrahusillo<br \/>\n7.074.495<br \/>\nAdecuado para los siguientes tipos de m\u00e1quinas STAR:<br \/>\nST-20-32-38 SV-12-20-32 \/ ECAS<br \/>\n\u00a1Cambios y errores en los datos t\u00e9cnicos y la informaci\u00f3n, as\u00ed como la venta previa reservados!<\/p>\n<p>Portabrocas de 3 pliegues \u00d822mm con suministro de refrigerante (externo o<br \/>\ninterno) al husillo principal y al contrahusillo<br \/>\n7.074.495<br \/>\nAdecuado para los siguientes tipos de m\u00e1quinas STAR:<br \/>\nST-20-32-38- SV-12-20-32 \/ ECAS<br \/>\n\u00a1Sujeto a cambios y errores en los datos t\u00e9cnicos y la informaci\u00f3n, as\u00ed como la venta previa!<\/p>","protected":false},"excerpt":{"rendered":"<p>Standort: Deutschland, Baden-W\u00fcrttemberg S\u00fcdwest Zustand: Neuwertig Hersteller: STAR Micronics Baujahr: 2021 3-fach Bohrhalter \u00d822mm mit K\u00fchlmittelzuf\u00fchrung (extern oder intern) zu Hauptspindel und Gegenspindel 7.074.495 Passend f\u00fcr folgende STAR-Maschinentypen: ST-20-32-38 SV-12-20-32 \/ ECAS Aenderungen und Irrtuemer in den technischen Daten und Angaben sowie Zwischenverkauf vorbehalten! 3-fold drill holder \u00d822mm with coolant supply (external or internal) to [&hellip;]<\/p>\n","protected":false},"featured_media":4811,"comment_status":"open","ping_status":"closed","template":"","meta":{"_uf_show_specific_survey":0,"_uf_disable_surveys":false},"product_brand":[],"product_cat":[20],"product_tag":[],"class_list":{"0":"post-2787","1":"product","2":"type-product","3":"status-publish","4":"has-post-thumbnail","6":"product_cat-werkzeughalter","8":"first","9":"instock","10":"taxable","11":"shipping-taxable","12":"product-type-simple"},"aioseo_notices":[],"_links":{"self":[{"href":"https:\/\/mueller-wrh.de\/es\/wp-json\/wp\/v2\/product\/2787","targetHints":{"allow":["GET"]}}],"collection":[{"href":"https:\/\/mueller-wrh.de\/es\/wp-json\/wp\/v2\/product"}],"about":[{"href":"https:\/\/mueller-wrh.de\/es\/wp-json\/wp\/v2\/types\/product"}],"replies":[{"embeddable":true,"href":"https:\/\/mueller-wrh.de\/es\/wp-json\/wp\/v2\/comments?post=2787"}],"wp:featuredmedia":[{"embeddable":true,"href":"https:\/\/mueller-wrh.de\/es\/wp-json\/wp\/v2\/media\/4811"}],"wp:attachment":[{"href":"https:\/\/mueller-wrh.de\/es\/wp-json\/wp\/v2\/media?parent=2787"}],"wp:term":[{"taxonomy":"product_brand","embeddable":true,"href":"https:\/\/mueller-wrh.de\/es\/wp-json\/wp\/v2\/product_brand?post=2787"},{"taxonomy":"product_cat","embeddable":true,"href":"https:\/\/mueller-wrh.de\/es\/wp-json\/wp\/v2\/product_cat?post=2787"},{"taxonomy":"product_tag","embeddable":true,"href":"https:\/\/mueller-wrh.de\/es\/wp-json\/wp\/v2\/product_tag?post=2787"}],"curies":[{"name":"wp","href":"https:\/\/api.w.org\/{rel}","templated":true}]}}