{"id":2741,"date":"2025-03-13T16:17:32","date_gmt":"2025-03-13T16:17:32","guid":{"rendered":"https:\/\/mueller-wrh.de\/produkt\/gebr-tsugami-hs2075ax-bj-2012-intnr230381\/"},"modified":"2025-07-14T09:54:40","modified_gmt":"2025-07-14T09:54:40","slug":"gebr-tsugami-hs2075ax-bj-2012-intnr230381","status":"publish","type":"product","link":"https:\/\/mueller-wrh.de\/es\/producto\/gebr-tsugami-hs2075ax-bj-2012-intnr230381\/","title":{"rendered":"marca Tsugami HS2075AX, a\u00f1o 2012 (IntNo230381)"},"content":{"rendered":"<p><b>Ubicaci\u00f3n:<\/b> Alemania, Baden-W\u00fcrttemberg Suroeste<\/p>\n<p><b>Estado:<\/b> Usado<\/p>\n<p><b>Fabricante:<\/b> TSUGAMI<\/p>\n<p><b>Modelo:<\/b> HS2075AX<\/p>\n<p><b>A\u00f1o de construcci\u00f3n:<\/b> 2012<\/p>\n<p>Centro de torneado\/fresado CNC de cabezal m\u00f3vil con eje B<br \/>\nHoras de funcionamiento: 7200<br \/>\nSistema de control: Fanuc 31i-A<br \/>\nLongitud de mecanizado: m\u00e1x. 250 mm<br \/>\nN\u00famero de ejes controlados: 7 ejes y m\u00e1x. 5 ejes simult\u00e1neamente<br \/>\nEje B: 0\u00b0-130\u00b0 programable libremente<br \/>\nPaso de varilla: \u00d8 3 mm a \u00d8 20 mm m\u00e1x.<br \/>\nPotencia de accionamiento del husillo principal: 3,7 kW<br \/>\nPotencia de accionamiento contrahusillo: 2,2 kW<br \/>\nVelocidad del husillo principal: 10.000 rpm<br \/>\nVelocidad del contrahusillo: 10.000 rpm<br \/>\nEje C: husillo principal y contrahusillo<br \/>\nN\u00famero de soportes lineales: 2 piezas<br \/>\nN\u00famero total de herramientas: 35 piezas<br \/>\nDimensiones (LxAnxAl) en mm: 2.110\u00d71.200\u00d71.885<br \/>\nPeso: 3.300 kg<br \/>\nConversi\u00f3n de giro largo a giro corto<br \/>\nEstaciones de perforaci\u00f3n profunda<br \/>\nHusillo de alta velocidad NAKANISHI<br \/>\nCorredera trasera con eje Y<br \/>\nPerforaci\u00f3n transversal parte trasera<br \/>\nTransportador de virutas<br \/>\nSistema de extinci\u00f3n de incendios<br \/>\nCargador de barras FMB Minimag 20, a\u00f1o 2012<\/p>\n<p>La m\u00e1quina puede inspeccionarse bajo tensi\u00f3n previo acuerdo.<br \/>\n\u00a1Sujeto a cambios y errores en los datos t\u00e9cnicos y la informaci\u00f3n, as\u00ed como la venta previa!<\/p>\n<p>Centro de torneado\/fresado CNC tipo suizo usado con eje B<br \/>\nhoras de funcionamiento: 7200<br \/>\ncontrol: Fanuc 31i-A<br \/>\nlongitud de mecanizado: m\u00e1x. 250 mm<br \/>\nN\u00famero de ejes controlados: 7 ejes y m\u00e1x. 5 ejes simult\u00e1neos<br \/>\nEje B: 0\u00b0-130\u00b0 programable libremente<br \/>\nCapacidad de la barra: \u00d8 3 mm hasta \u00d8 20 mm m\u00e1x.<br \/>\npotencia de accionamiento husillo principal: 3,7 kW<br \/>\npotencia de accionamiento contrahusillo: 2,2 kW<br \/>\nvelocidad husillo principal: 10.000 rpm<br \/>\nvelocidad del contrahusillo: 10.000 rpm<br \/>\nEje C: husillo principal y contrahusillo<br \/>\nn\u00famero de soportes lineales: 2 piezas<br \/>\nN\u00famero total de herramientas: 35 piezas<br \/>\nDimensiones (LxAnxAl) en mm: 2.110\u00d71.200\u00d71.885<br \/>\npeso: 3.300 kg<br \/>\nConversi\u00f3n de giro largo a giro corto<br \/>\nEstaciones de perforaci\u00f3n profunda<br \/>\nHusillo de alta velocidad NAKANISHI<br \/>\nDeslizamiento hacia atr\u00e1s con eje Y<br \/>\nTaladrado transversal parte trasera<br \/>\nTransportador de virutas<br \/>\nSistema de extinci\u00f3n de incendios<br \/>\nAlimentador de barras FMB Minimag 20, a\u00f1o 2012<\/p>\n<p>La m\u00e1quina puede inspeccionarse bajo tensi\u00f3n previa cita.<br \/>\n\u00a1Cambios y errores en los datos t\u00e9cnicos y la informaci\u00f3n y sujeto a venta previa!<\/p>","protected":false},"excerpt":{"rendered":"<p>Standort: Deutschland, Baden-W\u00fcrttemberg S\u00fcdwest Zustand: Gebraucht Hersteller: TSUGAMI Modell: HS2075AX Baujahr: 2012 gebr. CNC-Lang-Kurzdreh\/Fr\u00e4szentrum mit B-Achse Betriebsstunden: 7200 Steuerung: Fanuc 31i-A Bearbeitungsl\u00e4nge: max. 250 mm Anzahl gesteuerter Achsen: 7 Achsen und max. 5-Achsen simultan B-Achse: 0\u00b0-130\u00b0 frei programmierbar Stangendurchlass: \u00d8 3 mm bis max. \u00d8 20 mm Antriebsleistung Hauptspindel: 3,7 kW Antriebsleistung Gegenspindel: 2,2 kW [&hellip;]<\/p>\n","protected":false},"featured_media":2732,"comment_status":"open","ping_status":"closed","template":"","meta":{"_uf_show_specific_survey":0,"_uf_disable_surveys":false},"product_brand":[],"product_cat":[23],"product_tag":[],"class_list":{"0":"post-2741","1":"product","2":"type-product","3":"status-publish","4":"has-post-thumbnail","6":"product_cat-cnc-langdrehmaschinen","8":"first","9":"instock","10":"taxable","11":"shipping-taxable","12":"product-type-simple"},"aioseo_notices":[],"_links":{"self":[{"href":"https:\/\/mueller-wrh.de\/es\/wp-json\/wp\/v2\/product\/2741","targetHints":{"allow":["GET"]}}],"collection":[{"href":"https:\/\/mueller-wrh.de\/es\/wp-json\/wp\/v2\/product"}],"about":[{"href":"https:\/\/mueller-wrh.de\/es\/wp-json\/wp\/v2\/types\/product"}],"replies":[{"embeddable":true,"href":"https:\/\/mueller-wrh.de\/es\/wp-json\/wp\/v2\/comments?post=2741"}],"wp:featuredmedia":[{"embeddable":true,"href":"https:\/\/mueller-wrh.de\/es\/wp-json\/wp\/v2\/media\/2732"}],"wp:attachment":[{"href":"https:\/\/mueller-wrh.de\/es\/wp-json\/wp\/v2\/media?parent=2741"}],"wp:term":[{"taxonomy":"product_brand","embeddable":true,"href":"https:\/\/mueller-wrh.de\/es\/wp-json\/wp\/v2\/product_brand?post=2741"},{"taxonomy":"product_cat","embeddable":true,"href":"https:\/\/mueller-wrh.de\/es\/wp-json\/wp\/v2\/product_cat?post=2741"},{"taxonomy":"product_tag","embeddable":true,"href":"https:\/\/mueller-wrh.de\/es\/wp-json\/wp\/v2\/product_tag?post=2741"}],"curies":[{"name":"wp","href":"https:\/\/api.w.org\/{rel}","templated":true}]}}