{"id":2731,"date":"2025-03-13T16:17:17","date_gmt":"2025-03-13T16:17:17","guid":{"rendered":"https:\/\/mueller-wrh.de\/produkt\/gebr-citizen-l520-vii-mit-iemca-baujahr-2003-intnr230445\/"},"modified":"2025-03-13T16:17:17","modified_gmt":"2025-03-13T16:17:17","slug":"gebr-citizen-l520-vii-mit-iemca-baujahr-2003-intnr230445","status":"publish","type":"product","link":"https:\/\/mueller-wrh.de\/es\/producto\/gebr-citizen-l520-vii-mit-iemca-baujahr-2003-intnr230445\/","title":{"rendered":"Citizen L520-VII con IEMCA a\u00f1o de fabricaci\u00f3n 2003 (IntNr230445)"},"content":{"rendered":"<p><b>Ubicaci\u00f3n:<\/b> Alemania, Baden-W\u00fcrttemberg Suroeste<\/p>\n<p><b>Estado:<\/b> Usado<\/p>\n<p><b>Fabricante:<\/b> Maquinaria ciudadana<\/p>\n<p><b>A\u00f1o de construcci\u00f3n:<\/b> 2003<\/p>\n<p>Torno CNC de cabezal m\u00f3vil Citizen L520-VII, a\u00f1o 2003<br \/>\nSistema de control, Cincom Mitsubishi Meldas,<br \/>\n7 ejes (X1\/Z1\/Y1\/C1\/X2\/Z2\/C2,<br \/>\nVarilla \u00d8 m\u00e1x. 20 mm,<br \/>\nLongitud de giro m\u00e1x. 205 mm,<br \/>\nHusillo principal, velocidad m\u00e1x. 10.000 rpm, eje C 0,001 grados,<br \/>\nContrahusillo, velocidad m\u00e1x. 10.000 rpm, eje C 0,001 grados,<br \/>\nPortaherramientas para un total de 18 herramientas (portaherramientas lineal, fijaci\u00f3n frontal, mecanizado posterior),<br \/>\nCinta transportadora de piezas,<br \/>\nSistema de extinci\u00f3n de incendios<br \/>\nTransportador de virutas,<br \/>\nCargador IEMCA BOSS 432r<\/p>\n<p>La m\u00e1quina puede inspeccionarse bajo tensi\u00f3n previa cita.<br \/>\n\u00a1Cambios y errores en los datos t\u00e9cnicos y la informaci\u00f3n, as\u00ed como la venta previa reservados!<\/p>\n<p>Torno CNC usado Citizen L520-VII, a\u00f1o 2003<br \/>\ncontrol, Cincom Mitsubishi Meldas,<br \/>\n7 ejes (X1\/Z1\/Y1\/C1\/X2\/Z2\/C2,<br \/>\nbar-\u00d8 m\u00e1x. 20 mm,<br \/>\nlongitud de giro m\u00e1x. 205 mm,<br \/>\nhusillo principal, velocidad m\u00e1x. 10.000 rpm, eje C 0,001 deg,<br \/>\ncontrahusillo, velocidad m\u00e1x. 10.000 rpm, eje C 0,001 grados,<br \/>\nPortaherramientas f. total 18 herramientas (portaherramientas lineal, enganche frontal, retroceso),<br \/>\ncinta transportadora de piezas,<br \/>\nsistema de extinci\u00f3n de incendios<br \/>\ntransportador de virutas,<br \/>\ncargador IEMCA BOSS 432r<\/p>\n<p>La m\u00e1quina puede inspeccionarse bajo tensi\u00f3n previo acuerdo.<br \/>\n\u00a1Sujeto a cambios y errores en los datos t\u00e9cnicos y la informaci\u00f3n, as\u00ed como la venta previa!<\/p>","protected":false},"excerpt":{"rendered":"<p>Standort: Deutschland, Baden-W\u00fcrttemberg S\u00fcdwest Zustand: Gebraucht Hersteller: Citizen Machinery Baujahr: 2003 gebr. CNC-Langdrehmaschine Citizen L520-VII, Bj. 2003 Steuerung, Cincom Mitsubishi Meldas, 7 Achsen (X1\/Z1\/Y1\/C1\/X2\/Z2\/C2, Stangen-\u00d8 max. 20 mm, Drehl\u00e4nge max. 205 mm, Hauptspindel, Drehzahl max. 10.000 U\/min, C-Achse 0,001 Grad, Gegenspindel, Drehzahl max. 10.000 U\/min, C-Achse 0,001 Grad, Werkzeughalter f. insgesamt 18 Werkzeuge (Linearwerkzeughalter, Frontapparat, [&hellip;]<\/p>\n","protected":false},"featured_media":2722,"comment_status":"open","ping_status":"closed","template":"","meta":{"_uf_show_specific_survey":0,"_uf_disable_surveys":false},"product_brand":[],"product_cat":[23],"product_tag":[],"class_list":{"0":"post-2731","1":"product","2":"type-product","3":"status-publish","4":"has-post-thumbnail","6":"product_cat-cnc-langdrehmaschinen","8":"first","9":"instock","10":"taxable","11":"shipping-taxable","12":"product-type-simple"},"aioseo_notices":[],"_links":{"self":[{"href":"https:\/\/mueller-wrh.de\/es\/wp-json\/wp\/v2\/product\/2731","targetHints":{"allow":["GET"]}}],"collection":[{"href":"https:\/\/mueller-wrh.de\/es\/wp-json\/wp\/v2\/product"}],"about":[{"href":"https:\/\/mueller-wrh.de\/es\/wp-json\/wp\/v2\/types\/product"}],"replies":[{"embeddable":true,"href":"https:\/\/mueller-wrh.de\/es\/wp-json\/wp\/v2\/comments?post=2731"}],"wp:featuredmedia":[{"embeddable":true,"href":"https:\/\/mueller-wrh.de\/es\/wp-json\/wp\/v2\/media\/2722"}],"wp:attachment":[{"href":"https:\/\/mueller-wrh.de\/es\/wp-json\/wp\/v2\/media?parent=2731"}],"wp:term":[{"taxonomy":"product_brand","embeddable":true,"href":"https:\/\/mueller-wrh.de\/es\/wp-json\/wp\/v2\/product_brand?post=2731"},{"taxonomy":"product_cat","embeddable":true,"href":"https:\/\/mueller-wrh.de\/es\/wp-json\/wp\/v2\/product_cat?post=2731"},{"taxonomy":"product_tag","embeddable":true,"href":"https:\/\/mueller-wrh.de\/es\/wp-json\/wp\/v2\/product_tag?post=2731"}],"curies":[{"name":"wp","href":"https:\/\/api.w.org\/{rel}","templated":true}]}}