{"id":2682,"date":"2025-03-13T16:15:19","date_gmt":"2025-03-13T16:15:19","guid":{"rendered":"https:\/\/mueller-wrh.de\/produkt\/werkzeughalter-agw_star-3-spindel-frontalbohr-fraesapparat-er16_nr-661-51-0-intnr202101166\/"},"modified":"2025-03-13T16:15:19","modified_gmt":"2025-03-13T16:15:19","slug":"werkzeughalter-agw_star-3-spindel-frontalbohr-fraesapparat-er16_nr-661-51-0-intnr202101166","status":"publish","type":"product","link":"https:\/\/mueller-wrh.de\/es\/producto\/werkzeughalter-agw_star-3-spindel-frontalbohr-fraesapparat-er16_nr-661-51-0-intnr202101166\/","title":{"rendered":"Portaherramientas AGW_Star -3-fresadora frontal ER16_No.661-51-0 (IntNo202101166)"},"content":{"rendered":"<p><b>Ubicaci\u00f3n:<\/b> Alemania, Baden-W\u00fcrttemberg Suroeste<\/p>\n<p><b>Estado:<\/b> Como nuevo<\/p>\n<p><b>Fabricante:<\/b> STAR Micronics<\/p>\n<p><b>Modelo:<\/b> ER16_No.661-51-00<\/p>\n<p><b>A\u00f1o de construcci\u00f3n:<\/b> 2016<\/p>\n<p>Portaherramientas Star Accesorio de taladrado\/fresado frontal de 3 husillos ER16<br \/>\nNo.661-51-00<br \/>\n(S_No_327989-4)<br \/>\npara el husillo principal<br \/>\nAdecuado para tipos de estrella:<br \/>\nStar ECAS-12\/20; SB-12\/20R; SB-16III; SD-26C\/E\/G\/S;SL-7\/10<br \/>\nSR-10J; SR-20J\/JN; SR-20JII-A; SR-20JII-B; SR-20RII;SR-20RIII<br \/>\nSR-20RIV; SR-32J\/JN; SR-32JII-A; SR-32JII-B\/JIII-B; SR-38 (Tipo A\/B)<br \/>\nSV-20R; SW-12RII; SW-20<\/p>\n<p>Velocidad m\u00e1x. 8000 1\/mm<br \/>\nm\u00e1x. 13 Nm<br \/>\nTraducci\u00f3n 1:1<br \/>\n\u00a1Cambios y errores en los datos t\u00e9cnicos y la informaci\u00f3n, as\u00ed como la venta previa reservados!<\/p>\n<p>Portaherramientas Taladro frontal Star-3 ER16<br \/>\nNo.661-51-00<br \/>\n(S_No_327989-4)<br \/>\npara el husillo principal<br \/>\nAdecuado para tipos de estrella:<br \/>\nStar ECAS-12\/20; SB-12\/20R; SB-16III; SD-26C\/E\/G\/S;SL-7\/10<br \/>\nSR-10J; SR-20J\/JN; SR-20JII-A; SR-20JII-B; SR-20RII;SR-20RIII<br \/>\nSR-20RIV; SR-32J\/JN; SR-32JII-A; SR-32JII-B\/JIII-B; SR-38 (Tipo A\/B)<br \/>\nSV-20R; SW-12RII; SW-20<\/p>\n<p>Velocidad m\u00e1x. 8000 1\/mm<br \/>\nm\u00e1x. 13 Nm<br \/>\nRelaci\u00f3n de transmisi\u00f3n 1:1<br \/>\nSalvo modificaciones y errores en los datos t\u00e9cnicos y la informaci\u00f3n, as\u00ed como venta previa.<\/p>","protected":false},"excerpt":{"rendered":"<p>Standort: Deutschland, Baden-W\u00fcrttemberg S\u00fcdwest Zustand: Neuwertig Hersteller: STAR Micronics Modell: ER16_Nr.661-51-00 Baujahr: 2016 Werkzeughalter Star-3-Spindel-Frontalbohr-Fr\u00e4sapparat ER16 Nr.661-51-00 (S_Nr_327989-4) f\u00fcr die Hauptspindel Passend f\u00fcr Star Typen: Star ECAS-12\/20; SB-12\/20R; SB-16III; SD-26C\/E\/G\/S;SL-7\/10 SR-10J; SR-20J\/JN; SR-20JII-A; SR-20JII-B; SR-20RII;SR-20RIII SR-20RIV; SR-32J\/JN; SR-32JII-A; SR-32JII-B\/JIII-B; SR-38 (Type A\/B) SV-20R; SW-12RII; SW-20 Drehzahl max. 8000 1\/mm max. 13 Nm Uebersetzung 1:1 Aenderungen [&hellip;]<\/p>\n","protected":false},"featured_media":2679,"comment_status":"open","ping_status":"closed","template":"","meta":{"_uf_show_specific_survey":0,"_uf_disable_surveys":false},"product_brand":[],"product_cat":[20],"product_tag":[],"class_list":{"0":"post-2682","1":"product","2":"type-product","3":"status-publish","4":"has-post-thumbnail","6":"product_cat-werkzeughalter","8":"first","9":"instock","10":"taxable","11":"shipping-taxable","12":"product-type-simple"},"aioseo_notices":[],"_links":{"self":[{"href":"https:\/\/mueller-wrh.de\/es\/wp-json\/wp\/v2\/product\/2682","targetHints":{"allow":["GET"]}}],"collection":[{"href":"https:\/\/mueller-wrh.de\/es\/wp-json\/wp\/v2\/product"}],"about":[{"href":"https:\/\/mueller-wrh.de\/es\/wp-json\/wp\/v2\/types\/product"}],"replies":[{"embeddable":true,"href":"https:\/\/mueller-wrh.de\/es\/wp-json\/wp\/v2\/comments?post=2682"}],"wp:featuredmedia":[{"embeddable":true,"href":"https:\/\/mueller-wrh.de\/es\/wp-json\/wp\/v2\/media\/2679"}],"wp:attachment":[{"href":"https:\/\/mueller-wrh.de\/es\/wp-json\/wp\/v2\/media?parent=2682"}],"wp:term":[{"taxonomy":"product_brand","embeddable":true,"href":"https:\/\/mueller-wrh.de\/es\/wp-json\/wp\/v2\/product_brand?post=2682"},{"taxonomy":"product_cat","embeddable":true,"href":"https:\/\/mueller-wrh.de\/es\/wp-json\/wp\/v2\/product_cat?post=2682"},{"taxonomy":"product_tag","embeddable":true,"href":"https:\/\/mueller-wrh.de\/es\/wp-json\/wp\/v2\/product_tag?post=2682"}],"curies":[{"name":"wp","href":"https:\/\/api.w.org\/{rel}","templated":true}]}}