{"id":2655,"date":"2025-03-13T16:14:15","date_gmt":"2025-03-13T16:14:15","guid":{"rendered":"https:\/\/mueller-wrh.de\/produkt\/gebr-cnc-citizen-c16-vi-baujahr-2004-intnr230440\/"},"modified":"2025-03-13T16:14:15","modified_gmt":"2025-03-13T16:14:15","slug":"gebr-cnc-citizen-c16-vi-baujahr-2004-intnr230440","status":"publish","type":"product","link":"https:\/\/mueller-wrh.de\/es\/producto\/gebr-cnc-citizen-c16-vi-baujahr-2004-intnr230440\/","title":{"rendered":"CNC de marca Citizen C16-VI a\u00f1o 2004 (IntNr230440)"},"content":{"rendered":"<p><b>Ubicaci\u00f3n:<\/b> Alemania, Baden-W\u00fcrttemberg Suroeste<\/p>\n<p><b>Estado:<\/b> Usado<\/p>\n<p><b>Fabricante:<\/b> Maquinaria ciudadana<\/p>\n<p><b>Modelo:<\/b> C16-VI<\/p>\n<p><b>A\u00f1o de construcci\u00f3n:<\/b> 2004<\/p>\n<p>Unidad de control, fabricada por CINCOM MITSUBISHI Meldas<br \/>\n6 ejes (X1\/Z1\/Y1\/C1\/X2\/Z2),<br \/>\nVarilla \u00d8 m\u00e1x. 16 mm,<br \/>\nLongitud de giro m\u00e1x. 200 mm,<br \/>\nHusillo principal, velocidad m\u00e1x. 10.000 rpm, eje C 0,001 grados,<br \/>\nContrahusillo \u00d8 m\u00e1x. 16 mm,<br \/>\nVelocidad del contrahusillo m\u00e1x. 10.000 rpm, incl. indexaci\u00f3n del husillo<br \/>\nPortaherramientas para un total de 17 herramientas (portaherramientas lineal, fijaci\u00f3n frontal, mecanizado posterior),<br \/>\nCinta transportadora de piezas<br \/>\nTransportador de virutas<br \/>\nSistema de extinci\u00f3n de incendios<br \/>\nCargador IEMCA Genius 118\/3200 A\u00f1o 2005<\/p>\n<p>La m\u00e1quina puede visitarse con cita previa.<br \/>\n\u00a1Cambios y errores en los datos t\u00e9cnicos y la informaci\u00f3n, as\u00ed como la venta previa reservados!<\/p>\n<p>control, hacen que CINCOM MITSUBISHI Meldas<br \/>\n6 ejes (X1\/Z1\/Y1\/C1\/X2\/Z2),<br \/>\nbar-\u00d8 m\u00e1x. 16 mm,<br \/>\nlongitud de giro m\u00e1x. 200 mm,<br \/>\nhusillo principal, velocidad m\u00e1x. 10.000 rpm, eje C 0,001 grados,<br \/>\ncontrahusillo \u00d8 m\u00e1x. 16 mm,<br \/>\nvelocidad del contrahusillo m\u00e1x. 10.000 rpm, incl. indexaci\u00f3n del husillo<br \/>\nPortaherramientas para un total de 17 herramientas (portaherramientas lineal, enganche frontal, retroceso),<br \/>\ncinta transportadora de piezas<br \/>\nTransportador de virutas<br \/>\nSistema de extinci\u00f3n de incendios<br \/>\ncargador IEMCA Genius 118\/3200 a\u00f1o de construcci\u00f3n 2005<\/p>\n<p>La m\u00e1quina puede inspeccionarse con cita previa.<br \/>\n\u00a1Cambios y errores en los datos t\u00e9cnicos y la informaci\u00f3n y sujeto a venta previa!<\/p>","protected":false},"excerpt":{"rendered":"<p>Standort: Deutschland, Baden-W\u00fcrttemberg S\u00fcdwest Zustand: Gebraucht Hersteller: Citizen Machinery Modell: C16-VI Baujahr: 2004 Steuerung, Fabr. CINCOM MITSUBISHI Meldas 6 Achsen (X1\/Z1\/Y1\/C1\/X2\/Z2), Stangen-\u00d8 max. 16 mm, Drehl\u00e4nge max. 200 mm, Hauptspindel, Drehzahl max. 10.000 U\/min, C-Achse 0,001 Grad, Gegenspindel-\u00d8 max. 16 mm, Gegenspindeldrehzahl max. 10.000 U\/min, inkl. Spindelindexierung Werkzeughalter f. insgesamt 17 Werkzeuge (Linearwerkzeughalter, Frontapparat, R\u00fcckseitenbearbeitung), [&hellip;]<\/p>\n","protected":false},"featured_media":2646,"comment_status":"open","ping_status":"closed","template":"","meta":{"_uf_show_specific_survey":0,"_uf_disable_surveys":false},"product_brand":[],"product_cat":[23],"product_tag":[],"class_list":{"0":"post-2655","1":"product","2":"type-product","3":"status-publish","4":"has-post-thumbnail","6":"product_cat-cnc-langdrehmaschinen","8":"first","9":"instock","10":"taxable","11":"shipping-taxable","12":"product-type-simple"},"aioseo_notices":[],"_links":{"self":[{"href":"https:\/\/mueller-wrh.de\/es\/wp-json\/wp\/v2\/product\/2655","targetHints":{"allow":["GET"]}}],"collection":[{"href":"https:\/\/mueller-wrh.de\/es\/wp-json\/wp\/v2\/product"}],"about":[{"href":"https:\/\/mueller-wrh.de\/es\/wp-json\/wp\/v2\/types\/product"}],"replies":[{"embeddable":true,"href":"https:\/\/mueller-wrh.de\/es\/wp-json\/wp\/v2\/comments?post=2655"}],"wp:featuredmedia":[{"embeddable":true,"href":"https:\/\/mueller-wrh.de\/es\/wp-json\/wp\/v2\/media\/2646"}],"wp:attachment":[{"href":"https:\/\/mueller-wrh.de\/es\/wp-json\/wp\/v2\/media?parent=2655"}],"wp:term":[{"taxonomy":"product_brand","embeddable":true,"href":"https:\/\/mueller-wrh.de\/es\/wp-json\/wp\/v2\/product_brand?post=2655"},{"taxonomy":"product_cat","embeddable":true,"href":"https:\/\/mueller-wrh.de\/es\/wp-json\/wp\/v2\/product_cat?post=2655"},{"taxonomy":"product_tag","embeddable":true,"href":"https:\/\/mueller-wrh.de\/es\/wp-json\/wp\/v2\/product_tag?post=2655"}],"curies":[{"name":"wp","href":"https:\/\/api.w.org\/{rel}","templated":true}]}}