{"id":2627,"date":"2025-03-13T16:13:03","date_gmt":"2025-03-13T16:13:03","guid":{"rendered":"https:\/\/mueller-wrh.de\/produkt\/werkzeughalter-agw_star-2-spindel-front-rueckseitenbearbeitung-er11_nr-431-59-art-nr-18136-intnr202101167\/"},"modified":"2025-03-13T16:13:03","modified_gmt":"2025-03-13T16:13:03","slug":"werkzeughalter-agw_star-2-spindel-front-rueckseitenbearbeitung-er11_nr-431-59-art-nr-18136-intnr202101167","status":"publish","type":"product","link":"https:\/\/mueller-wrh.de\/es\/producto\/werkzeughalter-agw_star-2-spindel-front-rueckseitenbearbeitung-er11_nr-431-59-art-nr-18136-intnr202101167\/","title":{"rendered":"Portaherramientas AGW_Star -2-husillo mecanizado frontal\/trasero ER11_No.431-59 \/ Referencia: 18136 (IntNo202101167)"},"content":{"rendered":"<p><b>Estado:<\/b> Nuevo<\/p>\n<p><b>Fabricante:<\/b> STAR Micronics<\/p>\n<p><b>A\u00f1o de construcci\u00f3n:<\/b> 2020<\/p>\n<p>Portaherramientas Star-2-Husillo frontal para taladrar\/fresar ER16<br \/>\npara mecanizado delantero\/trasero<br \/>\nN\u00ba 431-59 \/ Referencia: 18136 <\/p>\n<p>Seg\u00fan Star Adecuado para tipos:<br \/>\nECAS-32T; ST-38; SV-32; SV-38R; SX-38-A<br \/>\nVelocidad m\u00e1x. 6000 1\/mm<br \/>\nm\u00e1x. 13 Nm<br \/>\nTraducci\u00f3n 1:1<br \/>\n\u00a1Cambios y errores en los datos t\u00e9cnicos y la informaci\u00f3n, as\u00ed como la venta previa reservados!<\/p>","protected":false},"excerpt":{"rendered":"<p>Zustand: Neu Hersteller: STAR Micronics Baujahr: 2020 Werkzeughalter Star-2-Spindel-Frontalbohr-Fr\u00e4sapparat ER16 f\u00fcr Front-\/ R\u00fcckseitenbearbeitung Nr.431-59 \/ Art.- Nr.: 18136 Lt. Star Passend f\u00fcr Typen: ECAS-32T; ST-38; SV-32; SV-38R; SX-38-A Drehzahl max. 6000 1\/mm max. 13 Nm Uebersetzung 1:1 Aenderungen und Irrtuemer in den technischen Daten und Angaben sowie Zwischenverkauf vorbehalten!<\/p>","protected":false},"featured_media":2626,"comment_status":"open","ping_status":"closed","template":"","meta":{"_uf_show_specific_survey":0,"_uf_disable_surveys":false},"product_brand":[],"product_cat":[20],"product_tag":[],"class_list":{"0":"post-2627","1":"product","2":"type-product","3":"status-publish","4":"has-post-thumbnail","6":"product_cat-werkzeughalter","8":"first","9":"instock","10":"taxable","11":"shipping-taxable","12":"product-type-simple"},"aioseo_notices":[],"_links":{"self":[{"href":"https:\/\/mueller-wrh.de\/es\/wp-json\/wp\/v2\/product\/2627","targetHints":{"allow":["GET"]}}],"collection":[{"href":"https:\/\/mueller-wrh.de\/es\/wp-json\/wp\/v2\/product"}],"about":[{"href":"https:\/\/mueller-wrh.de\/es\/wp-json\/wp\/v2\/types\/product"}],"replies":[{"embeddable":true,"href":"https:\/\/mueller-wrh.de\/es\/wp-json\/wp\/v2\/comments?post=2627"}],"wp:featuredmedia":[{"embeddable":true,"href":"https:\/\/mueller-wrh.de\/es\/wp-json\/wp\/v2\/media\/2626"}],"wp:attachment":[{"href":"https:\/\/mueller-wrh.de\/es\/wp-json\/wp\/v2\/media?parent=2627"}],"wp:term":[{"taxonomy":"product_brand","embeddable":true,"href":"https:\/\/mueller-wrh.de\/es\/wp-json\/wp\/v2\/product_brand?post=2627"},{"taxonomy":"product_cat","embeddable":true,"href":"https:\/\/mueller-wrh.de\/es\/wp-json\/wp\/v2\/product_cat?post=2627"},{"taxonomy":"product_tag","embeddable":true,"href":"https:\/\/mueller-wrh.de\/es\/wp-json\/wp\/v2\/product_tag?post=2627"}],"curies":[{"name":"wp","href":"https:\/\/api.w.org\/{rel}","templated":true}]}}