{"id":267,"date":"2024-11-16T12:31:43","date_gmt":"2024-11-16T12:31:43","guid":{"rendered":"https:\/\/mueller-wrh.de\/versandarten\/"},"modified":"2024-11-17T12:26:39","modified_gmt":"2024-11-17T12:26:39","slug":"versandarten","status":"publish","type":"page","link":"https:\/\/mueller-wrh.de\/es\/versandarten\/","title":{"rendered":"Pago y env\u00edo"},"content":{"rendered":"<p><strong>Formas de pago:<\/strong><\/p>\n\n\n\n<p>Pago anticipado<\/p>\n\n\n\n<p>Si selecciona el m\u00e9todo de pago prepago, nuestros datos bancarios son los siguientes:<\/p>\n\n\n\n<p>Banco de Baden-W\u00fcrttemberg<\/p>\n\n\n\n<p>IBAN: DE38&nbsp;<a href=\"tel:6005 0101 0405 3888\">6005 0101 0405 3888<\/a>&nbsp;53<\/p>\n\n\n\n<p>BIC: SOLADEST600<\/p>\n\n\n\n<p>Contra reembolso<\/p>\n\n\n\n<p>Usted paga el precio de compra directamente al repartidor. Hay un cargo adicional de 6,50 euros.<\/p>\n\n\n\n<p>PayPal Plus<\/p>\n\n\n\n<p>Como parte del servicio de pago PayPal Plus, le ofrecemos varios m\u00e9todos de pago como servicios de PayPal. Usted ser\u00e1 redirigido a la p\u00e1gina web del proveedor en l\u00ednea PayPal. All\u00ed podr\u00e1 introducir sus datos de pago, confirmar el uso de sus datos por parte de PayPal y la instrucci\u00f3n de pago a PayPal.<\/p>\n\n\n\n<p>Si ha seleccionado el m\u00e9todo de pago PayPal, deber\u00e1 estar registrado all\u00ed o registrarse primero y legitimarse con sus datos de acceso para poder abonar el importe de la factura. La operaci\u00f3n de pago ser\u00e1 efectuada autom\u00e1ticamente por PayPal inmediatamente despu\u00e9s de la confirmaci\u00f3n de la instrucci\u00f3n de pago. Recibir\u00e1 m\u00e1s instrucciones durante el proceso de pedido.<\/p>\n\n\n\n<p><strong>Env\u00edos dentro de Alemania<\/strong><\/p>\n\n\n\n<p>1\u00aa entrega<\/p>\n\n\n\n<p>La entrega se realiza dentro de Alemania.<\/p>\n\n\n\n<p>1.1 Gastos de env\u00edo<\/p>\n\n\n\n<p>Los gastos de env\u00edo de los productos se calculan por pedido y seg\u00fan el peso y el importe base. Incluyen el impuesto sobre el valor a\u00f1adido alem\u00e1n legal. Importe b\u00e1sico para:<\/p>\n\n\n\n<p>Pedido de hasta 2 kg: 2,38 euros<\/p>\n\n\n\n<p>Pedido de hasta 5 kg: 6,80 euros<\/p>\n\n\n\n<p>Pedido de hasta 10 kg: 8,75 euros<\/p>\n\n\n\n<p>Pedido hasta 20 kg: 12,80<\/p>\n\n\n\n<p>Pedido hasta 30 kg: 14,80<\/p>\n\n\n\n<p>Pedido a partir de 30 kg: a precio de coste<\/p>\n\n\n\n<p>Encontrar\u00e1 los gastos de env\u00edo exactos de su pedido en la cesta de la compra, debajo del total del pedido.&nbsp;<\/p>\n\n\n\n<p><strong>Env\u00edos fuera de Alemania<\/strong><\/p>\n\n\n\n<p>2. entregas<\/p>\n\n\n\n<p>2.1 Gastos de env\u00edo<\/p>\n\n\n\n<p>Los pedidos se cobrar\u00e1n a precio de coste.&nbsp;<\/p>\n\n\n\n<p>3.&nbsp;<strong>Plazos de entrega&nbsp;<\/strong><\/p>\n\n\n\n<p>Si no se especifica otro plazo en la oferta correspondiente, la mercanc\u00eda se entregar\u00e1 dentro y fuera de Alemania&nbsp;<\/p>\n\n\n\n<p>en un plazo de 3 a 5 d\u00edas tras la celebraci\u00f3n del contrato (en caso de pago por adelantado acordado tras la instrucci\u00f3n de pago).<\/p>\n\n\n\n<p>Tenga en cuenta que los domingos y festivos no se realizan entregas.<\/p>\n\n\n\n<p>Si ha pedido art\u00edculos con plazos de entrega diferentes, enviaremos la mercanc\u00eda en un solo env\u00edo, a menos que hayamos acordado otra cosa con usted. En este caso, el plazo de entrega vendr\u00e1 determinado por el art\u00edculo con el plazo de entrega m\u00e1s largo que haya pedido.<\/p>\n\n\n\n<p>Si tiene alguna pregunta, encontrar\u00e1 nuestros datos de contacto en el aviso legal.<\/p>","protected":false},"excerpt":{"rendered":"<p>Zahlungsm\u00f6glichkeiten: Vorkasse Bei Auswahl der Zahlungsart Vorkasse lautet unsere Bankverbindung: Baden-W\u00fcrttembergische Bank IBAN: DE38&nbsp;6005 0101 0405 3888&nbsp;53 BIC: SOLADEST600 Nachnahme Sie zahlen den Kaufpreis direkt beim Zusteller. Es fallen zzgl. 6,50 Euro als Kosten an. PayPal Plus Im Rahmen des Zahlungsdienstes PayPal Plus bieten wir Ihnen verschiedene Zahlungsmethoden als PayPal Services an. Sie werden auf [&hellip;]<\/p>\n","protected":false},"author":1,"featured_media":0,"parent":0,"menu_order":0,"comment_status":"closed","ping_status":"closed","template":"","meta":{"_uf_show_specific_survey":0,"_uf_disable_surveys":false,"footnotes":""},"class_list":["post-267","page","type-page","status-publish","hentry"],"aioseo_notices":[],"_links":{"self":[{"href":"https:\/\/mueller-wrh.de\/es\/wp-json\/wp\/v2\/pages\/267","targetHints":{"allow":["GET"]}}],"collection":[{"href":"https:\/\/mueller-wrh.de\/es\/wp-json\/wp\/v2\/pages"}],"about":[{"href":"https:\/\/mueller-wrh.de\/es\/wp-json\/wp\/v2\/types\/page"}],"author":[{"embeddable":true,"href":"https:\/\/mueller-wrh.de\/es\/wp-json\/wp\/v2\/users\/1"}],"replies":[{"embeddable":true,"href":"https:\/\/mueller-wrh.de\/es\/wp-json\/wp\/v2\/comments?post=267"}],"version-history":[{"count":2,"href":"https:\/\/mueller-wrh.de\/es\/wp-json\/wp\/v2\/pages\/267\/revisions"}],"predecessor-version":[{"id":743,"href":"https:\/\/mueller-wrh.de\/es\/wp-json\/wp\/v2\/pages\/267\/revisions\/743"}],"wp:attachment":[{"href":"https:\/\/mueller-wrh.de\/es\/wp-json\/wp\/v2\/media?parent=267"}],"curies":[{"name":"wp","href":"https:\/\/api.w.org\/{rel}","templated":true}]}}