{"id":266,"date":"2024-11-16T12:31:43","date_gmt":"2024-11-16T12:31:43","guid":{"rendered":"https:\/\/mueller-wrh.de\/widerrufsbelehrung\/"},"modified":"2024-11-17T16:21:31","modified_gmt":"2024-11-17T16:21:31","slug":"widerrufsbelehrung","status":"publish","type":"page","link":"https:\/\/mueller-wrh.de\/es\/widerrufsbelehrung\/","title":{"rendered":"Informaci\u00f3n sobre el derecho de desistimiento"},"content":{"rendered":"<p>Los particulares\/consumidores tienen un derecho de cancelaci\u00f3n de catorce d\u00edas.<\/p>\n\n\n\n<p>Usted tiene derecho a rescindir el presente contrato en un plazo de catorce d\u00edas sin necesidad de justificaci\u00f3n. El plazo de desistimiento es de catorce d\u00edas a partir del d\u00eda en que usted o un tercero nombrado por usted, que no sea el transportista, haya tomado posesi\u00f3n de los \u00faltimos bienes.<\/p>\n\n\n\n<p>Para ejercer el derecho de desistimiento, deber\u00e1 informarnos (M\u00fcller Werkzeugmaschinen Robotik &amp; Handelshaus e. K., Turmstr. 1, 72351 Geislingen, Tel\u00e9fono: +49 7428 9188869, Direcci\u00f3n de correo electr\u00f3nico: Rolf.Mueller@mueller-wrh.de) de su decisi\u00f3n de rescindir el presente contrato mediante una declaraci\u00f3n inequ\u00edvoca (por ejemplo, una carta enviada por correo postal, fax o correo electr\u00f3nico). Puede utilizar el modelo de formulario de desistimiento adjunto, pero no es obligatorio.<\/p>\n\n\n\n<p>Para cumplir el plazo de cancelaci\u00f3n, basta con que env\u00ede su notificaci\u00f3n de ejercicio del derecho de cancelaci\u00f3n antes de que expire el plazo de cancelaci\u00f3n.<\/p>\n\n\n\n<p>Consecuencias de la anulaci\u00f3n<\/p>\n\n\n\n<p>Si desiste del presente contrato, le reembolsaremos todos los pagos que hayamos recibido de usted, incluidos los gastos de entrega (con excepci\u00f3n de los gastos suplementarios resultantes de la elecci\u00f3n por su parte de un tipo de entrega distinto del tipo menos costoso de entrega ordinaria que ofrezcamos), sin ninguna demora indebida y, en cualquier caso, a m\u00e1s tardar 14 d\u00edas a partir del d\u00eda en que se nos informe de su decisi\u00f3n de desistir del presente contrato. Para este reembolso, utilizaremos el mismo medio de pago que usted utiliz\u00f3 para la transacci\u00f3n original, salvo que se haya acordado expresamente otra cosa con usted; en ning\u00fan caso se le cobrar\u00e1n comisiones por este reembolso. Podremos retener el reembolso hasta que hayamos recibido los bienes de vuelta o hasta que usted haya presentado una prueba de que ha devuelto los bienes, seg\u00fan qu\u00e9 condici\u00f3n se cumpla primero.<\/p>\n\n\n\n<p>Debe devolvernos o entregarnos los bienes inmediatamente y, en cualquier caso, en un plazo m\u00e1ximo de catorce d\u00edas a partir del d\u00eda en que nos informe de la rescisi\u00f3n del presente contrato. El plazo se cumple si usted env\u00eda los bienes antes de que haya expirado el plazo de catorce d\u00edas. Usted correr\u00e1 con los gastos directos de devoluci\u00f3n de los bienes. S\u00f3lo tendr\u00e1 que pagar la p\u00e9rdida de valor de los bienes si dicha p\u00e9rdida de valor se debe a una manipulaci\u00f3n de los bienes que no sea necesaria para comprobar su estado, propiedades y funcionalidad.<\/p>\n\n\n\n<p>Motivos de exclusi\u00f3n o anulaci\u00f3n<\/p>\n\n\n\n<p>El derecho de rescisi\u00f3n no se aplica a los contratos<\/p>\n\n\n\n<p>- para la entrega de bienes prefabricados para cuya fabricaci\u00f3n sea decisiva una selecci\u00f3n o determinaci\u00f3n individual por parte del consumidor o que est\u00e9n claramente adaptados a las necesidades personales del consumidor;<\/p>\n\n\n\n<p>El derecho de rescisi\u00f3n expira prematuramente para los contratos<\/p>\n\n\n\n<p>- para la entrega de mercanc\u00edas precintadas que no sean aptas para ser devueltas por razones de protecci\u00f3n de la salud o de higiene, si su precinto ha sido retirado despu\u00e9s de la entrega;<\/p>\n\n\n\n<p>- para la entrega de mercanc\u00edas si \u00e9stas se han mezclado inseparablemente con otras mercanc\u00edas despu\u00e9s de la entrega debido a su naturaleza;<\/p>\n\n\n\n<p>Modelo de formulario de cancelaci\u00f3n<\/p>\n\n\n\n<p>(Si desea rescindir el contrato, rellene y devuelva este formulario).<\/p>\n\n\n\n<p>- A M\u00fcller Werkzeugmaschinen Robotik &amp; Handelshaus e. K., Turmstr. 1, 72351 Geislingen, tel\u00e9fono: +49 7428 9188869, direcci\u00f3n de correo electr\u00f3nico: Rolf.Mueller@mueller-wrh.de<\/p>\n\n\n\n<p>- Por la presente, yo\/nosotros (*) rescindimos el contrato celebrado por m\u00ed\/nosotros (*) para la adquisici\u00f3n de los siguientes bienes (*)\/la prestaci\u00f3n del siguiente servicio (*)<\/p>\n\n\n\n<p>- Pedido el (*)\/recibido el (*)<\/p>\n\n\n\n<p>- Nombre del consumidor o consumidores<\/p>\n\n\n\n<p>- Direcci\u00f3n del consumidor o consumidores<\/p>\n\n\n\n<p>- Firma del consumidor o consumidores (s\u00f3lo para notificaciones en papel)<\/p>\n\n\n\n<p>- Fecha (*) T\u00e1chese lo que no proceda.<\/p>","protected":false},"excerpt":{"rendered":"<p>Privatpersonen\/Verbraucher haben ein vierzehnt\u00e4giges Widerrufsrecht. Sie haben das Recht, binnen vierzehn Tagen ohne Angabe von Gr\u00fcnden diesen Vertrag zu widerrufen. Die Widerrufsfrist betr\u00e4gt vierzehn Tage ab dem Tag an dem Sie oder ein von Ihnen benannter Dritter, der nicht der Bef\u00f6rderer ist, die letzte Ware in Besitz genommen haben bzw. hat. Um Ihr Widerrufsrecht auszu\u00fcben, [&hellip;]<\/p>\n","protected":false},"author":1,"featured_media":0,"parent":0,"menu_order":0,"comment_status":"closed","ping_status":"closed","template":"","meta":{"_uf_show_specific_survey":0,"_uf_disable_surveys":false,"footnotes":""},"class_list":["post-266","page","type-page","status-publish","hentry"],"aioseo_notices":[],"_links":{"self":[{"href":"https:\/\/mueller-wrh.de\/es\/wp-json\/wp\/v2\/pages\/266","targetHints":{"allow":["GET"]}}],"collection":[{"href":"https:\/\/mueller-wrh.de\/es\/wp-json\/wp\/v2\/pages"}],"about":[{"href":"https:\/\/mueller-wrh.de\/es\/wp-json\/wp\/v2\/types\/page"}],"author":[{"embeddable":true,"href":"https:\/\/mueller-wrh.de\/es\/wp-json\/wp\/v2\/users\/1"}],"replies":[{"embeddable":true,"href":"https:\/\/mueller-wrh.de\/es\/wp-json\/wp\/v2\/comments?post=266"}],"version-history":[{"count":1,"href":"https:\/\/mueller-wrh.de\/es\/wp-json\/wp\/v2\/pages\/266\/revisions"}],"predecessor-version":[{"id":791,"href":"https:\/\/mueller-wrh.de\/es\/wp-json\/wp\/v2\/pages\/266\/revisions\/791"}],"wp:attachment":[{"href":"https:\/\/mueller-wrh.de\/es\/wp-json\/wp\/v2\/media?parent=266"}],"curies":[{"name":"wp","href":"https:\/\/api.w.org\/{rel}","templated":true}]}}