{"id":265,"date":"2024-11-16T12:31:43","date_gmt":"2024-11-16T12:31:43","guid":{"rendered":"https:\/\/mueller-wrh.de\/agb\/"},"modified":"2024-11-17T12:20:56","modified_gmt":"2024-11-17T12:20:56","slug":"agb","status":"publish","type":"page","link":"https:\/\/mueller-wrh.de\/es\/agb\/","title":{"rendered":"CONDICIONES GENERALES DE VENTA"},"content":{"rendered":"<p>1. \u00c1MBITO DE APLICACI\u00d3N<\/p>\n\n\n\n<p>Las siguientes condiciones se aplican a todos los pedidos realizados a trav\u00e9s de nuestra tienda en l\u00ednea por consumidores y empresarios.<\/p>\n\n\n\n<p>Un consumidor es toda persona f\u00edsica que celebra un negocio jur\u00eddico con fines predominantemente ajenos a su actividad comercial, empresarial o profesional. Un empresario es una persona f\u00edsica o jur\u00eddica o una sociedad con capacidad jur\u00eddica que, al celebrar un negocio jur\u00eddico, act\u00faa en ejercicio de su actividad comercial, empresarial o profesional.<\/p>\n\n\n\n<p>Para los empresarios se aplica lo siguiente: Si el empresario utiliza condiciones generales contradictorias o complementarias, se rechaza su validez; s\u00f3lo formar\u00e1n parte del contrato si las hemos aceptado expresamente.<\/p>\n\n\n\n<p>2. PARTES CONTRATANTES, CELEBRACI\u00d3N DEL CONTRATO, OPCIONES DE CORRECCI\u00d3N<\/p>\n\n\n\n<p>Al colocar los productos en la tienda en l\u00ednea, presentamos una oferta vinculante para celebrar un contrato sobre estos art\u00edculos. En un principio, puede colocar nuestros productos en la cesta de la compra sin compromiso y corregir sus entradas en cualquier momento antes de enviar su pedido vinculante utilizando los medios de correcci\u00f3n previstos y explicados a tal efecto en el proceso de pedido. El contrato se perfecciona cuando usted acepta la oferta de los productos contenidos en la cesta de la compra haciendo clic en el bot\u00f3n de pedido. Inmediatamente despu\u00e9s de enviar el pedido, recibir\u00e1 otra confirmaci\u00f3n por correo electr\u00f3nico.<\/p>\n\n\n\n<p>3. LENGUAJE CONTRACTUAL, ALMACENAMIENTO DE TEXTO CONTRACTUAL<\/p>\n\n\n\n<p>Lengua(s) disponible(s) para la celebraci\u00f3n del contrato: Alem\u00e1n<\/p>\n\n\n\n<p>Guardamos el texto del contrato y le enviamos los datos del pedido. Puede consultar el texto del contrato y los t\u00e9rminos y condiciones en nuestro inicio de sesi\u00f3n de cliente.<\/p>\n\n\n\n<p>4. CONDICIONES DE ENTREGA<\/p>\n\n\n\n<p>Adem\u00e1s de los precios indicados, pueden aplicarse gastos de env\u00edo. Puede obtener m\u00e1s informaci\u00f3n sobre los gastos de env\u00edo en las ofertas.<\/p>\n\n\n\n<p>5. PAGO<\/p>\n\n\n\n<p>En nuestra tienda est\u00e1n disponibles los siguientes m\u00e9todos de pago:<\/p>\n\n\n\n<p>Pago anticipado<\/p>\n\n\n\n<p>Si elige pagar por adelantado, le enviaremos nuestros datos bancarios en un correo electr\u00f3nico aparte y le entregaremos la mercanc\u00eda una vez recibido el pago.<\/p>\n\n\n\n<p>Contra reembolso<\/p>\n\n\n\n<p>Usted paga el precio de compra directamente al repartidor. Hay un cargo adicional de 6,50 euros.<\/p>\n\n\n\n<p>Tarjeta de cr\u00e9dito<\/p>\n\n\n\n<p>Usted introduce los datos de su tarjeta de cr\u00e9dito al realizar el pedido. Una vez legitimado como titular leg\u00edtimo de la tarjeta, la operaci\u00f3n de pago se realizar\u00e1 autom\u00e1ticamente y se efectuar\u00e1 el cargo en su tarjeta.<\/p>\n\n\n\n<p>PayPal Plus<\/p>\n\n\n\n<p>Como parte del servicio de pago PayPal Plus, le ofrecemos varios m\u00e9todos de pago como servicios de PayPal. Usted ser\u00e1 redirigido a la p\u00e1gina web del proveedor en l\u00ednea PayPal. All\u00ed podr\u00e1 introducir sus datos de pago, confirmar el uso de sus datos por parte de PayPal y la instrucci\u00f3n de pago a PayPal.<\/p>\n\n\n\n<p>Si ha seleccionado el m\u00e9todo de pago PayPal, deber\u00e1 estar registrado all\u00ed o registrarse primero y legitimarse con sus datos de acceso para poder abonar el importe de la factura. La operaci\u00f3n de pago ser\u00e1 efectuada autom\u00e1ticamente por PayPal inmediatamente despu\u00e9s de la confirmaci\u00f3n de la instrucci\u00f3n de pago. Recibir\u00e1 m\u00e1s instrucciones durante el proceso de pedido.<\/p>\n\n\n\n<p>Google Pay<\/p>\n\n\n\n<p>Para poder abonar el importe de la factura a trav\u00e9s de Google Pay, debe estar registrado en el proveedor de servicios Google, haber activado la funci\u00f3n Google Pay, legitimarse con sus datos de acceso y confirmar la instrucci\u00f3n de pago. La transacci\u00f3n de pago se lleva a cabo inmediatamente despu\u00e9s de realizar el pedido. Recibir\u00e1 m\u00e1s instrucciones durante el proceso de pedido.<\/p>\n\n\n\n<p>Amazon Pay<\/p>\n\n\n\n<p>Durante el proceso de pedido, se le redirigir\u00e1 al sitio web del proveedor en l\u00ednea Amazon antes de completar el proceso de pedido en nuestra tienda en l\u00ednea. Para completar el proceso de pedido y pagar el importe de la factura a trav\u00e9s de Amazon, debe estar registrado all\u00ed o registrarse y legitimarse primero con sus datos de acceso. All\u00ed podr\u00e1 seleccionar la direcci\u00f3n de entrega y el m\u00e9todo de pago almacenados con Amazon, confirmar el uso de sus datos por parte de Amazon y la instrucci\u00f3n de pago a nosotros. A continuaci\u00f3n ser\u00e1 redirigido de nuevo a nuestra tienda online, donde podr\u00e1 completar el proceso de pedido. Inmediatamente despu\u00e9s de realizar el pedido, pediremos a Amazon que inicie la transacci\u00f3n de pago. La transacci\u00f3n de pago es efectuada autom\u00e1ticamente por Amazon. Recibir\u00e1 m\u00e1s instrucciones durante el proceso de pedido.<\/p>\n\n\n\n<p>6. DERECHO DE ANULACI\u00d3N<\/p>\n\n\n\n<p>Los consumidores tienen el derecho legal de cancelaci\u00f3n descrito en la pol\u00edtica de cancelaci\u00f3n. Los empresarios no tienen derecho de cancelaci\u00f3n voluntaria.<\/p>\n\n\n\n<p>7. RESERVA DE DOMINIO<\/p>\n\n\n\n<p>La mercanc\u00eda seguir\u00e1 siendo de nuestra propiedad hasta que hayamos recibido el pago completo.<\/p>\n\n\n\n<p>Para los empresarios, tambi\u00e9n se aplica lo siguiente: Nos reservamos la titularidad de la mercanc\u00eda hasta que se hayan liquidado por completo todas las reclamaciones derivadas de una relaci\u00f3n comercial en curso. Usted puede revender la mercanc\u00eda sujeta a reserva de dominio en el curso ordinario de los negocios; usted nos cede por adelantado todas las reclamaciones derivadas de esta reventa -independientemente de cualquier combinaci\u00f3n o mezcla de la mercanc\u00eda sujeta a reserva de dominio con un nuevo art\u00edculo- por el importe de la factura, y nosotros aceptamos esta cesi\u00f3n. Usted sigue estando autorizado a cobrar las reclamaciones, pero nosotros tambi\u00e9n podemos cobrarlas si usted no cumple sus obligaciones de pago.<\/p>\n\n\n\n<p>8. DA\u00d1OS DE TRANSPORTE<\/p>\n\n\n\n<p>Para los consumidores se aplica lo siguiente: si la mercanc\u00eda se entrega con da\u00f1os evidentes causados por el transporte, reclame dichos defectos al repartidor lo antes posible y p\u00f3ngase en contacto con nosotros inmediatamente. El hecho de no presentar una reclamaci\u00f3n o de no ponerse en contacto con nosotros no tiene consecuencias para sus derechos legales y su aplicaci\u00f3n, en particular sus derechos de garant\u00eda. Sin embargo, nos ayudar\u00e1 a poder hacer valer nuestras propias reclamaciones contra el transportista o la compa\u00f1\u00eda de seguros de transporte.<\/p>\n\n\n\n<p>Se aplicar\u00e1 lo siguiente a los empresarios: El riesgo de p\u00e9rdida accidental y deterioro accidental pasar\u00e1 a usted tan pronto como hayamos entregado la mercanc\u00eda al transportista, transitario u otra persona o instituci\u00f3n designada para realizar el env\u00edo. La obligaci\u00f3n de inspeccionar y notificar los defectos regulada en el art\u00edculo 377 del C\u00f3digo de Comercio se aplica a los comerciantes. Si no nos notifica seg\u00fan lo estipulado en dicho art\u00edculo, la mercanc\u00eda se considerar\u00e1 aprobada, a menos que el defecto no haya sido reconocible durante la inspecci\u00f3n. Esto no se aplicar\u00e1 si hemos ocultado un defecto de forma fraudulenta.<\/p>\n\n\n\n<p>9. GARANT\u00cdA<\/p>\n\n\n\n<p>A menos que se acuerde expresamente lo contrario a continuaci\u00f3n, se aplicar\u00e1 la responsabilidad legal por defectos.<\/p>\n\n\n\n<p>En la compra de bienes usados por parte de los consumidores se aplica lo siguiente: si el defecto se produce una vez transcurrido un a\u00f1o desde la entrega de los bienes, quedan excluidas las reclamaciones por defectos. Los defectos que se produzcan en el plazo de un a\u00f1o desde la entrega de los bienes pueden reclamarse dentro del plazo de prescripci\u00f3n legal de dos a\u00f1os desde la entrega de los bienes.<\/p>\n\n\n\n<p>Para los empresarios, el plazo de prescripci\u00f3n de las reclamaciones de garant\u00eda de bienes de nueva fabricaci\u00f3n es de un a\u00f1o a partir de la transferencia del riesgo. La venta de bienes usados est\u00e1 sujeta a la exclusi\u00f3n de cualquier garant\u00eda. Los plazos de prescripci\u00f3n legales para el derecho de recurso de conformidad con el art\u00edculo 445a del BGB no se ver\u00e1n afectados.<\/p>\n\n\n\n<p>En relaci\u00f3n con los empresarios, s\u00f3lo nuestra propia informaci\u00f3n y las descripciones de los productos del fabricante incluidas en el contrato se considerar\u00e1n un acuerdo sobre la calidad de las mercanc\u00edas; no aceptamos ninguna responsabilidad por las declaraciones p\u00fablicas realizadas por el fabricante u otras declaraciones publicitarias.<\/p>\n\n\n\n<p>Si el art\u00edculo entregado es defectuoso, ofreceremos inicialmente una garant\u00eda a los empresarios, a nuestra discreci\u00f3n, subsanando el defecto (rectificaci\u00f3n) o entregando un art\u00edculo libre de defectos (entrega de sustituci\u00f3n).<\/p>\n\n\n\n<p>Las restricciones y la reducci\u00f3n de los plazos anteriores no se aplican a las reclamaciones basadas en da\u00f1os causados por nosotros, nuestros representantes legales o auxiliares ejecutivos.<\/p>\n\n\n\n<p>- en caso de atentado contra la vida, la integridad f\u00edsica o la salud<\/p>\n\n\n\n<p>- en caso de incumplimiento doloso o negligencia grave y dolo<\/p>\n\n\n\n<p>- en caso de incumplimiento de obligaciones contractuales esenciales, cuyo cumplimiento es fundamental para la correcta ejecuci\u00f3n del contrato y en cuya observancia puede confiar regularmente la parte contratante (obligaciones cardinales)<\/p>\n\n\n\n<p>- en el marco de una promesa de garant\u00eda, si as\u00ed se acuerda, o<\/p>\n\n\n\n<p>- en la medida en que se abre el \u00e1mbito de aplicaci\u00f3n de la Ley de Responsabilidad por Productos Defectuosos.<\/p>\n\n\n\n<p>Encontrar\u00e1 informaci\u00f3n sobre las garant\u00edas adicionales que puedan aplicarse y sus condiciones exactas junto con el producto y en las p\u00e1ginas de informaci\u00f3n especial de la tienda en l\u00ednea.<\/p>\n\n\n\n<p>10. RESPONSABILIDAD<\/p>\n\n\n\n<p>Siempre seremos responsables, sin limitaci\u00f3n alguna, de las reclamaciones basadas en da\u00f1os causados por nosotros, nuestros representantes legales o auxiliares ejecutivos.<\/p>\n\n\n\n<p>- en caso de atentado contra la vida, la integridad f\u00edsica o la salud<\/p>\n\n\n\n<p>- en caso de incumplimiento doloso o negligencia grave del deber<\/p>\n\n\n\n<p>- para las promesas de garant\u00eda, si as\u00ed se acuerda, o<\/p>\n\n\n\n<p>- en la medida en que se abre el \u00e1mbito de aplicaci\u00f3n de la Ley de Responsabilidad por Productos Defectuosos.<\/p>\n\n\n\n<p>En caso de incumplimiento de obligaciones contractuales esenciales, cuyo cumplimiento es imprescindible para la correcta ejecuci\u00f3n del contrato y en cuya observancia puede confiar regularmente la parte contratante (obligaciones cardinales), debido a negligencia leve por nuestra parte, de nuestros representantes legales o auxiliares ejecutivos, el importe de la responsabilidad se limitar\u00e1 a los da\u00f1os previsibles en el momento de la celebraci\u00f3n del contrato, cuya ocurrencia debe esperarse t\u00edpicamente.<\/p>\n\n\n\n<p>De lo contrario, quedan excluidas las reclamaciones por da\u00f1os y perjuicios.<\/p>\n\n\n\n<p>11. RESOLUCI\u00d3N DE LITIGIOS<\/p>\n\n\n\n<p>La Comisi\u00f3n Europea ofrece una plataforma para la resoluci\u00f3n de litigios en l\u00ednea (OS), que puede encontrar aqu\u00ed. No estamos obligados ni dispuestos a participar en un procedimiento de resoluci\u00f3n de litigios ante una junta arbitral de consumo.<\/p>\n\n\n\n<p>12. PROTECCI\u00d3N DE MENORES<\/p>\n\n\n\n<p>Si su pedido incluye mercanc\u00edas cuya venta est\u00e1 sujeta a restricciones de edad, utilizamos un procedimiento fiable que implica una comprobaci\u00f3n de la identidad personal y de la edad para asegurarnos de que el cliente ha alcanzado la edad m\u00ednima requerida. El repartidor solo entregar\u00e1 la mercanc\u00eda una vez realizada la comprobaci\u00f3n de edad y \u00fanicamente al cliente en persona.<\/p>\n\n\n\n<p>13. GENERAL<\/p>\n\n\n\n<p>El aspecto de los productos puede diferir de las fotos mostradas.&nbsp;<\/p>\n\n\n\n<p>14. DISPOSICIONES FINALES<\/p>\n\n\n\n<p>Si es usted empresario, se aplicar\u00e1 la legislaci\u00f3n alemana con exclusi\u00f3n de la Convenci\u00f3n de las Naciones Unidas sobre los Contratos de Compraventa Internacional de Mercader\u00edas.<\/p>","protected":false},"excerpt":{"rendered":"<p>1. GELTUNGSBEREICH F\u00fcr alle Bestellungen \u00fcber unseren Online-Shop durch Verbraucher und Unternehmer gelten die nachfolgenden AGB. Verbraucher ist jede nat\u00fcrliche Person, die ein Rechtsgesch\u00e4ft zu Zwecken abschlie\u00dft, die \u00fcberwiegend weder ihrer gewerblichen noch ihrer selbst\u00e4ndigen beruflichen T\u00e4tigkeit zugerechnet werden k\u00f6nnen. Unternehmer ist eine nat\u00fcrliche oder juristische Person oder eine rechtsf\u00e4hige Personengesellschaft, die bei Abschluss eines [&hellip;]<\/p>\n","protected":false},"author":1,"featured_media":0,"parent":0,"menu_order":0,"comment_status":"closed","ping_status":"closed","template":"","meta":{"_uf_show_specific_survey":0,"_uf_disable_surveys":false,"footnotes":""},"class_list":["post-265","page","type-page","status-publish","hentry"],"aioseo_notices":[],"_links":{"self":[{"href":"https:\/\/mueller-wrh.de\/es\/wp-json\/wp\/v2\/pages\/265","targetHints":{"allow":["GET"]}}],"collection":[{"href":"https:\/\/mueller-wrh.de\/es\/wp-json\/wp\/v2\/pages"}],"about":[{"href":"https:\/\/mueller-wrh.de\/es\/wp-json\/wp\/v2\/types\/page"}],"author":[{"embeddable":true,"href":"https:\/\/mueller-wrh.de\/es\/wp-json\/wp\/v2\/users\/1"}],"replies":[{"embeddable":true,"href":"https:\/\/mueller-wrh.de\/es\/wp-json\/wp\/v2\/comments?post=265"}],"version-history":[{"count":1,"href":"https:\/\/mueller-wrh.de\/es\/wp-json\/wp\/v2\/pages\/265\/revisions"}],"predecessor-version":[{"id":738,"href":"https:\/\/mueller-wrh.de\/es\/wp-json\/wp\/v2\/pages\/265\/revisions\/738"}],"wp:attachment":[{"href":"https:\/\/mueller-wrh.de\/es\/wp-json\/wp\/v2\/media?parent=265"}],"curies":[{"name":"wp","href":"https:\/\/api.w.org\/{rel}","templated":true}]}}