{"id":5408,"date":"2026-04-21T19:21:11","date_gmt":"2026-04-21T19:21:11","guid":{"rendered":"https:\/\/mueller-wrh.de\/produkt\/tornos-ms7-hy-6-bj-1989-mit-lademagazin-iemca-elite-112_bj-12-intnr231512\/"},"modified":"2026-04-21T19:21:11","modified_gmt":"2026-04-21T19:21:11","slug":"tornos-ms7-hy-6-bj-1989-mit-lademagazin-iemca-elite-112_bj-12-intnr231512","status":"publish","type":"product","link":"https:\/\/mueller-wrh.de\/en\/product\/tornos-ms7-hy-6-bj-1989-mit-lademagazin-iemca-elite-112_bj-12-intnr231512\/","title":{"rendered":"TORNOS MS7 HY 6 Year 1989 with IEMCA Elite 112_Year '12 Loading Magazine IntNr231512"},"content":{"rendered":"<p><b>Location:<\/b> Germany, Baden-W\u00fcrttemberg Southwest<\/p>\n<p><b>Condition:<\/b> Used<\/p>\n<p><b>Manufacturer:<\/b> Tornos<\/p>\n<p><b>Model:<\/b> HY 6<\/p>\n<p><b>Year of construction:<\/b> 1989<\/p>\n<p>For sale is a used TORNOS MS7 HY 6 precision automatic lathe, manufactured in 1989, equipped with an IEMCA ELITE 112 bar feeder, manufactured in 2012.<br \/>\nTechnical Data TORNOS MS7 \/ MS7 HY 6:<\/p>\n<p>Sliding head automatic lathe<br \/>\nMax. workpiece diameter: 7 mm<br \/>\nSpindle bore: 8 mm<br \/>\nBarrel with flat curve: 60 mm<br \/>\nLargest thread diameter: M6<br \/>\nNumber of turning tools: 5<br \/>\nSpindle speeds: 20 steps, 1,400\u201310,000 rpm<br \/>\nElectrical connection: 3 x 380 V \/ 50 Hz<br \/>\nTotal output: approx. 2 HP<br \/>\nMachine weight: approx. 520 kg<br \/>\nDimensions: approx. 1,200 x 700 x 1,400 mm<br \/>\nEquipment as per available source: Lamp, central lubrication, protective cover<\/p>\n<p>Technical Data IEMCA ELITE 112, Year 2012:<br \/>\nManufacturer: IEMCA<br \/>\nType: ELITE 112<br \/>\nYear of construction: 2012<br \/>\nAccording to the manufacturer, the ELITE-112 series is designed for machining thin bars and covers a range of 0.8 to 12.7 mm, depending on the version.<\/p>\n<p>The machine can be inspected by appointment.<br \/>\nChanges and errors in the technical data and information as well as prior sale reserved!<\/p>\n<p>A used TORNOS MS7 HY 6 precision automatic lathe, manufactured in 1989, is for sale, equipped with an IEMCA ELITE 112 bar feeder, manufactured in 2012.<br \/>\nTORNOS MS7 \/ MS7 HY 6: Technical specifications<\/p>\n<p>Machine type: Long-bed automatic lathe<br \/>\nMaximum workpiece diameter: 7 mm<br \/>\nSpindle bore: 8 mm<br \/>\nStroke with flat cam: 60 mm<br \/>\nMaximum thread diameter: M6<br \/>\nNumber of turning tools: 5<br \/>\nSpindle speeds: 20 speeds, 1,400\u201310,000 rpm<br \/>\nElectrical connection: 3 x 380 V \/ 50 Hz<br \/>\nTotal power: approx. 2 hp<br \/>\nMachine weight: approx. 520 kg<br \/>\nDimensions: approx. 1,200 x 700 x 1,400 mm<br \/>\nEquipment according to available source: Lamp, central lubrication, protective cover<\/p>\n<p>Technical data IEMCA ELITE 112, built in 2012:<br \/>\nManufacturer: IEMCA<br \/>\nModel: ELITE 112<br \/>\nYear of manufacture: 2012<br \/>\nAccording to the manufacturer, the ELITE 112 series is designed for machining thin bars and, depending on the version, covers a range from 0.8 to 12.7 mm.<\/p>\n<p>The machine can be viewed by appointment.<br \/>\nWe reserve the right to make changes and corrections to the technical data and specifications, and to sell the item in the meantime!<\/p>","protected":false},"excerpt":{"rendered":"<p>Standort: Deutschland, Baden-W\u00fcrttemberg S\u00fcdwest Zustand: Gebraucht Hersteller: Tornos Modell: HY 6 Baujahr: 1989 Zum Verkauf steht ein gebrauchter Pr\u00e4zisions-Drehautomat TORNOS MS7 HY 6, Baujahr 1989, ausgestattet mit einem Stangenlademagazin IEMCA ELITE 112, Baujahr 2012. Technische Daten TORNOS MS7 \/ MS7 HY 6: Maschinenart: Langdrehautomat Max. Werkst\u00fcckdurchmesser: 7 mm Spindelbohrung: 8 mm Hub mit Flachkurve: 60 [&hellip;]<\/p>\n","protected":false},"featured_media":5401,"comment_status":"open","ping_status":"closed","template":"","meta":{"_uf_show_specific_survey":0,"_uf_disable_surveys":false},"product_brand":[],"product_cat":[112],"product_tag":[],"class_list":{"0":"post-5408","1":"product","2":"type-product","3":"status-publish","4":"has-post-thumbnail","6":"product_cat-langdrehmaschinen","8":"first","9":"instock","10":"taxable","11":"shipping-taxable","12":"product-type-simple"},"aioseo_notices":[],"_links":{"self":[{"href":"https:\/\/mueller-wrh.de\/en\/wp-json\/wp\/v2\/product\/5408","targetHints":{"allow":["GET"]}}],"collection":[{"href":"https:\/\/mueller-wrh.de\/en\/wp-json\/wp\/v2\/product"}],"about":[{"href":"https:\/\/mueller-wrh.de\/en\/wp-json\/wp\/v2\/types\/product"}],"replies":[{"embeddable":true,"href":"https:\/\/mueller-wrh.de\/en\/wp-json\/wp\/v2\/comments?post=5408"}],"wp:featuredmedia":[{"embeddable":true,"href":"https:\/\/mueller-wrh.de\/en\/wp-json\/wp\/v2\/media\/5401"}],"wp:attachment":[{"href":"https:\/\/mueller-wrh.de\/en\/wp-json\/wp\/v2\/media?parent=5408"}],"wp:term":[{"taxonomy":"product_brand","embeddable":true,"href":"https:\/\/mueller-wrh.de\/en\/wp-json\/wp\/v2\/product_brand?post=5408"},{"taxonomy":"product_cat","embeddable":true,"href":"https:\/\/mueller-wrh.de\/en\/wp-json\/wp\/v2\/product_cat?post=5408"},{"taxonomy":"product_tag","embeddable":true,"href":"https:\/\/mueller-wrh.de\/en\/wp-json\/wp\/v2\/product_tag?post=5408"}],"curies":[{"name":"wp","href":"https:\/\/api.w.org\/{rel}","templated":true}]}}