{"id":5313,"date":"2026-04-21T15:54:39","date_gmt":"2026-04-21T15:54:39","guid":{"rendered":"https:\/\/mueller-wrh.de\/produkt\/jung-flachschleifmaschine-hf-40-bj-1977-intnr231519\/"},"modified":"2026-04-21T15:54:39","modified_gmt":"2026-04-21T15:54:39","slug":"jung-flachschleifmaschine-hf-40-bj-1977-intnr231519","status":"publish","type":"product","link":"https:\/\/mueller-wrh.de\/en\/product\/jung-flachschleifmaschine-hf-40-bj-1977-intnr231519\/","title":{"rendered":"Jung Surface Grinder HF 40 Year 1977 Internal No. 231519"},"content":{"rendered":"<p><b>Location:<\/b> Germany, Baden-W\u00fcrttemberg Southwest<\/p>\n<p><b>Condition:<\/b> Used<\/p>\n<p><b>Manufacturer:<\/b> Jung<\/p>\n<p><b>Model:<\/b> HF 40<\/p>\n<p><b>Year of construction:<\/b> 1977<\/p>\n<p>For sale is a used Jung HF 40 surface grinding machine, manufactured in 1977, in a solid, heavy-duty design. <\/p>\n<p>Technical data:<br \/>\nHydraulic actuation<br \/>\nTable size: 400 x 150 mm<br \/>\nGrinding length: 400 mm<br \/>\nGrinding width: 150 mm<br \/>\nGrinding wheel diameter: 200 mm<br \/>\nGrinding wheel width: 16 mm<br \/>\nSpindle speed: approx. 2,800 rpm<br \/>\nTable speed: infinitely variable 2\u201320 m\/min<br \/>\nAutomatic vertical feed: 0.002\u20130.013 mm<br \/>\nMachine weight: approx. 900 kg<br \/>\nMachine dimensions: approx. 1,300 x 1,200 x 1,500 mm<\/p>\n<p>The machine can be inspected by appointment.<br \/>\nChanges and errors in the technical data and information as well as prior sale reserved!<\/p>\n<p>A used Jung HF 40 surface grinder, built in 1977, is available for sale. It is a robust, heavy-duty model. <\/p>\n<p>Technical specifications:<br \/>\nType: hydraulic<br \/>\nTable size: 400 x 150 mm<br \/>\nGrinding length: 400 mm<br \/>\nGrinding width: 150 mm<br \/>\nGrinding wheel diameter: 200 mm<br \/>\nGrinding wheel width: 16 mm<br \/>\nSpindle speed: approx. 2,800 rpm<br \/>\nTable speed: infinitely variable 2\u201320 m\/min<br \/>\nAutomatic vertical feed: 0.002\u20130.013 mm<br \/>\nMachine weight: approx. 900 kg<br \/>\nMachine dimensions: approx. 1,300 x 1,200 x 1,500 mm<\/p>\n<p>The machine can be viewed by appointment.<br \/>\nWe reserve the right to make changes and corrections to the technical data and specifications, and to sell the item in the meantime!<\/p>","protected":false},"excerpt":{"rendered":"<p>Standort: Deutschland, Baden-W\u00fcrttemberg S\u00fcdwest Zustand: Gebraucht Hersteller: Jung Modell: HF 40 Baujahr: 1977 Zum Verkauf steht eine gebrauchte Flachschleifmaschine Jung HF 40, Baujahr 1977, in solider, schwerer Ausf\u00fchrung. Technische Daten: Ausf\u00fchrung: hydraulisch Tischgr\u00f6\u00dfe: 400 x 150 mm Schleifl\u00e4nge: 400 mm Schleifbreite: 150 mm Schleifscheibendurchmesser: 200 mm Schleifscheibenbreite: 16 mm Spindeldrehzahl: ca. 2.800 U\/min Tischgeschwindigkeit: stufenlos [&hellip;]<\/p>\n","protected":false},"featured_media":5306,"comment_status":"open","ping_status":"closed","template":"","meta":{"_uf_show_specific_survey":0,"_uf_disable_surveys":false},"product_brand":[],"product_cat":[111],"product_tag":[],"class_list":{"0":"post-5313","1":"product","2":"type-product","3":"status-publish","4":"has-post-thumbnail","6":"product_cat-schleifmaschinen","8":"first","9":"instock","10":"taxable","11":"shipping-taxable","12":"product-type-simple"},"aioseo_notices":[],"_links":{"self":[{"href":"https:\/\/mueller-wrh.de\/en\/wp-json\/wp\/v2\/product\/5313","targetHints":{"allow":["GET"]}}],"collection":[{"href":"https:\/\/mueller-wrh.de\/en\/wp-json\/wp\/v2\/product"}],"about":[{"href":"https:\/\/mueller-wrh.de\/en\/wp-json\/wp\/v2\/types\/product"}],"replies":[{"embeddable":true,"href":"https:\/\/mueller-wrh.de\/en\/wp-json\/wp\/v2\/comments?post=5313"}],"wp:featuredmedia":[{"embeddable":true,"href":"https:\/\/mueller-wrh.de\/en\/wp-json\/wp\/v2\/media\/5306"}],"wp:attachment":[{"href":"https:\/\/mueller-wrh.de\/en\/wp-json\/wp\/v2\/media?parent=5313"}],"wp:term":[{"taxonomy":"product_brand","embeddable":true,"href":"https:\/\/mueller-wrh.de\/en\/wp-json\/wp\/v2\/product_brand?post=5313"},{"taxonomy":"product_cat","embeddable":true,"href":"https:\/\/mueller-wrh.de\/en\/wp-json\/wp\/v2\/product_cat?post=5313"},{"taxonomy":"product_tag","embeddable":true,"href":"https:\/\/mueller-wrh.de\/en\/wp-json\/wp\/v2\/product_tag?post=5313"}],"curies":[{"name":"wp","href":"https:\/\/api.w.org\/{rel}","templated":true}]}}