{"id":5188,"date":"2026-03-31T15:28:26","date_gmt":"2026-03-31T15:28:26","guid":{"rendered":"https:\/\/mueller-wrh.de\/produkt\/star-sr20r-ii-bj-12_2006_mit-fmb-turbo-3-26_-intnr231539\/"},"modified":"2026-03-31T15:28:26","modified_gmt":"2026-03-31T15:28:26","slug":"star-sr20r-ii-bj-12_2006_mit-fmb-turbo-3-26_-intnr231539","status":"publish","type":"product","link":"https:\/\/mueller-wrh.de\/en\/product\/star-sr20r-ii-bj-12_2006_mit-fmb-turbo-3-26_-intnr231539\/","title":{"rendered":"STAR SR20R II, built Dec 2006, with FMB Turbo 3-26, Internal No. 231539"},"content":{"rendered":"<p><b>Location:<\/b> Germany, Baden-W\u00fcrttemberg Southwest<\/p>\n<p><b>Condition:<\/b> Used<\/p>\n<p><b>Manufacturer:<\/b> STAR Micronics<\/p>\n<p><b>Model:<\/b> SR-20R II<\/p>\n<p><b>Operating hours:<\/b> 58685<\/p>\n<p>STAR SR-20RII CNC sliding head turning centre with FMB Turbo 3-26<br \/>\nYear of manufacture: 12\/2006<br \/>\nControl: Fanuc 18i-TB<\/p>\n<p>Technical data<br \/>\nMax. Turning diameter: \u00d8 20 mm (optionally up to \u00d8 22 mm)<br \/>\nTurning length: 205 mm<br \/>\nMain spindle:<br \/>\n- Speed: up to approx. 10,000-12,000 min-\u00b9<br \/>\n- Power: approx. 3.7-5.5 kW<br \/>\n- C-axis for contour machining<br \/>\nCounter spindle:<br \/>\n- Speed: up to approx. 6,000-8,000 min-\u00b9<br \/>\n- C-axis<br \/>\nAxes (travel distances):<br \/>\n- X1 \/ Z1 \/ Y1 (main machining): X1 approx. 265 mm \/ Z1 approx. 205 mm \/ Y1 \u00b1 20 mm<br \/>\n- X2 \/ Z2 (counter spindle): similar to main axis, exact values depend on machine<br \/>\n- Rapid traverse: approx. 24-30 m\/min<\/p>\n<p>Machine dimensions: 2,400 \u00d7 1,205 \u00d7 1,700 mm<br \/>\nMachine weight: approx. 2,200 kg<\/p>\n<p>Bar feeder: FMB TURBO 3-26\/3200<br \/>\nChip conveyor<\/p>\n<p>Viewing: Machine can be viewed on site by appointment.<br \/>\nNote: Subject to changes and errors in the technical data as well as prior sale!<\/p>\n<p>STAR SR-20RII CNC vertical turning machine with FMB Turbo 3-26<br \/>\nDate of manufacture: December 2006<br \/>\nControl system: Fanuc 18i-TB<\/p>\n<p>Technical specifications<br \/>\nMax. turning diameter: \u00d8 20 mm (optional up to \u00d8 22 mm)<br \/>\nTurning length: 205 mm<br \/>\nMain spindle:<br \/>\n\u2022 Speed: up to approx. 10,000\u201312,000 rpm<br \/>\n\u2022 Power: approx. 3.7\u20135.5 kW<br \/>\n\u2022 C-axis for contour machining<br \/>\nCounter spindle:<br \/>\n\u2022 Speed: up to approx. 6,000\u20138,000 rpm<br \/>\n\u2022 C-axis<br \/>\nAxes (travel ranges):<br \/>\n\u2022 X1 \/ Z1 \/ Y1 (main machining): X1 approx. 265 mm \/ Z1 approx. 205 mm \/ Y1 \u00b1 20 mm<br \/>\n\u2022 X2 \/ Z2 (sub-spindle): similar to main spindle, exact values depend on machine<br \/>\n- Rapid traverse: approx. 24-30 m\/min<\/p>\n<p>Machine dimensions: 2,400 \u00d7 1,205 \u00d7 1,700 mm<br \/>\nMachine weight: approx. 2,200 kg<\/p>\n<p>Bar loading magazine: FMB TURBO 3-26\/3200<br \/>\nChip conveyor<\/p>\n<p>Viewing: The machine can be viewed on site by appointment.<br \/>\nNote: Subject to changes and errors in the technical data, and prior sale!<\/p>","protected":false},"excerpt":{"rendered":"<p>Standort: Deutschland, Baden-W\u00fcrttemberg S\u00fcdwest Zustand: Gebraucht Hersteller: STAR Micronics Modell: SR-20R II Betriebsstunden: 58685 CNC-Langdrehmaschine STAR SR-20RII mit FMB Turbo 3-26 Baujahr: 12_2006 Steuerung: Fanuc 18i-TB Technische Daten Max. Drehdurchmesser: \u00d8 20 mm (optional bis \u00d8 22 mm) Drehl\u00e4nge: 205 mm Hauptspindel: \u2022 Drehzahl: bis ca. 10.000\u201312.000 min\u207b\u00b9 \u2022 Leistung: ca. 3,7\u20135,5 kW \u2022 C-Achse [&hellip;]<\/p>\n","protected":false},"featured_media":5182,"comment_status":"open","ping_status":"closed","template":"","meta":{"_uf_show_specific_survey":0,"_uf_disable_surveys":false},"product_brand":[],"product_cat":[23],"product_tag":[],"class_list":{"0":"post-5188","1":"product","2":"type-product","3":"status-publish","4":"has-post-thumbnail","6":"product_cat-cnc-langdrehmaschinen","8":"first","9":"instock","10":"taxable","11":"shipping-taxable","12":"product-type-simple"},"aioseo_notices":[],"_links":{"self":[{"href":"https:\/\/mueller-wrh.de\/en\/wp-json\/wp\/v2\/product\/5188","targetHints":{"allow":["GET"]}}],"collection":[{"href":"https:\/\/mueller-wrh.de\/en\/wp-json\/wp\/v2\/product"}],"about":[{"href":"https:\/\/mueller-wrh.de\/en\/wp-json\/wp\/v2\/types\/product"}],"replies":[{"embeddable":true,"href":"https:\/\/mueller-wrh.de\/en\/wp-json\/wp\/v2\/comments?post=5188"}],"wp:featuredmedia":[{"embeddable":true,"href":"https:\/\/mueller-wrh.de\/en\/wp-json\/wp\/v2\/media\/5182"}],"wp:attachment":[{"href":"https:\/\/mueller-wrh.de\/en\/wp-json\/wp\/v2\/media?parent=5188"}],"wp:term":[{"taxonomy":"product_brand","embeddable":true,"href":"https:\/\/mueller-wrh.de\/en\/wp-json\/wp\/v2\/product_brand?post=5188"},{"taxonomy":"product_cat","embeddable":true,"href":"https:\/\/mueller-wrh.de\/en\/wp-json\/wp\/v2\/product_cat?post=5188"},{"taxonomy":"product_tag","embeddable":true,"href":"https:\/\/mueller-wrh.de\/en\/wp-json\/wp\/v2\/product_tag?post=5188"}],"curies":[{"name":"wp","href":"https:\/\/api.w.org\/{rel}","templated":true}]}}