{"id":5181,"date":"2026-03-30T10:48:23","date_gmt":"2026-03-30T10:48:23","guid":{"rendered":"https:\/\/mueller-wrh.de\/produkt\/mayfran-spaenefoerderer-typ-scharnierband-bj-15-intnr231541\/"},"modified":"2026-03-30T10:48:24","modified_gmt":"2026-03-30T10:48:24","slug":"mayfran-spaenefoerderer-typ-scharnierband-bj-15-intnr231541","status":"publish","type":"product","link":"https:\/\/mueller-wrh.de\/en\/product\/mayfran-spaenefoerderer-typ-scharnierband-bj-15-intnr231541\/","title":{"rendered":"Mayfran chip conveyor type hinged belt, year '15, IntNo231541"},"content":{"rendered":"<p><b>Location:<\/b> Germany, Baden-W\u00fcrttemberg Southwest<\/p>\n<p><b>Condition:<\/b> Used<\/p>\n<p><b>Manufacturer:<\/b> MAYFRAN<\/p>\n<p><b>Model:<\/b> Hinge tape<\/p>\n<p><b>Year of construction:<\/b> 2015<\/p>\n<p>MAYFRAN chip conveyor type hinged belt year 2015<\/p>\n<p>Technical data<br \/>\nfully functional<br \/>\nInsertion length : 940 mm<br \/>\nLast attached to CNC sliding headstock lathe<\/p>\n<p>WEIGHT AND DIMENSIONS<br \/>\nLoading magazine dimensions: approx. 2200 x 710 x 1100 mm<br \/>\nLoading magazine weight: approx. 250 kg<\/p>\n<p>The machine can be inspected by appointment.<br \/>\nChanges and errors in the technical data and information as well as prior sale reserved!<\/p>\n<p>MAYFRAN chip conveyor, hinged belt type, built in 2015<\/p>\n<p>Technical specifications<br \/>\nFully operational<br \/>\nLoading length: 940 mm<br \/>\nLast used on a CNC vertical turning lathe<\/p>\n<p>WEIGHT AND DIMENSIONS<br \/>\nLoading magazine dimensions: approx. 2200 x 710 x 1100 mm<br \/>\nWeight of loading magazine: approx. 250 kg<\/p>\n<p>The machine can be viewed by appointment.<br \/>\nWe reserve the right to make changes and corrections to the technical data and specifications, and to sell the item in the meantime!<\/p>","protected":false},"excerpt":{"rendered":"<p>Standort: Deutschland, Baden-W\u00fcrttemberg S\u00fcdwest Zustand: Gebraucht Hersteller: MAYFRAN Modell: Scharnierband Baujahr: 2015 MAYFRAN Sp\u00e4nef\u00f6rderer Typ Scharnierband Bj. 2015 Technische Daten vol funktionsf\u00e4hig Einschubl\u00e4nge : 940 mm zuletzt angebaut an CNC-Langdrehmaschine GEWICHT UND ABMESSUNGEN Abmessungen Lademagazin: ca. 2200 x 710 x 1100 mm Gewicht Lademagazin: ca. 250 kg Die Maschine kann nach Terminvereinbarung Strom besichtigt werden. [&hellip;]<\/p>\n","protected":false},"featured_media":5178,"comment_status":"open","ping_status":"closed","template":"","meta":{"_uf_show_specific_survey":0,"_uf_disable_surveys":false},"product_brand":[],"product_cat":[105],"product_tag":[],"class_list":{"0":"post-5181","1":"product","2":"type-product","3":"status-publish","4":"has-post-thumbnail","6":"product_cat-zubehoer-sonstiges","8":"first","9":"instock","10":"taxable","11":"shipping-taxable","12":"product-type-simple"},"aioseo_notices":[],"_links":{"self":[{"href":"https:\/\/mueller-wrh.de\/en\/wp-json\/wp\/v2\/product\/5181","targetHints":{"allow":["GET"]}}],"collection":[{"href":"https:\/\/mueller-wrh.de\/en\/wp-json\/wp\/v2\/product"}],"about":[{"href":"https:\/\/mueller-wrh.de\/en\/wp-json\/wp\/v2\/types\/product"}],"replies":[{"embeddable":true,"href":"https:\/\/mueller-wrh.de\/en\/wp-json\/wp\/v2\/comments?post=5181"}],"wp:featuredmedia":[{"embeddable":true,"href":"https:\/\/mueller-wrh.de\/en\/wp-json\/wp\/v2\/media\/5178"}],"wp:attachment":[{"href":"https:\/\/mueller-wrh.de\/en\/wp-json\/wp\/v2\/media?parent=5181"}],"wp:term":[{"taxonomy":"product_brand","embeddable":true,"href":"https:\/\/mueller-wrh.de\/en\/wp-json\/wp\/v2\/product_brand?post=5181"},{"taxonomy":"product_cat","embeddable":true,"href":"https:\/\/mueller-wrh.de\/en\/wp-json\/wp\/v2\/product_cat?post=5181"},{"taxonomy":"product_tag","embeddable":true,"href":"https:\/\/mueller-wrh.de\/en\/wp-json\/wp\/v2\/product_tag?post=5181"}],"curies":[{"name":"wp","href":"https:\/\/api.w.org\/{rel}","templated":true}]}}