{"id":5134,"date":"2026-03-27T09:54:57","date_gmt":"2026-03-27T09:54:57","guid":{"rendered":"https:\/\/mueller-wrh.de\/produkt\/star-sr-20_rii_bj-07-2007_intnr231447\/"},"modified":"2026-03-27T10:10:35","modified_gmt":"2026-03-27T10:10:35","slug":"star-sr-20_rii_bj-07-2007_intnr231447","status":"publish","type":"product","link":"https:\/\/mueller-wrh.de\/en\/product\/star-sr-20_rii_bj-07-2007_intnr231447\/","title":{"rendered":"STAR SR-20_RII_Year 07.2007_IntNo231447"},"content":{"rendered":"<p><b>Location:<\/b> Germany, Baden-W\u00fcrttemberg Southwest<\/p>\n<p><b>Condition:<\/b> Used<\/p>\n<p><b>Manufacturer:<\/b> STAR Micronics<\/p>\n<p><b>Model:<\/b> SR-20 RII<\/p>\n<p><b>Year of construction:<\/b> 2007<\/p>\n<p><b>Operating hours:<\/b> 20279<\/p>\n<p>CNC sliding headstock lathe SR20RII, year 2007<br \/>\nMachine type: CNC sliding head lathe (Swiss-type)<br \/>\nController, Fanuc, Series 18i-TB,<br \/>\nSwitch-on hours: 20279<br \/>\nOperating hours: 67058<\/p>\n<p>Max. Turning diameter: \u00d8 20 mm (optionally up to 22 mm)<br \/>\nTurning length: 205 mm<br \/>\nMain spindle:<br \/>\nSpeed: up to approx. 10,000-12,000 min-\u00b9<br \/>\nPower: approx. 3.7-5.5 kW<br \/>\nC-axis<br \/>\nCounter spindle:<br \/>\nSpeed: up to approx. 6,000-8,000 min-\u00b9<br \/>\nC-axis<br \/>\nAxles:<br \/>\nX1 \/ Z1 \/ Y1 (main processing)<br \/>\nX2 \/ Z2 (counter spindle)<br \/>\nRapid traverse: approx. 24-30 m\/min<\/p>\n<p>Machine dimensions 2400x1205x1700 mm<br \/>\nWeight of the machine 2200 kg<\/p>\n<p>Changes and errors in the technical data and information as well as prior sale reserved!<\/p>\n<p>CNC Swiss-Type Lathe STAR SR-20RII<br \/>\nYear of manufacture: 2007<\/p>\n<p>Machine type: CNC Swiss-type sliding headstock lathe<br \/>\nControl: Fanuc, Series 18i-TB<\/p>\n<p>Power-on hours: 20,279 h<br \/>\nOperating hours: 67,058 h<\/p>\n<p>Technical Data<\/p>\n<p>Machining capacity:<br \/>\nMax. turning diameter: \u00d8 20 mm (optional up to \u00d8 22 mm)<br \/>\nMax. turning length: 205 mm<br \/>\nMain spindle:<br \/>\nSpeed: up to approx. 10,000-12,000 rpm<br \/>\nPower: approx. 3.7-5.5 kW<br \/>\nC-axis<br \/>\nSub-spindle:<br \/>\nSpeed: up to approx. 6,000-8,000 rpm<br \/>\nC-axis<br \/>\nAxes configuration:<br \/>\nX1 \/ Z1 \/ Y1 (main machining)<br \/>\nX2 \/ Z2 (sub-spindle)<br \/>\nRapid traverse: approx. 24-30 m\/min<\/p>\n<p>Machine dimensions &amp; weight<br \/>\nDimensions (L \u00d7 W \u00d7 H): 2400 \u00d7 1205 \u00d7 1700 mm<br \/>\nMachine weight: approx. 2,200 kg<\/p>\n<p>Subject to prior sale, changes and errors in technical data and specifications excepted.<\/p>","protected":false},"excerpt":{"rendered":"<p>Standort: Deutschland, Baden-W\u00fcrttemberg S\u00fcdwest Zustand: Gebraucht Hersteller: STAR Micronics Modell: SR-20 RII Baujahr: 2007 Betriebsstunden: 20279 CNC-Langdrehmaschine SR20RII, Bj. 2007 Maschinentyp: CNC-Langdrehmaschine (Swiss-Type) Steuerung, Fanuc, Serie 18i-TB, Einschaltstunden: 20279 Betriebsstunden: 67058 Max. Drehdurchmesser: \u00d8 20 mm (Optional bis 22mm) Drehl\u00e4nge: 205 mm Hauptspindel: Drehzahl: bis ca. 10.000\u201312.000 min\u207b\u00b9 Leistung: ca. 3,7\u20135,5 kW C-Achse Gegenspindel: Drehzahl: [&hellip;]<\/p>\n","protected":false},"featured_media":5135,"comment_status":"open","ping_status":"closed","template":"","meta":{"_uf_show_specific_survey":0,"_uf_disable_surveys":false},"product_brand":[],"product_cat":[23],"product_tag":[],"class_list":{"0":"post-5134","1":"product","2":"type-product","3":"status-publish","4":"has-post-thumbnail","6":"product_cat-cnc-langdrehmaschinen","8":"first","9":"instock","10":"taxable","11":"shipping-taxable","12":"product-type-simple"},"aioseo_notices":[],"_links":{"self":[{"href":"https:\/\/mueller-wrh.de\/en\/wp-json\/wp\/v2\/product\/5134","targetHints":{"allow":["GET"]}}],"collection":[{"href":"https:\/\/mueller-wrh.de\/en\/wp-json\/wp\/v2\/product"}],"about":[{"href":"https:\/\/mueller-wrh.de\/en\/wp-json\/wp\/v2\/types\/product"}],"replies":[{"embeddable":true,"href":"https:\/\/mueller-wrh.de\/en\/wp-json\/wp\/v2\/comments?post=5134"}],"wp:featuredmedia":[{"embeddable":true,"href":"https:\/\/mueller-wrh.de\/en\/wp-json\/wp\/v2\/media\/5135"}],"wp:attachment":[{"href":"https:\/\/mueller-wrh.de\/en\/wp-json\/wp\/v2\/media?parent=5134"}],"wp:term":[{"taxonomy":"product_brand","embeddable":true,"href":"https:\/\/mueller-wrh.de\/en\/wp-json\/wp\/v2\/product_brand?post=5134"},{"taxonomy":"product_cat","embeddable":true,"href":"https:\/\/mueller-wrh.de\/en\/wp-json\/wp\/v2\/product_cat?post=5134"},{"taxonomy":"product_tag","embeddable":true,"href":"https:\/\/mueller-wrh.de\/en\/wp-json\/wp\/v2\/product_tag?post=5134"}],"curies":[{"name":"wp","href":"https:\/\/api.w.org\/{rel}","templated":true}]}}