{"id":5112,"date":"2026-03-23T15:18:16","date_gmt":"2026-03-23T15:18:16","guid":{"rendered":"https:\/\/mueller-wrh.de\/produkt\/doosan-puma-tt-1800-sy-bj-2022_-intnr231434\/"},"modified":"2026-03-24T08:07:35","modified_gmt":"2026-03-24T08:07:35","slug":"doosan-puma-tt-1800-sy-bj-2022_-intnr231434","status":"publish","type":"product","link":"https:\/\/mueller-wrh.de\/en\/product\/doosan-puma-tt-1800-sy-bj-2022_-intnr231434\/","title":{"rendered":"DOOSAN Puma TT 1800 SY, year 2022_ IntNr231434"},"content":{"rendered":"<p><b>Location:<\/b> Germany, Baden-W\u00fcrttemberg Southwest<\/p>\n<p><b>Condition:<\/b> Used<\/p>\n<p><b>Manufacturer:<\/b> DOOSAN-PUMA<\/p>\n<p><b>Model:<\/b> TT 1800 SY<\/p>\n<p><b>Year of construction:<\/b> 2022<\/p>\n<p>DOOSAN Puma TT 1800 SY, Mfg. 2022<br \/>\nCNC lathe, top condition<br \/>\nControl system: Fanuc<br \/>\nTechnical data:<br \/>\nMultifunctional multi-axis turning centre with up to 8 controlled axes, two turrets and two identical, opposing spindles. Y-axis for driven tools above the C-axis; S stands for counter-spindle.<br \/>\nAccessories:<br \/>\nExhaust deflection<br \/>\nTool holder<br \/>\nChip conveyor<br \/>\nBar magazine LNS<br \/>\nTechnical documentation<br \/>\nManufacturer: : DOOSAN Puma TT 1800 SY, Year 2022_ IntNr231434<br \/>\nCountry of origin: South Korea<br \/>\nYear of manufacture 2022<br \/>\nIncl. accessories <\/p>\n<p>Subject to technical changes and errors, and prior sale!<\/p>\n<p>DOOSAN Puma TT 1800 SY, Year 2022<br \/>\nCNC Lathe, top condition<br \/>\nControl: Fanuc<\/p>\n<p>Technical Data<\/p>\n<p>Multifunctional multi-axis turning centre with up to 8 controlled axes, two turrets, and two identical opposing spindles.<br \/>\nY-axis for driven tools above the C-axis; S stands for sub-spindle.<\/p>\n<p>Accessories<br \/>\nParts catcher<br \/>\nTool holders<br \/>\nChip conveyor<br \/>\nLNS bar feeder<br \/>\nTechnical documentation<\/p>\n<p>Manufacturer: DOOSAN Puma TT 1800 SY, Year 2022, Internal No. 231434<br \/>\nCountry of manufacture: South Korea<br \/>\nYear of manufacture: 2022<br \/>\nIncluding accessories<\/p>\n<p>Subject to prior sale. Errors and changes in technical data reserved.<\/p>","protected":false},"excerpt":{"rendered":"<p>Standort: Deutschland, Baden-W\u00fcrttemberg S\u00fcdwest Zustand: Gebraucht Hersteller: DOOSAN-PUMA Modell: TT 1800 SY Baujahr: 2022 DOOSAN Puma TT 1800 SY, Bj. 2022 CNC-Drehmaschine, Top-Zustand Steuerung: Fanuc Technische Daten: Multifunktionales Mehrachsen-Drehzentrum mit bis zu 8 gesteuerten Achsen, zwei Revolver und zwei gleichwertigen, gegen\u00fcberstehenden Spindeln. Y-Achse f\u00fcr angetriebene Werkzeuge \u00fcber der C-Achse; S steht f\u00fcr Gegenspindel. Zubeh\u00f6r: Teilef\u00e4nger [&hellip;]<\/p>\n","protected":false},"featured_media":5113,"comment_status":"open","ping_status":"closed","template":"","meta":{"_uf_show_specific_survey":0,"_uf_disable_surveys":false},"product_brand":[],"product_cat":[89],"product_tag":[],"class_list":{"0":"post-5112","1":"product","2":"type-product","3":"status-publish","4":"has-post-thumbnail","6":"product_cat-cnc-kurzdrehmaschinen","8":"first","9":"instock","10":"taxable","11":"shipping-taxable","12":"product-type-simple"},"aioseo_notices":[],"_links":{"self":[{"href":"https:\/\/mueller-wrh.de\/en\/wp-json\/wp\/v2\/product\/5112","targetHints":{"allow":["GET"]}}],"collection":[{"href":"https:\/\/mueller-wrh.de\/en\/wp-json\/wp\/v2\/product"}],"about":[{"href":"https:\/\/mueller-wrh.de\/en\/wp-json\/wp\/v2\/types\/product"}],"replies":[{"embeddable":true,"href":"https:\/\/mueller-wrh.de\/en\/wp-json\/wp\/v2\/comments?post=5112"}],"wp:featuredmedia":[{"embeddable":true,"href":"https:\/\/mueller-wrh.de\/en\/wp-json\/wp\/v2\/media\/5113"}],"wp:attachment":[{"href":"https:\/\/mueller-wrh.de\/en\/wp-json\/wp\/v2\/media?parent=5112"}],"wp:term":[{"taxonomy":"product_brand","embeddable":true,"href":"https:\/\/mueller-wrh.de\/en\/wp-json\/wp\/v2\/product_brand?post=5112"},{"taxonomy":"product_cat","embeddable":true,"href":"https:\/\/mueller-wrh.de\/en\/wp-json\/wp\/v2\/product_cat?post=5112"},{"taxonomy":"product_tag","embeddable":true,"href":"https:\/\/mueller-wrh.de\/en\/wp-json\/wp\/v2\/product_tag?post=5112"}],"curies":[{"name":"wp","href":"https:\/\/api.w.org\/{rel}","templated":true}]}}