{"id":5096,"date":"2026-03-19T12:49:16","date_gmt":"2026-03-19T12:49:16","guid":{"rendered":"https:\/\/mueller-wrh.de\/produkt\/star-sr20r-ii-typ-660-bj-2006_09_-intnr231525\/"},"modified":"2026-03-19T12:49:16","modified_gmt":"2026-03-19T12:49:16","slug":"star-sr20r-ii-typ-660-bj-2006_09_-intnr231525","status":"publish","type":"product","link":"https:\/\/mueller-wrh.de\/en\/product\/star-sr20r-ii-typ-660-bj-2006_09_-intnr231525\/","title":{"rendered":"STAR SR20R II Type 660, Year 2006_09_ IntNo231525"},"content":{"rendered":"<p><b>Location:<\/b> Germany, Baden-W\u00fcrttemberg Southwest<\/p>\n<p><b>Condition:<\/b> Used<\/p>\n<p><b>Manufacturer:<\/b> STAR Micronics<\/p>\n<p><b>Model:<\/b> SR-20R II Type 660<\/p>\n<p><b>Year of construction:<\/b> 2006<\/p>\n<p><b>Operating hours:<\/b> 76032<\/p>\n<p>CNC sliding headstock lathe STAR SR-20RII Type 660 (Swiss-Type)<br \/>\nYear of construction: 2006_09<br \/>\nControl system: Fanuc<br \/>\nCutting Time: 53000<br \/>\nTechnical data<br \/>\nMax. Turning diameter: \u00d8 20 mm (optionally up to \u00d8 22 mm)<br \/>\nTurning length: 205 mm<br \/>\nMain spindle:<br \/>\n- Speed: up to approx. 10,000-12,000 min-\u00b9<br \/>\n- Power: approx. 3.7-5.5 kW<br \/>\n- C-axis for contour machining<br \/>\nCounter spindle:<br \/>\n- Speed: up to approx. 6,000-8,000 min-\u00b9<br \/>\n- C-axis<br \/>\nAxes (travel distances):<br \/>\n- X1 \/ Z1 \/ Y1 (main machining): X1 approx. 265 mm \/ Z1 approx. 205 mm \/ Y1 \u00b1 20 mm<br \/>\n- X2 \/ Z2 (counter spindle): similar to main axis, exact values depend on machine<br \/>\n- Rapid traverse: approx. 24-30 m\/min<br \/>\nMachine dimensions: 2,400 \u00d7 1,205 \u00d7 1,700 mm<br \/>\nMachine weight: approx. 2,200 kg<\/p>\n<p>Bar feeder: FMB TURBO 3-26\/3200<br \/>\n- Rod capacity: \u00d8 3-26 mm<br \/>\n- Mounting variant: \u201eA\u201c<br \/>\n- Year of construction: 2006<br \/>\n- Dimensions: approx. 4,500 \u00d7 1,000 \u00d7 1,800 mm<br \/>\n- Weight: approx. 800 kg<br \/>\n- High pressure system SFB B\u00fcchele (2 valves) and filter<br \/>\nOperating manuals \/ documents<br \/>\nViewing: Machine can be viewed on site by appointment.<br \/>\nNote: Subject to changes and errors in the technical data as well as prior sale!<\/p>\n<p>CNC Long Lathe STAR SR-20RII Type 660 (Swiss-Type)<br \/>\nYear of manufacture: 09\/2006<br \/>\nControl system: Fanuc<br \/>\nCutting time: 53,000 hours<\/p>\n<p>Technical Specifications<\/p>\n<p>Max. turning diameter: \u00d8 20 mm (optional up to \u00d8 22 mm)<br \/>\nTurning length: 205 mm<\/p>\n<p>Main spindle:<\/p>\n<p>Speed: up to approx. 10,000-12,000 rpm<\/p>\n<p>Power: approx. 3.7-5.5 kW<\/p>\n<p>C-axis for contour machining<\/p>\n<p>Counter spindle:<\/p>\n<p>Speed: up to approx. 6,000-8,000 rpm<\/p>\n<p>C-axis<\/p>\n<p>Axes (travel ranges):<\/p>\n<p>X1 \/ Z1 \/ Y1 (main machining): X1 approx. 265 mm \/ Z1 approx. 205 mm \/ Y1 \u00b1 20 mm<\/p>\n<p>X2 \/ Z2 (counter spindle): similar to main spindle, exact values depend on machine<\/p>\n<p>Rapid traverse: approx. 24-30 m\/min<\/p>\n<p>Machine dimensions: 2,400 \u00d7 1,205 \u00d7 1,700 mm<br \/>\nMachine weight: approx. 2,200 kg<\/p>\n<p>Bar feeder: FMB TURBO 3-26\/3200<\/p>\n<p>Bar diameter range: \u00d8 3-26 mm<\/p>\n<p>Mounting variant: \u201cA\u201d<\/p>\n<p>Year of manufacture: 2006<\/p>\n<p>Dimensions: approx. 4,500 \u00d7 1,000 \u00d7 1,800 mm<\/p>\n<p>Weight: approx. 800 kg<\/p>\n<p>High-pressure system SFB B\u00fcchele (2 valves) with filter<\/p>\n<p>Manuals \/ Documentation: Included<\/p>\n<p>Viewing: Machine can be inspected on-site by appointment.<\/p>\n<p>Note: Technical data and specifications are subject to change and errors; prior sale reserved.<\/p>","protected":false},"excerpt":{"rendered":"<p>Standort: Deutschland, Baden-W\u00fcrttemberg S\u00fcdwest Zustand: Gebraucht Hersteller: STAR Micronics Modell: SR-20R II Typ 660 Baujahr: 2006 Betriebsstunden: 76032 CNC-Langdrehmaschine STAR SR-20RII Typ 660 (Swiss-Type) Baujahr: 2006_09 Steuerung: Fanuc Cutting Time: 53000 Technische Daten Max. Drehdurchmesser: \u00d8 20 mm (optional bis \u00d8 22 mm) Drehl\u00e4nge: 205 mm Hauptspindel: \u2022 Drehzahl: bis ca. 10.000\u201312.000 min\u207b\u00b9 \u2022 Leistung: [&hellip;]<\/p>\n","protected":false},"featured_media":5089,"comment_status":"open","ping_status":"closed","template":"","meta":{"_uf_show_specific_survey":0,"_uf_disable_surveys":false},"product_brand":[],"product_cat":[23],"product_tag":[],"class_list":{"0":"post-5096","1":"product","2":"type-product","3":"status-publish","4":"has-post-thumbnail","6":"product_cat-cnc-langdrehmaschinen","8":"first","9":"instock","10":"taxable","11":"shipping-taxable","12":"product-type-simple"},"aioseo_notices":[],"_links":{"self":[{"href":"https:\/\/mueller-wrh.de\/en\/wp-json\/wp\/v2\/product\/5096","targetHints":{"allow":["GET"]}}],"collection":[{"href":"https:\/\/mueller-wrh.de\/en\/wp-json\/wp\/v2\/product"}],"about":[{"href":"https:\/\/mueller-wrh.de\/en\/wp-json\/wp\/v2\/types\/product"}],"replies":[{"embeddable":true,"href":"https:\/\/mueller-wrh.de\/en\/wp-json\/wp\/v2\/comments?post=5096"}],"wp:featuredmedia":[{"embeddable":true,"href":"https:\/\/mueller-wrh.de\/en\/wp-json\/wp\/v2\/media\/5089"}],"wp:attachment":[{"href":"https:\/\/mueller-wrh.de\/en\/wp-json\/wp\/v2\/media?parent=5096"}],"wp:term":[{"taxonomy":"product_brand","embeddable":true,"href":"https:\/\/mueller-wrh.de\/en\/wp-json\/wp\/v2\/product_brand?post=5096"},{"taxonomy":"product_cat","embeddable":true,"href":"https:\/\/mueller-wrh.de\/en\/wp-json\/wp\/v2\/product_cat?post=5096"},{"taxonomy":"product_tag","embeddable":true,"href":"https:\/\/mueller-wrh.de\/en\/wp-json\/wp\/v2\/product_tag?post=5096"}],"curies":[{"name":"wp","href":"https:\/\/api.w.org\/{rel}","templated":true}]}}