{"id":4972,"date":"2026-03-13T10:56:47","date_gmt":"2026-03-13T10:56:47","guid":{"rendered":"https:\/\/mueller-wrh.de\/produkt\/cnc-lns-hydrobar-6-42-hs-4-6-bj-2011-intnr2314500\/"},"modified":"2026-03-13T10:56:47","modified_gmt":"2026-03-13T10:56:47","slug":"cnc-lns-hydrobar-6-42-hs-4-6-bj-2011-intnr2314500","status":"publish","type":"product","link":"https:\/\/mueller-wrh.de\/en\/product\/cnc-lns-hydrobar-6-42-hs-4-6-bj-2011-intnr2314500\/","title":{"rendered":"CNC LNS Hydrobar 6.42 HS -4.6 Year 2011 IntNr2314500"},"content":{"rendered":"<p><b>Location:<\/b> Germany, Baden-W\u00fcrttemberg Southwest<\/p>\n<p><b>Condition:<\/b> Used<\/p>\n<p><b>Manufacturer:<\/b> HAAS<\/p>\n<p><b>Model:<\/b> 6.42 HS-4.6<\/p>\n<p><b>Year of construction:<\/b> 2009<\/p>\n<p>A tried and tested high-performance bar feeder is for sale<br \/>\nLNS, type Hydrobar 6.42 HS-4.6. <\/p>\n<p>Technical data<\/p>\n<p>Manufacturer LNS (Switzerland)<br \/>\nModel Hydrobar 6.42 HS-4.6<br \/>\nYear of construction 2011<br \/>\nWorking range (diameter) \u00d8 6 mm to \u00d8 42 mm<br \/>\nMax. Bar length 3,000 mm<br \/>\nHydrobaric guide principle (complete oil bath)<br \/>\nHydraulic feed drive<br \/>\nOil capacity approx. 150 - 170 litres (HLP 46 or comparable)<br \/>\nTotal length of the magazine approx. 4,850 mm<br \/>\nWeight (empty) approx. 650 kg<\/p>\n<p>The machine can be inspected under power by appointment.<br \/>\nChanges and errors in the technical data and information as well as prior sale reserved!<\/p>\n<p>A tried-and-tested high-performance bar-loading magazine<br \/>\nLNS, model Hydrobar 6.42 HS-4.6, is for sale. <\/p>\n<p>Technical specifications<\/p>\n<p>Manufacturer LNS (Switzerland)<br \/>\nModel Hydrobar 6.42 HS-4.6<br \/>\nYear of manufacture 2011<br \/>\nWorking range (diameter) \u00d8 6 mm to \u00d8 42 mm<br \/>\nMax. bar length 3,000 mm<br \/>\nGuide principle Hydrobaric (full oil bath)<br \/>\nFeed drive Hydraulic<br \/>\nOil capacity approx. 150-170 litres (HLP 46 or equivalent)<br \/>\nTotal length of the magazine approx. 4,850 mm<br \/>\nWeight (empty) approx. 650 kg<\/p>\n<p>The machine can be viewed in operation by appointment.<br \/>\nSubject to changes and errors in the technical data and specifications, as well as prior sale!<\/p>","protected":false},"excerpt":{"rendered":"<p>Standort: Deutschland, Baden-W\u00fcrttemberg S\u00fcdwest Zustand: Gebraucht Hersteller: HAAS Modell: 6.42 HS-4.6 Baujahr: 2009 Zum Verkauf steht ein bew\u00e4hrtes Hochleistungs-Stangenlademagazin LNS, Typ Hydrobar 6.42 HS-4.6. Technische Daten Hersteller LNS (Schweiz) Modell Hydrobar 6.42 HS-4.6 Baujahr 2011 Arbeitsbereich (Durchmesser) \u00d8 6 mm bis \u00d8 42 mm Max. Stangenl\u00e4nge 3.000 mm F\u00fchrungsprinzip Hydrobarisch (vollst\u00e4ndiges \u00d6lbad) Vorschubantrieb Hydraulisch \u00d6lf\u00fcllmenge [&hellip;]<\/p>\n","protected":false},"featured_media":4968,"comment_status":"open","ping_status":"closed","template":"","meta":{"_uf_show_specific_survey":0,"_uf_disable_surveys":false},"product_brand":[],"product_cat":[88],"product_tag":[],"class_list":{"0":"post-4972","1":"product","2":"type-product","3":"status-publish","4":"has-post-thumbnail","6":"product_cat-stangenzufuehrungen","8":"first","9":"instock","10":"taxable","11":"shipping-taxable","12":"product-type-simple"},"aioseo_notices":[],"_links":{"self":[{"href":"https:\/\/mueller-wrh.de\/en\/wp-json\/wp\/v2\/product\/4972","targetHints":{"allow":["GET"]}}],"collection":[{"href":"https:\/\/mueller-wrh.de\/en\/wp-json\/wp\/v2\/product"}],"about":[{"href":"https:\/\/mueller-wrh.de\/en\/wp-json\/wp\/v2\/types\/product"}],"replies":[{"embeddable":true,"href":"https:\/\/mueller-wrh.de\/en\/wp-json\/wp\/v2\/comments?post=4972"}],"wp:featuredmedia":[{"embeddable":true,"href":"https:\/\/mueller-wrh.de\/en\/wp-json\/wp\/v2\/media\/4968"}],"wp:attachment":[{"href":"https:\/\/mueller-wrh.de\/en\/wp-json\/wp\/v2\/media?parent=4972"}],"wp:term":[{"taxonomy":"product_brand","embeddable":true,"href":"https:\/\/mueller-wrh.de\/en\/wp-json\/wp\/v2\/product_brand?post=4972"},{"taxonomy":"product_cat","embeddable":true,"href":"https:\/\/mueller-wrh.de\/en\/wp-json\/wp\/v2\/product_cat?post=4972"},{"taxonomy":"product_tag","embeddable":true,"href":"https:\/\/mueller-wrh.de\/en\/wp-json\/wp\/v2\/product_tag?post=4972"}],"curies":[{"name":"wp","href":"https:\/\/api.w.org\/{rel}","templated":true}]}}