{"id":4959,"date":"2026-03-13T10:25:16","date_gmt":"2026-03-13T10:25:16","guid":{"rendered":"https:\/\/mueller-wrh.de\/produkt\/ergomat-tda-26-36-cnc-bj-97-mit-einzelstangenvorschub-intnr231498\/"},"modified":"2026-03-13T10:25:16","modified_gmt":"2026-03-13T10:25:16","slug":"ergomat-tda-26-36-cnc-bj-97-mit-einzelstangenvorschub-intnr231498","status":"publish","type":"product","link":"https:\/\/mueller-wrh.de\/en\/product\/ergomat-tda-26-36-cnc-bj-97-mit-einzelstangenvorschub-intnr231498\/","title":{"rendered":"ERGOMAT TDA-26-36 CNC, year '97 with single bar feed IntNr231498"},"content":{"rendered":"<p><b>Location:<\/b> Germany, Baden-W\u00fcrttemberg Southwest<\/p>\n<p><b>Condition:<\/b> Used<\/p>\n<p><b>Model:<\/b> TDA 26-36 CNC<\/p>\n<p><b>Year of construction:<\/b> 1997<\/p>\n<p>High-speed CNC automatic lathe (short turner)<br \/>\nYear of construction: 1997<br \/>\nControl system: similar to Fanuc<\/p>\n<p>Technical data<\/p>\n<p>Max. Rod diameter: 36 mm<br \/>\nStandard rod aperture: 26 mm<br \/>\nMax. Turning length: 100 mm<br \/>\nSwing diameter over cross slide: 120 mm<\/p>\n<p>Main spindle<br \/>\nSpeed range: 100 - 6,300 rpm (infinitely variable)<br \/>\nSpindle power: 7.5 kW \/ 11 kW (continuous\/peak)<br \/>\nSpindle nose: A2-5\u2033<br \/>\nC-axis: Resolution 0.001\u00b0<br \/>\nNumber of slides: 4 linear slides (X\/Z) for simultaneous machining<br \/>\n8-station star turret (VDI 20)<br \/>\nRapid traverse speeds: 15 m\/min (X-axis) \/ 20 m\/min (Z-axis)<br \/>\nFeed force: 2,500 N<\/p>\n<p>Single bar feed: ERGOMAT, for bar lengths up to 3,000 mm.<\/p>\n<p>The machine can be inspected under power by appointment.<br \/>\nChanges and errors in the technical data and information as well as prior sale reserved!<\/p>\n<p>UHigh-speed CNC automatic lathe (short-run lathe)<br \/>\nYear of manufacture: 1997<br \/>\nControl system: similar to Fanuc<\/p>\n<p>Technical specifications<\/p>\n<p>Max. bar diameter: 36 mm<br \/>\nStandard bar capacity: 26 mm<br \/>\nMax. turning length: 100 mm<br \/>\nSwivel diameter over cross slide: 120 mm<\/p>\n<p>Main spindle<br \/>\nSpeed range: 100 - 6,300 rpm (continuously variable)<br \/>\nSpindle power: 7.5 kW \/ 11 kW (continuous\/peak)<br \/>\nSpindle nose: A2-5\u2033<br \/>\nC-axis: resolution 0.001\u00b0<br \/>\nNumber of slides: 4 linear slides (X\/Z) for simultaneous machining<br \/>\n8-station star turret (VDI 20)<br \/>\nRapid traverse speeds: 15 m\/min (X-axis) \/ 20 m\/min (Z-axis)<br \/>\nFeed force: 2,500 N<\/p>\n<p>Single bar feed: ERGOMAT, for bar lengths up to 3,000 mm.<\/p>\n<p>The machine can be viewed in operation by appointment.<br \/>\nSubject to changes and errors in the technical data and specifications, as well as prior sale!<\/p>","protected":false},"excerpt":{"rendered":"<p>Standort: Deutschland, Baden-W\u00fcrttemberg S\u00fcdwest Zustand: Gebraucht Modell: TDA 26-36 CNC Baujahr: 1997 Hochgeschwindigkeits-CNC-Drehautomat (Kurzdreher) Baujahr: 1997 Steuerung: \u00e4hnlich Fanuc Technische Daten Max. Stangendurchmesser: 36 mm Standard-Stangendurchlass: 26 mm Max. Drehl\u00e4nge: 100 mm Schwingdurchmesser \u00fcber Planschlitten: 120 mm Hauptspindel Drehzahlbereich: 100 \u2013 6.300 U\/min (stufenlos regelbar) Spindelleistung: 7,5 kW \/ 11 kW (Dauer\/Peak) Spindelnase: A2-5&#8243; C-Achse: [&hellip;]<\/p>\n","protected":false},"featured_media":4953,"comment_status":"open","ping_status":"closed","template":"","meta":{"_uf_show_specific_survey":0,"_uf_disable_surveys":false},"product_brand":[],"product_cat":[110],"product_tag":[],"class_list":{"0":"post-4959","1":"product","2":"type-product","3":"status-publish","4":"has-post-thumbnail","6":"product_cat-revolverdrehautomaten","8":"first","9":"instock","10":"taxable","11":"shipping-taxable","12":"product-type-simple"},"aioseo_notices":[],"_links":{"self":[{"href":"https:\/\/mueller-wrh.de\/en\/wp-json\/wp\/v2\/product\/4959","targetHints":{"allow":["GET"]}}],"collection":[{"href":"https:\/\/mueller-wrh.de\/en\/wp-json\/wp\/v2\/product"}],"about":[{"href":"https:\/\/mueller-wrh.de\/en\/wp-json\/wp\/v2\/types\/product"}],"replies":[{"embeddable":true,"href":"https:\/\/mueller-wrh.de\/en\/wp-json\/wp\/v2\/comments?post=4959"}],"wp:featuredmedia":[{"embeddable":true,"href":"https:\/\/mueller-wrh.de\/en\/wp-json\/wp\/v2\/media\/4953"}],"wp:attachment":[{"href":"https:\/\/mueller-wrh.de\/en\/wp-json\/wp\/v2\/media?parent=4959"}],"wp:term":[{"taxonomy":"product_brand","embeddable":true,"href":"https:\/\/mueller-wrh.de\/en\/wp-json\/wp\/v2\/product_brand?post=4959"},{"taxonomy":"product_cat","embeddable":true,"href":"https:\/\/mueller-wrh.de\/en\/wp-json\/wp\/v2\/product_cat?post=4959"},{"taxonomy":"product_tag","embeddable":true,"href":"https:\/\/mueller-wrh.de\/en\/wp-json\/wp\/v2\/product_tag?post=4959"}],"curies":[{"name":"wp","href":"https:\/\/api.w.org\/{rel}","templated":true}]}}