{"id":4869,"date":"2026-02-24T11:35:04","date_gmt":"2026-02-24T11:35:04","guid":{"rendered":"https:\/\/mueller-wrh.de\/produkt\/cnc-langdrehfraeszentrum-star-st-38-bj-19-intnr231494\/"},"modified":"2026-02-24T11:35:04","modified_gmt":"2026-02-24T11:35:04","slug":"cnc-langdrehfraeszentrum-star-st-38-bj-19-intnr231494","status":"publish","type":"product","link":"https:\/\/mueller-wrh.de\/en\/product\/cnc-langdrehfraeszentrum-star-st-38-bj-19-intnr231494\/","title":{"rendered":"CNC sliding headstock milling centre STAR ST-38, year '19 (IntNo231494)"},"content":{"rendered":"<p><b>Location:<\/b> Germany, Baden-W\u00fcrttemberg Southwest<\/p>\n<p><b>Condition:<\/b> Used<\/p>\n<p><b>Manufacturer:<\/b> STAR Micronics<\/p>\n<p><b>Model:<\/b> ST-38<\/p>\n<p><b>Year of construction:<\/b> 2019<\/p>\n<p>FANUC, high-performance computer series 31i-B5,<\/p>\n<p>Well-maintained condition, approx. 9000 operating hours<\/p>\n<p>Main technical data<br \/>\nWork area<br \/>\nMax. Rod diameter: 38 mm<br \/>\nMax. Machining length (with guide bush): approx. 320 mm<br \/>\nMachining without guide bush possible (for shorter workpieces)<br \/>\nMax. Collet diameter of counter spindle: 38 mm<\/p>\n<p>Main spindle<br \/>\nSpindle power: approx. 11-15 kW<br \/>\nMax. Speed: approx. 7,000 min-\u00b9<br \/>\nC-axis integrated (0.001\u00b0 resolution)<br \/>\nHigh-precision spindle bearing for heavy-duty machining<\/p>\n<p>Counter spindle<br \/>\nPower: approx. 5.5-7.5 kW<br \/>\nMax. Speed: approx. 7,000 min-\u00b9<br \/>\nFully-fledged C-axis<br \/>\nPart transfer and rear end machining in one clamping operation<\/p>\n<p>Axle configuration<br \/>\nX1 \/ Z1 (main system)<br \/>\nX2 \/ Z2 (counter spindle system)<br \/>\nY-axis for off-centre milling operations<br \/>\nC-axis main and counter spindle<br \/>\nOptional B-axis-like swivelling functions (depending on equipment)<br \/>\nMulti-channel control enables simultaneous machining on the main and counter spindles to significantly reduce cycle times.<\/p>\n<p>Tooling<br \/>\nTool holder set, (non-driven)<br \/>\nGuide bushing unit (tension system, JBS)<br \/>\nOil cooler unit<br \/>\nHigh-pressure conveyor (with integrated high-pressure unit) type M\u00fcller combistream CS 3<br \/>\nCoolant application: Oil<br \/>\nWeight: 6.25 tonnes<br \/>\nDimensions: (LxWxH) 3477x1860x1865 mm<\/p>\n<p>The machine can be inspected under power by appointment.<br \/>\nChanges and errors in the technical data and information as well as prior sale reserved!<\/p>\n<p>FANUC, high-performance computer series 31i-B5,<\/p>\n<p>Well maintained, approx. 9000 operating hours<\/p>\n<p>Main technical data<br \/>\nWorking range<br \/>\nMax. bar diameter: 38 mm<br \/>\nMax. machining length (with guide bush): approx. 320 mm<br \/>\nMachining without guide bush possible (for shorter workpieces)<br \/>\nMax. collet diameter counter spindle: 38 mm<\/p>\n<p>Main spindle<br \/>\nSpindle power: approx. 11-15 kW<br \/>\nMax. speed: approx. 7,000 min-\u00b9<br \/>\nIntegrated C-axis (0.001\u00b0 resolution)<br \/>\nHigh-precision spindle bearing for heavy-duty machining<\/p>\n<p>Counter spindle<br \/>\nPower: approx. 5.5-7.5 kW<br \/>\nMax. speed: approx. 7,000 rpm<br \/>\nFull C-axis<br \/>\nPart transfer and rear machining in a single clamping<\/p>\n<p>Axis configuration<br \/>\nX1 \/ Z1 (main system)<br \/>\nX2 \/ Z2 (counter spindle system)<br \/>\nY-axis for off-centre milling operations<br \/>\nC-axis main and counter spindle<br \/>\nOptional B-axis-like swivel functions (depending on equipment)<br \/>\nMulti-channel control enables simultaneous machining on the main and counter spindles for a significant reduction in cycle time.<\/p>\n<p>Tooling<br \/>\nTool holder set, (non-driven)<br \/>\nGuide bush unit (pull system, JBS)<br \/>\nOil cooler unit<br \/>\nHigh-pressure conveyor (with integrated high-pressure unit) Type M\u00fcller combistream CS 3<br \/>\nCoolant used: oil<br \/>\nWeight: 6.25 tonnes<br \/>\nDimensions: (LxWxH) 3477x1860x1865 mm<\/p>\n<p>The machine can be viewed under power by appointment.<br \/>\nSubject to changes and errors in the technical data and specifications, as well as prior sale!<\/p>","protected":false},"excerpt":{"rendered":"<p>Standort: Deutschland, Baden-W\u00fcrttemberg S\u00fcdwest Zustand: Gebraucht Hersteller: STAR Micronics Modell: ST-38 Baujahr: 2019 FANUC, Hochleistungs-Rechner Serie 31i-B5, Gepflegter Zustand, ca. 9000 Betriebsstunden Technische Hauptdaten Arbeitsbereich Max. Stangendurchmesser: 38 mm Max. Bearbeitungsl\u00e4nge (mit F\u00fchrungsbuchse): ca. 320 mm Bearbeitung ohne F\u00fchrungsbuchse m\u00f6glich (f\u00fcr k\u00fcrzere Werkst\u00fccke) Max. Spannzangendurchmesser Gegenspindel: 38 mm Hauptspindel Spindelleistung: ca. 11\u201315 kW Max. Drehzahl: [&hellip;]<\/p>\n","protected":false},"featured_media":4863,"comment_status":"open","ping_status":"closed","template":"","meta":{"_uf_show_specific_survey":0,"_uf_disable_surveys":false},"product_brand":[],"product_cat":[23],"product_tag":[],"class_list":{"0":"post-4869","1":"product","2":"type-product","3":"status-publish","4":"has-post-thumbnail","6":"product_cat-cnc-langdrehmaschinen","8":"first","9":"instock","10":"taxable","11":"shipping-taxable","12":"product-type-simple"},"aioseo_notices":[],"_links":{"self":[{"href":"https:\/\/mueller-wrh.de\/en\/wp-json\/wp\/v2\/product\/4869","targetHints":{"allow":["GET"]}}],"collection":[{"href":"https:\/\/mueller-wrh.de\/en\/wp-json\/wp\/v2\/product"}],"about":[{"href":"https:\/\/mueller-wrh.de\/en\/wp-json\/wp\/v2\/types\/product"}],"replies":[{"embeddable":true,"href":"https:\/\/mueller-wrh.de\/en\/wp-json\/wp\/v2\/comments?post=4869"}],"wp:featuredmedia":[{"embeddable":true,"href":"https:\/\/mueller-wrh.de\/en\/wp-json\/wp\/v2\/media\/4863"}],"wp:attachment":[{"href":"https:\/\/mueller-wrh.de\/en\/wp-json\/wp\/v2\/media?parent=4869"}],"wp:term":[{"taxonomy":"product_brand","embeddable":true,"href":"https:\/\/mueller-wrh.de\/en\/wp-json\/wp\/v2\/product_brand?post=4869"},{"taxonomy":"product_cat","embeddable":true,"href":"https:\/\/mueller-wrh.de\/en\/wp-json\/wp\/v2\/product_cat?post=4869"},{"taxonomy":"product_tag","embeddable":true,"href":"https:\/\/mueller-wrh.de\/en\/wp-json\/wp\/v2\/product_tag?post=4869"}],"curies":[{"name":"wp","href":"https:\/\/api.w.org\/{rel}","templated":true}]}}