{"id":4848,"date":"2026-02-18T12:37:51","date_gmt":"2026-02-18T12:37:51","guid":{"rendered":"https:\/\/mueller-wrh.de\/produkt\/mitutoyo-pj-a3000_profilprojektor_bj-2015_intnr231490\/"},"modified":"2026-02-18T12:37:51","modified_gmt":"2026-02-18T12:37:51","slug":"mitutoyo-pj-a3000_profilprojektor_bj-2015_intnr231490","status":"publish","type":"product","link":"https:\/\/mueller-wrh.de\/en\/product\/mitutoyo-pj-a3000_profilprojektor_bj-2015_intnr231490\/","title":{"rendered":"Mitutoyo PJ A3000_profile_projector_year_2015_IntNo231490"},"content":{"rendered":"<p><b>Location:<\/b> Germany, Baden-W\u00fcrttemberg Southwest<\/p>\n<p><b>Condition:<\/b> Used<\/p>\n<p><b>Manufacturer:<\/b> Mitutoyo<\/p>\n<p><b>Model:<\/b> PJ-A3000<\/p>\n<p><b>Year of construction:<\/b> 2015<\/p>\n<p><b>Operating hours:<\/b> none<\/p>\n<p>Mitutoyo PJ-A3000 profile projector - Precise optical measurement<\/p>\n<p>For sale is a Mitutoyo PJ-A3000 profile projector, ideal for quality assurance, production control and precise workpiece measurements.<br \/>\nYear 2015<\/p>\n<p>Main features:<\/p>\n<p>Manufacturer: Mitutoyo Corporation<\/p>\n<p>Model: PJ-A3000<\/p>\n<p>Projection screen: \u00d8 315 mm<\/p>\n<p>Magnification: 10\u00d7 standard, (optional 20\u00d7, 50\u00d7, 100\u00d7)<\/p>\n<p>Measuring accuracy: \u00b10.001 mm (XY resolution)<\/p>\n<p>Table movement: Different measuring ranges depending on model (up to 200\u00d7100 mm)<\/p>\n<p>Lighting: Halogen lamp 24 V \/ 150 W<\/p>\n<p>Functions: Digital XY display, angle measurement, RS-232C interface<\/p>\n<p>Max. Workpiece height: approx. 92.5-123.5 mm<\/p>\n<p>Special features: Telecentric optical system for distortion-free display, rotatable table, manual focussing<\/p>\n<p>Condition: Used, tested and in working order.<\/p>\n<p>Application: Ideal for metal and plastic processing, training, laboratory and precision measurements.<\/p>\n<p>The machine can be inspected by appointment.<br \/>\nChanges and errors in the technical data and information as well as prior sale reserved!<\/p>\n<p>Mitutoyo PJ-A3000 Profile Projector - Precise Optical Measurement<\/p>\n<p>For sale: a Mitutoyo PJ-A3000 Profile Projector, ideal for quality assurance, production control, and precise workpiece measurements.<br \/>\nYear of manufacture: 2015<\/p>\n<p>Key features:<\/p>\n<p>Manufacturer: Mitutoyo Corporation<\/p>\n<p>Model: PJ-A3000<\/p>\n<p>Projection Screen: \u00d8 315 mm<\/p>\n<p>Magnification: 10\u00d7 standard (optional 20\u00d7, 50\u00d7, 100\u00d7)<\/p>\n<p>Measurement Accuracy: \u00b10.001 mm (XY resolution)<\/p>\n<p>Table Travel: Various measuring ranges depending on model (up to 200\u00d7100 mm)<\/p>\n<p>Illumination: Halogen lamp 24 V \/ 150 W<\/p>\n<p>Functions: Digital XY readout, angle measurement, RS-232C interface<\/p>\n<p>Max. Workpiece Height: approx. 92.5-123.5 mm<\/p>\n<p>Special features: Telecentric optical system for distortion-free projection, rotatable table, manual focusing<\/p>\n<p>Condition: Used, tested, and fully functional.<\/p>\n<p>Applications: Ideal for metal and plastic processing, training, laboratories, and precision measurements.<\/p>\n<p>The machine can be inspected under power by appointment.<br \/>\nTechnical specifications are subject to change, errors and prior sale reserved.<\/p>","protected":false},"excerpt":{"rendered":"<p>Standort: Deutschland, Baden-W\u00fcrttemberg S\u00fcdwest Zustand: Gebraucht Hersteller: Mitutoyo Modell: PJ-A3000 Baujahr: 2015 Betriebsstunden: keine Mitutoyo PJ-A3000 Profilprojektor \u2013 Pr\u00e4zise optische Messung Verkauft wird ein Mitutoyo PJ-A3000 Profilprojektor, ideal f\u00fcr die Qualit\u00e4tssicherung, Fertigungskontrolle und pr\u00e4zise Werkst\u00fcckmessungen. Bj.2015 Hauptmerkmale: Hersteller: Mitutoyo Corporation Modell: PJ-A3000 Projektionsbildschirm: \u00d8 315\u202fmm Vergr\u00f6\u00dferung: 10\u00d7 Standard, (optional 20\u00d7, 50\u00d7, 100\u00d7) Messgenauigkeit: \u00b10,001\u202fmm (XY-Aufl\u00f6sung) [&hellip;]<\/p>\n","protected":false},"featured_media":4843,"comment_status":"open","ping_status":"closed","template":"","meta":{"_uf_show_specific_survey":0,"_uf_disable_surveys":false},"product_brand":[],"product_cat":[98],"product_tag":[],"class_list":{"0":"post-4848","1":"product","2":"type-product","3":"status-publish","4":"has-post-thumbnail","6":"product_cat-messtechnik","8":"first","9":"instock","10":"taxable","11":"shipping-taxable","12":"product-type-simple"},"aioseo_notices":[],"_links":{"self":[{"href":"https:\/\/mueller-wrh.de\/en\/wp-json\/wp\/v2\/product\/4848","targetHints":{"allow":["GET"]}}],"collection":[{"href":"https:\/\/mueller-wrh.de\/en\/wp-json\/wp\/v2\/product"}],"about":[{"href":"https:\/\/mueller-wrh.de\/en\/wp-json\/wp\/v2\/types\/product"}],"replies":[{"embeddable":true,"href":"https:\/\/mueller-wrh.de\/en\/wp-json\/wp\/v2\/comments?post=4848"}],"wp:featuredmedia":[{"embeddable":true,"href":"https:\/\/mueller-wrh.de\/en\/wp-json\/wp\/v2\/media\/4843"}],"wp:attachment":[{"href":"https:\/\/mueller-wrh.de\/en\/wp-json\/wp\/v2\/media?parent=4848"}],"wp:term":[{"taxonomy":"product_brand","embeddable":true,"href":"https:\/\/mueller-wrh.de\/en\/wp-json\/wp\/v2\/product_brand?post=4848"},{"taxonomy":"product_cat","embeddable":true,"href":"https:\/\/mueller-wrh.de\/en\/wp-json\/wp\/v2\/product_cat?post=4848"},{"taxonomy":"product_tag","embeddable":true,"href":"https:\/\/mueller-wrh.de\/en\/wp-json\/wp\/v2\/product_tag?post=4848"}],"curies":[{"name":"wp","href":"https:\/\/api.w.org\/{rel}","templated":true}]}}