{"id":4822,"date":"2026-02-11T14:24:12","date_gmt":"2026-02-11T14:24:12","guid":{"rendered":"https:\/\/mueller-wrh.de\/produkt\/deckel-maho-dmf-250-bj-2004-intnr231486\/"},"modified":"2026-02-11T14:43:02","modified_gmt":"2026-02-11T14:43:02","slug":"deckel-maho-dmf-250-bj-2004-intnr231486","status":"publish","type":"product","link":"https:\/\/mueller-wrh.de\/en\/product\/deckel-maho-dmf-250-bj-2004-intnr231486\/","title":{"rendered":"Cover Maho DMF 250 linear year 2004, IntNr231486"},"content":{"rendered":"<p><b>Location:<\/b> Germany, Baden-W\u00fcrttemberg Southwest<\/p>\n<p><b>Condition:<\/b> Used<\/p>\n<p><b>Manufacturer:<\/b> DMG<\/p>\n<p><b>Model:<\/b> DMF 250<\/p>\n<p><b>Year of construction:<\/b> 2004<\/p>\n<p><b>Operating hours:<\/b> 0<\/p>\n<p>Used reconditioned 5-axis CNC machining centre Deckel MAHO DMF 250 linear<br \/>\nYear of construction 2004<\/p>\n<p>Control: Heidenhain iTNC 530<br \/>\nTechnical data:<br \/>\nTravelling distance X: 2,500 mm<br \/>\nTravelling distance Y: 920 mm<br \/>\nTravelling distance Z: 820 mm<br \/>\nB-axis: x\/- 105\u00b0<\/p>\n<p>Work table: 3100 x 900 mm<\/p>\n<p>Spindle exception: HSK 63<br \/>\nSpindle speeds: 20 - 18,000 rpm.<br \/>\nTool changer: 30 pcs.<\/p>\n<p>Equipped with:<br \/>\n- Chip conveyor<br \/>\n- Cooling through spindle 40 bar<br \/>\n- Operating instructions<\/p>\n<p>Country of origin: Germany<br \/>\nEngine power: 35 KW<br \/>\nMachine LxWxH: 6000 x 3800 x 2950 mm<br \/>\nMachine weight: 25,000 kg<\/p>\n<p>The machine can be inspected by appointment.<br \/>\nChanges and errors in the technical data and information as well as prior sale reserved!<\/p>\n<p>Refurbished 5-axis CNC machining centre Deckel MAHO DMF 250 linear in good condition.<br \/>\nYear of manufacture: 2004.<\/p>\n<p>Control: Heidenhain iTNC 530.<br \/>\nTechnical data:<br \/>\nTravel distance X: 2,500 mm.<br \/>\nTravel distance Y: 920 mm.<br \/>\nTravel distance Z: 820 mm.<br \/>\nB-axis: x\/- 105\u00b0<\/p>\n<p>Work table: 3100 x 900 mm<\/p>\n<p>Spindle exception: HSK 63<br \/>\nSpindle speeds: 20 - 18,000 rpm<br \/>\nTool changer: 30 pcs.<\/p>\n<p>Equipped with:<br \/>\n- Chip conveyor<br \/>\n- Cooling via spindle 40 bar<br \/>\n- Operating instructions<\/p>\n<p>Country of origin: Germany<br \/>\nMotor power: 35 KW<br \/>\nMachine LxWxH: 6000 x 3800 x 2950 mm<br \/>\nMachine weight: 25,000 kg<\/p>\n<p>The machine can be viewed by appointment.<br \/>\nSubject to changes and errors in the technical data and specifications, as well as prior sale!<\/p>","protected":false},"excerpt":{"rendered":"<p>Standort: Deutschland, Baden-W\u00fcrttemberg S\u00fcdwest Zustand: Gebraucht Hersteller: DMG Modell: DMF 250 Baujahr: 2004 Betriebsstunden: 0 Gebrauchtes \u00fcberholtes 5-Achs CNC Bearbeitungszentrum Deckel MAHO DMF 250 linear Baujahr 2004 Steuerung: Heidenhain iTNC 530 Technische Daten: Verfahrweg X: 2.500 mm Verfahrweg Y: 920 mm Verfahrweg Z: 820 mm B-Achse: x\/- 105\u00b0 Arbeitstisch: 3100 x 900 mm Spindel Ausnahme: [&hellip;]<\/p>\n","protected":false},"featured_media":4830,"comment_status":"open","ping_status":"closed","template":"","meta":{"_uf_show_specific_survey":0,"_uf_disable_surveys":false},"product_brand":[],"product_cat":[21],"product_tag":[],"class_list":{"0":"post-4822","1":"product","2":"type-product","3":"status-publish","4":"has-post-thumbnail","6":"product_cat-cnc-bearbeitungszentrum","8":"first","9":"instock","10":"taxable","11":"shipping-taxable","12":"product-type-simple"},"aioseo_notices":[],"_links":{"self":[{"href":"https:\/\/mueller-wrh.de\/en\/wp-json\/wp\/v2\/product\/4822","targetHints":{"allow":["GET"]}}],"collection":[{"href":"https:\/\/mueller-wrh.de\/en\/wp-json\/wp\/v2\/product"}],"about":[{"href":"https:\/\/mueller-wrh.de\/en\/wp-json\/wp\/v2\/types\/product"}],"replies":[{"embeddable":true,"href":"https:\/\/mueller-wrh.de\/en\/wp-json\/wp\/v2\/comments?post=4822"}],"wp:featuredmedia":[{"embeddable":true,"href":"https:\/\/mueller-wrh.de\/en\/wp-json\/wp\/v2\/media\/4830"}],"wp:attachment":[{"href":"https:\/\/mueller-wrh.de\/en\/wp-json\/wp\/v2\/media?parent=4822"}],"wp:term":[{"taxonomy":"product_brand","embeddable":true,"href":"https:\/\/mueller-wrh.de\/en\/wp-json\/wp\/v2\/product_brand?post=4822"},{"taxonomy":"product_cat","embeddable":true,"href":"https:\/\/mueller-wrh.de\/en\/wp-json\/wp\/v2\/product_cat?post=4822"},{"taxonomy":"product_tag","embeddable":true,"href":"https:\/\/mueller-wrh.de\/en\/wp-json\/wp\/v2\/product_tag?post=4822"}],"curies":[{"name":"wp","href":"https:\/\/api.w.org\/{rel}","templated":true}]}}