{"id":4791,"date":"2026-02-04T15:42:35","date_gmt":"2026-02-04T15:42:35","guid":{"rendered":"https:\/\/mueller-wrh.de\/produkt\/chiron-mill-6000-high-speed-mit-nc-schwenkkopf-bj-2004-ueberholt-2013_-intnr231477\/"},"modified":"2026-02-04T15:42:35","modified_gmt":"2026-02-04T15:42:35","slug":"chiron-mill-6000-high-speed-mit-nc-schwenkkopf-bj-2004-ueberholt-2013_-intnr231477","status":"publish","type":"product","link":"https:\/\/mueller-wrh.de\/en\/product\/chiron-mill-6000-high-speed-mit-nc-schwenkkopf-bj-2004-ueberholt-2013_-intnr231477\/","title":{"rendered":"CHIRON MILL 6000 high speed with NC swivelling head, year 2004 \/ overhauled 2013_ IntNr231477"},"content":{"rendered":"<p><b>Location:<\/b> Germany, Baden-W\u00fcrttemberg Southwest<\/p>\n<p><b>Condition:<\/b> Used<\/p>\n<p><b>Manufacturer:<\/b> Chiron<\/p>\n<p><b>Model:<\/b> Chiron MILL 6000 high speed with NC swivelling head<\/p>\n<p><b>Year of construction:<\/b> 2004<\/p>\n<p><b>Operating hours:<\/b> 77374<\/p>\n<p>Vertical CNC machining centre<br \/>\nChiron MILL 6000 high speed with NC swivelling head<br \/>\nYear of construction 2004, major overhaul 2013<br \/>\nThe machine was completely overhauled by the manufacturer Chiron in 2013.<br \/>\nOperating hours approx. 80,374 h<br \/>\nSpindle replacement March 2021 Spindle hours approx. 8,000 h<br \/>\nMaintenance was carried out in January 2024<br \/>\nTechnical data:<br \/>\nSiemens 840D (PCU50, NCU572.4) <\/p>\n<p>NC swivel head  <\/p>\n<p>High speed package:<br \/>\nMotor spindle D 12,000 rpm, 140 Nm<br \/>\nTravel X 6,000mm \/ Y 630mm \/ Z 550mm<br \/>\nRapid traverse in X \/ Y \/ Z 60 m\/min.<br \/>\nChip-to-chip time 3.0 sec. (3.3 sec. DIN) vertical and 4.7 sec. (5.0 sec. DIN) horizontal<br \/>\nProduction package:<br \/>\nScraper belt conveyor, discharge height 1,050 mm<br \/>\nICZ preparation<br \/>\nKNOLL VRF250 vacuum rotary filter (steel, cast iron, aluminium, plastic, brass)<br \/>\nHigh pressure 70 bar with HP pump and variovalve<br \/>\nAutomatic loading doors<br \/>\nCentre partition for pendulum machining<br \/>\n92 tool positions HSK-A63 (background magazine)<br \/>\n5-axis milling package<br \/>\nBlown air<br \/>\nTool life monitoring<br \/>\nAdditional V24 RS232 in the control cabinet<br \/>\nBDE\/MDE interface (statuses: machine on, machine running, piece counter)<br \/>\nMarposs (Brankamp) Collision monitoring CMS100<br \/>\n3D machine model for kinematic simulation in the CAM programming system<br \/>\nHydraulic unit 210 bar, 2 clamping circuits, separate system clamping pressure for each pendulum field,<br \/>\nClamping pressure control  <\/p>\n<p>Linear clamping system KOHN<br \/>\n8 hydraulic vice KOHN Multi 2000 MFS 125\/680 HD <\/p>\n<p>Two-part step grate for operators across the entire 6,000 mm operating width <\/p>\n<p>Machine height: approx. 3,000<br \/>\nTotal weight: approx. 20,000 kg <\/p>\n<p>The machine can be inspected by appointment.<br \/>\nChanges and errors in the technical data and information as well as prior sale reserved!<\/p>\n<p>Vertical CNC Machining Centre<br \/>\nCHIRON MILL 6000 high speed with NC swivel head<br \/>\nYear of manufacture: 2004 - major overhaul by manufacturer CHIRON in 2013<br \/>\nThe machine underwent a complete factory overhaul by CHIRON in 2013.<br \/>\nOperating hours: approx. 80,374 h<br \/>\nSpindle replacement: March 2021 - spindle hours: approx. 8,000 h<br \/>\nLast maintenance performed: January 2024<br \/>\nTechnical Specifications:<\/p>\n<p>Control: Siemens 840D (PCU50, NCU572.4)<br \/>\nNC swivel head<br \/>\nHigh-speed package: Motor spindle up to 12,000 rpm, 140 Nm<br \/>\nTravels: X 6,000 mm \/ Y 630 mm \/ Z 550 mm<br \/>\nRapid traverse in X \/ Y \/ Z: 60 m\/min<br \/>\nChip-to-chip time: 3.0 sec (3.3 sec DIN) vertical \/ 4.7 sec (5.0 sec DIN) horizontal<br \/>\nProduction package:<br \/>\nScraper belt conveyor, discharge height 1,050 mm<br \/>\nPreparation for internal coolant supply (IKZ)<br \/>\nVacuum rotary filter KNOLL VRF250 (for steel, cast iron, aluminium, plastic, brass)<br \/>\nHigh pressure 70 bar with HP pump and variable valve<br \/>\nAutomatic loading doors<br \/>\nCentral partition for pendulum machining<br \/>\n92 tool positions HSK-A63 (background magazine)<br \/>\n5-axis milling package<br \/>\nAir blast<br \/>\nTool life monitoring<br \/>\nAdditional V24 RS232 interface in electrical cabinet<br \/>\nBDE\/MDE interface (machine on, machine running, piece counter)<br \/>\nMarposs (Brankamp) collision monitoring CMS100<br \/>\n3D machine model for kinematic simulation in CAM programming system<br \/>\nHydraulic unit 210 bar, 2 clamping circuits, separate system clamping pressure per pendulum field, clamping pressure monitoring<br \/>\nLinear clamping system KOHN<br \/>\n8 hydraulic clamping vises KOHN Multi 2000 MFS 125\/680 HD<\/p>\n<p>Two-part operator platform (tread grid) across the full 6,000 mm operating width<\/p>\n<p>Dimensions and weight:<\/p>\n<p>Machine height: approx. 3,000 mm<br \/>\nTotal weight: approx. 20,000 kg<\/p>\n<p>Due to the long X-travel of 6,000 mm (long-bed design), the required floor space is substantial:<\/p>\n<p>Approximate length (along X-axis): 9-10 m (machine footprint often ~8-9 m, plus operator\/maintenance access ~9-10 m total)<br \/>\nApproximate width (along Y-axis): 3-3.5 m (machine body ~2.8-3 m, plus safety\/operating clearance)<\/p>\n<p>The machine can be inspected under power by appointment.<br \/>\nTechnical specifications and information are subject to change and errors, and prior sale is reserved.<\/p>","protected":false},"excerpt":{"rendered":"<p>Standort: Deutschland, Baden-W\u00fcrttemberg S\u00fcdwest Zustand: Gebraucht Hersteller: Chiron Modell: Chiron MILL 6000 high speed mit NC-Schwenkkopf Baujahr: 2004 Betriebsstunden: 77374 Vertikales CNC-Fertigungszentrum Chiron MILL 6000 high speed mit NC-Schwenkkopf Baujahr 2004, gro\u00dfe Grund\u00fcberholung 2013 Die Maschine wurde 2013 vom Hersteller Chiron grund\u00fcberholt. Betriebsstunden ca. 80.374 h Spindeltausch M\u00e4rz 2021 Spindelstunden ca. 8.000 h Wartung wurde [&hellip;]<\/p>\n","protected":false},"featured_media":4786,"comment_status":"open","ping_status":"closed","template":"","meta":{"_uf_show_specific_survey":0,"_uf_disable_surveys":false},"product_brand":[],"product_cat":[21],"product_tag":[],"class_list":{"0":"post-4791","1":"product","2":"type-product","3":"status-publish","4":"has-post-thumbnail","6":"product_cat-cnc-bearbeitungszentrum","8":"first","9":"instock","10":"taxable","11":"shipping-taxable","12":"product-type-simple"},"aioseo_notices":[],"_links":{"self":[{"href":"https:\/\/mueller-wrh.de\/en\/wp-json\/wp\/v2\/product\/4791","targetHints":{"allow":["GET"]}}],"collection":[{"href":"https:\/\/mueller-wrh.de\/en\/wp-json\/wp\/v2\/product"}],"about":[{"href":"https:\/\/mueller-wrh.de\/en\/wp-json\/wp\/v2\/types\/product"}],"replies":[{"embeddable":true,"href":"https:\/\/mueller-wrh.de\/en\/wp-json\/wp\/v2\/comments?post=4791"}],"wp:featuredmedia":[{"embeddable":true,"href":"https:\/\/mueller-wrh.de\/en\/wp-json\/wp\/v2\/media\/4786"}],"wp:attachment":[{"href":"https:\/\/mueller-wrh.de\/en\/wp-json\/wp\/v2\/media?parent=4791"}],"wp:term":[{"taxonomy":"product_brand","embeddable":true,"href":"https:\/\/mueller-wrh.de\/en\/wp-json\/wp\/v2\/product_brand?post=4791"},{"taxonomy":"product_cat","embeddable":true,"href":"https:\/\/mueller-wrh.de\/en\/wp-json\/wp\/v2\/product_cat?post=4791"},{"taxonomy":"product_tag","embeddable":true,"href":"https:\/\/mueller-wrh.de\/en\/wp-json\/wp\/v2\/product_tag?post=4791"}],"curies":[{"name":"wp","href":"https:\/\/api.w.org\/{rel}","templated":true}]}}