{"id":4606,"date":"2026-01-12T10:31:05","date_gmt":"2026-01-12T10:31:05","guid":{"rendered":"https:\/\/mueller-wrh.de\/produkt\/hardinge-gt27sp-gg-121_fanuc_fmb-unirobot-cnc-drehmaschine-bj-2021-_intnr231462\/"},"modified":"2026-01-12T10:31:05","modified_gmt":"2026-01-12T10:31:05","slug":"hardinge-gt27sp-gg-121_fanuc_fmb-unirobot-cnc-drehmaschine-bj-2021-_intnr231462","status":"publish","type":"product","link":"https:\/\/mueller-wrh.de\/en\/product\/hardinge-gt27sp-gg-121_fanuc_fmb-unirobot-cnc-drehmaschine-bj-2021-_intnr231462\/","title":{"rendered":"HARDINGE GT27SP GG-121_Fanuc_FMB Unirobot CNC lathe year 2021 _IntNo231462"},"content":{"rendered":"<p><b>Location:<\/b> Germany, Baden-W\u00fcrttemberg Southwest<\/p>\n<p><b>Condition:<\/b> Used<\/p>\n<p><b>Manufacturer:<\/b> Hardinge<\/p>\n<p><b>Model:<\/b> GT27SP GG-121<\/p>\n<p><b>Year of construction:<\/b> 2021<\/p>\n<p><b>Operating hours:<\/b> 15000<\/p>\n<p>Machine designation: CNC short lathe<br \/>\nManufacturer: Hardinge<br \/>\nModel: GT27SP GG-121<br \/>\nYear of construction: 2021<br \/>\nControl system: Fanuc 32<br \/>\nFunctionality: fully functional<br \/>\nProcessing hours: approx. 15,000 hours<\/p>\n<p>Technical data<br \/>\nSpindle bore: \u00d8 27 mm<br \/>\nSpindle holder: A2-5<br \/>\nChuck max. 80mm<br \/>\nMax. Spindle speed: 6,000 min-\u00b9<br \/>\nX-axis: 607 mm<br \/>\nZ-axis: 286 mm<\/p>\n<p>Coolant system<\/p>\n<p>FMB loading and unloading system<br \/>\nAccessories \/ Tools \/ Manuals<\/p>\n<p>Machine weight and dimensions<br \/>\nMachine dimensions: approx. 1850 \u00d7 1750 \u00d7 1750 mm<br \/>\nMachine weight: approx. 2100 kg<\/p>\n<p>Weight and dimensions Loading and unloading system<br \/>\nMachine dimensions: approx. 1900 \u00d7 950 \u00d7 2000 mm<br \/>\nMachine weight: approx. 1000 kg<\/p>\n<p>Weight and dimensions of coolant system<br \/>\nMachine dimensions: approx. 1500 \u00d7 800 \u00d7 1100 mm<br \/>\nMachine weight: approx. 250 kg<\/p>\n<p>The machine is fully functional and is in good used condition.<br \/>\nFor further information or a viewing under power, please do not hesitate to contact us.<br \/>\nSubject to changes and errors in the technical data and specifications as well as prior sale!<\/p>\n<p>Machine Type: CNC Short Lathe<br \/>\nManufacturer: Hardinge<br \/>\nModel: GT27SP GG-121<br \/>\nYear of Manufacture: 2021<br \/>\nControl: Fanuc 32i<br \/>\nOperational Status: Fully operational<br \/>\nOperating Hours: approx. 15,000 hours<\/p>\n<p>Technical Data<\/p>\n<p>Spindle Bore: \u00d8 27 mm<\/p>\n<p>Spindle Nose: A2-5<\/p>\n<p>Chuck capacity: max. 80 mm<\/p>\n<p>Maximum spindle speed: 6,000 rpm<\/p>\n<p>X-Axis Travel: 607 mm<\/p>\n<p>Z-axis travel: 286 mm<\/p>\n<p>Coolant system<\/p>\n<p>Loading and Unloading System<\/p>\n<p>Accessories \/ Tools \/ Manuals<\/p>\n<p>Machine Dimensions and Weight<\/p>\n<p>Machine Dimensions: approx. 1850 \u00d7 1750 \u00d7 1750 mm<\/p>\n<p>Machine Weight: approx. 2100 kg<\/p>\n<p>Loading\/Unloading System Dimensions and Weight<\/p>\n<p>Dimensions: approx. 1900 \u00d7 950 \u00d7 2000 mm<\/p>\n<p>Weight: approx. 1000 kg<\/p>\n<p>Coolant System Dimensions and Weight<\/p>\n<p>Dimensions: approx. 1500 \u00d7 800 \u00d7 1100 mm<\/p>\n<p>Weight: approx. 250 kg<\/p>\n<p>The machine is fully operational and in good used condition.<br \/>\nFor further information or to arrange a live demonstration under power, please feel free to contact us.<br \/>\nAll technical data and information are approximate. Subject to prior sale and errors excepted.<\/p>","protected":false},"excerpt":{"rendered":"<p>Standort: Deutschland, Baden-W\u00fcrttemberg S\u00fcdwest Zustand: Gebraucht Hersteller: Hardinge Modell: GT27SP GG-121 Baujahr: 2021 Betriebsstunden: 15000 Maschinenbezeichnung: CNC-Kurzdrehmaschine Hersteller: Hardinge Modell: GT27SP GG-121 Baujahr: 2021 Steuerung: Fanuc 32 Funktionsf\u00e4higkeit: voll funktionsf\u00e4hig Bearbeitungsstunden: ca. 15.000 Stunden Technische Daten Spindelbohrung: \u00d8 27 mm Spindelaufnahme: A2-5 Spannfutter max. 80mm Max. Spindeldrehzahl: 6.000 min\u207b\u00b9 X-Achse: 607 mm Z-Achse: 286 mm [&hellip;]<\/p>\n","protected":false},"featured_media":4601,"comment_status":"open","ping_status":"closed","template":"","meta":{"_uf_show_specific_survey":0,"_uf_disable_surveys":false},"product_brand":[],"product_cat":[90],"product_tag":[],"class_list":{"0":"post-4606","1":"product","2":"type-product","3":"status-publish","4":"has-post-thumbnail","6":"product_cat-cnc-drehmaschinen-0-199mm-drehd","8":"first","9":"instock","10":"taxable","11":"shipping-taxable","12":"product-type-simple"},"aioseo_notices":[],"_links":{"self":[{"href":"https:\/\/mueller-wrh.de\/en\/wp-json\/wp\/v2\/product\/4606","targetHints":{"allow":["GET"]}}],"collection":[{"href":"https:\/\/mueller-wrh.de\/en\/wp-json\/wp\/v2\/product"}],"about":[{"href":"https:\/\/mueller-wrh.de\/en\/wp-json\/wp\/v2\/types\/product"}],"replies":[{"embeddable":true,"href":"https:\/\/mueller-wrh.de\/en\/wp-json\/wp\/v2\/comments?post=4606"}],"wp:featuredmedia":[{"embeddable":true,"href":"https:\/\/mueller-wrh.de\/en\/wp-json\/wp\/v2\/media\/4601"}],"wp:attachment":[{"href":"https:\/\/mueller-wrh.de\/en\/wp-json\/wp\/v2\/media?parent=4606"}],"wp:term":[{"taxonomy":"product_brand","embeddable":true,"href":"https:\/\/mueller-wrh.de\/en\/wp-json\/wp\/v2\/product_brand?post=4606"},{"taxonomy":"product_cat","embeddable":true,"href":"https:\/\/mueller-wrh.de\/en\/wp-json\/wp\/v2\/product_cat?post=4606"},{"taxonomy":"product_tag","embeddable":true,"href":"https:\/\/mueller-wrh.de\/en\/wp-json\/wp\/v2\/product_tag?post=4606"}],"curies":[{"name":"wp","href":"https:\/\/api.w.org\/{rel}","templated":true}]}}