{"id":4596,"date":"2026-01-12T10:29:03","date_gmt":"2026-01-12T10:29:03","guid":{"rendered":"https:\/\/mueller-wrh.de\/produkt\/index-abc_fanuc_-cnc-drehmaschine-bj-2017-_intnr231463\/"},"modified":"2026-01-12T10:29:03","modified_gmt":"2026-01-12T10:29:03","slug":"index-abc_fanuc_-cnc-drehmaschine-bj-2017-_intnr231463","status":"publish","type":"product","link":"https:\/\/mueller-wrh.de\/en\/product\/index-abc_fanuc_-cnc-drehmaschine-bj-2017-_intnr231463\/","title":{"rendered":"Index ABC_Fanuc_ CNC lathe year 2017 _IntNo231463"},"content":{"rendered":"<p><b>Location:<\/b> Germany, Baden-W\u00fcrttemberg Southwest<\/p>\n<p><b>Condition:<\/b> Used<\/p>\n<p><b>Manufacturer:<\/b> Index<\/p>\n<p><b>Model:<\/b> ABC<\/p>\n<p><b>Year of construction:<\/b> 2017<\/p>\n<p>Machine designation: CNC short lathe<br \/>\nManufacturer: Index<br \/>\nModel: ABC<br \/>\nYear of construction: 2017<br \/>\nControl system: Fanuc 32 i- B<br \/>\nFunctionality: fully functional<br \/>\nProcessing hours: approx. hours<\/p>\n<p>Technical data<br \/>\nSpindle bore: \u00d8 42 mm<br \/>\nTraverse and feed data<br \/>\nX-axis travel: approx. 90 mm<br \/>\nZ-axis travel: approx. 280 mm<br \/>\nRapid traverse X: approx. 27 m\/min<br \/>\nRapid traverse Z: approx. 36 m\/min<\/p>\n<p>Upper turret (main tool carrier):<br \/>\nNumber of stations: 8 (including 1 synchronisable position)<br \/>\nTool holder: VDI 25<br \/>\nSupports driven tools.<\/p>\n<p>Lower turret :<br \/>\nNumber of stations: 6<br \/>\nWithout drive<\/p>\n<p>Reverse side:<br \/>\n5 stations for rear machining<\/p>\n<p>Simultaneous machining with up to 3 tools at the same time<\/p>\n<p>Coolant system - chip conveyor <\/p>\n<p>Bar feeder IRCO ILS MUK 7012-II Year 2015<br \/>\nAccessories \/ Tools \/ Manuals<\/p>\n<p>Machine weight and dimensions<br \/>\nMachine dimensions: approx. 2830 \u00d7 1500 \u00d7 2200 mm<br \/>\nMachine weight: approx. 3500 kg<\/p>\n<p>Weight and dimensions of coolant system chip conveyor<br \/>\nMachine dimensions: approx. 1600 \u00d7 1250 \u00d7 1780 mm<br \/>\nMachine weight: approx. 680 kg<\/p>\n<p>Weight and dimensions bar feeder IRCO ILS MUK<br \/>\nMachine dimensions: approx. 1800 \u00d7 1000 \u00d7 1280 mm<br \/>\nMachine weight: approx. 650 kg<\/p>\n<p>The machine is fully functional and is in good used condition.<br \/>\nFor further information or a viewing under power, please do not hesitate to contact us.<br \/>\nSubject to changes and errors in the technical data and specifications as well as prior sale!<\/p>\n<p>Machine Designation: CNC Short-Turning Lathe<br \/>\nManufacturer: Index<br \/>\nModel: ABC<br \/>\nYear of Manufacture: 2017<br \/>\nControl System: Fanuc 32i-B<br \/>\nOperational Status: Fully operational<br \/>\nOperating Hours: approx. ___ hours<\/p>\n<p>Technical Data<\/p>\n<p>Spindle Bore: \u00d8 42 mm<\/p>\n<p>Travel and Feed Data:<\/p>\n<p>X-Axis Travel: approx. 90 mm<\/p>\n<p>Z-Axis Travel: approx. 280 mm<\/p>\n<p>Rapid Feed X: approx. 27 m\/min<\/p>\n<p>Rapid Feed Z: approx. 36 m\/min<\/p>\n<p>Upper Turret (Main Tool Carrier):<\/p>\n<p>Number of stations: 8 (1 synchronisable)<\/p>\n<p>Tool Holder: VDI 25<\/p>\n<p>Supports driven tools<\/p>\n<p>Lower Turret:<\/p>\n<p>Number of Stations: 6<\/p>\n<p>Non-driven<\/p>\n<p>Rear Side:<\/p>\n<p>5 stations for back-side operations<\/p>\n<p>Simultaneous Machining: Up to 3 tools simultaneously<\/p>\n<p>Coolant System &amp; Chip Conveyor<\/p>\n<p>Bar feeder: IRCO ILS MUK 7012-II, Year 2015<\/p>\n<p>Accessories \/ Tools \/ Manuals<\/p>\n<p>Machine Dimensions &amp; Weight<\/p>\n<p>Machine: approx. 2830 \u00d7 1500 \u00d7 2200 mm, Weight: approx. 3500 kg<\/p>\n<p>Coolant System &amp; Chip Conveyor: approx. 1600 \u00d7 1250 \u00d7 1780 mm, Weight: approx. 680 kg<\/p>\n<p>Bar Feeder IRCO ILS MUK: approx. 1800 \u00d7 1000 \u00d7 1280 mm, Weight: approx. 650 kg<\/p>\n<p>The machine is fully operational and in good used condition.<br \/>\nFor further information or a live demonstration under power, please feel free to contact us.<br \/>\nTechnical data and information are subject to change and errors. Prior sale reserved.<\/p>","protected":false},"excerpt":{"rendered":"<p>Standort: Deutschland, Baden-W\u00fcrttemberg S\u00fcdwest Zustand: Gebraucht Hersteller: Index Modell: ABC Baujahr: 2017 Maschinenbezeichnung: CNC-Kurzdrehmaschine Hersteller: Index Modell: ABC Baujahr: 2017 Steuerung: Fanuc 32 i- B Funktionsf\u00e4higkeit: voll funktionsf\u00e4hig Bearbeitungsstunden: ca. Stunden Technische Daten Spindelbohrung: \u00d8 42 mm Verfahr- und Vorschubdaten X-Achse Verfahrweg: ca. 90 mm Z-Achse Verfahrweg: ca. 280 mm Eilgang X: ca. 27 m\/min [&hellip;]<\/p>\n","protected":false},"featured_media":4590,"comment_status":"open","ping_status":"closed","template":"","meta":{"_uf_show_specific_survey":0,"_uf_disable_surveys":false},"product_brand":[],"product_cat":[90],"product_tag":[],"class_list":{"0":"post-4596","1":"product","2":"type-product","3":"status-publish","4":"has-post-thumbnail","6":"product_cat-cnc-drehmaschinen-0-199mm-drehd","8":"first","9":"instock","10":"taxable","11":"shipping-taxable","12":"product-type-simple"},"aioseo_notices":[],"_links":{"self":[{"href":"https:\/\/mueller-wrh.de\/en\/wp-json\/wp\/v2\/product\/4596","targetHints":{"allow":["GET"]}}],"collection":[{"href":"https:\/\/mueller-wrh.de\/en\/wp-json\/wp\/v2\/product"}],"about":[{"href":"https:\/\/mueller-wrh.de\/en\/wp-json\/wp\/v2\/types\/product"}],"replies":[{"embeddable":true,"href":"https:\/\/mueller-wrh.de\/en\/wp-json\/wp\/v2\/comments?post=4596"}],"wp:featuredmedia":[{"embeddable":true,"href":"https:\/\/mueller-wrh.de\/en\/wp-json\/wp\/v2\/media\/4590"}],"wp:attachment":[{"href":"https:\/\/mueller-wrh.de\/en\/wp-json\/wp\/v2\/media?parent=4596"}],"wp:term":[{"taxonomy":"product_brand","embeddable":true,"href":"https:\/\/mueller-wrh.de\/en\/wp-json\/wp\/v2\/product_brand?post=4596"},{"taxonomy":"product_cat","embeddable":true,"href":"https:\/\/mueller-wrh.de\/en\/wp-json\/wp\/v2\/product_cat?post=4596"},{"taxonomy":"product_tag","embeddable":true,"href":"https:\/\/mueller-wrh.de\/en\/wp-json\/wp\/v2\/product_tag?post=4596"}],"curies":[{"name":"wp","href":"https:\/\/api.w.org\/{rel}","templated":true}]}}