{"id":4527,"date":"2025-12-11T16:12:36","date_gmt":"2025-12-11T16:12:36","guid":{"rendered":"https:\/\/mueller-wrh.de\/produkt\/hanwha-cnc-langdrehmaschine-xd20_bj-2016_intnr231431\/"},"modified":"2025-12-12T10:26:43","modified_gmt":"2025-12-12T10:26:43","slug":"hanwha-cnc-langdrehmaschine-xd20_bj-2016_intnr231431","status":"publish","type":"product","link":"https:\/\/mueller-wrh.de\/en\/product\/hanwha-cnc-langdrehmaschine-xd20_bj-2016_intnr231431\/","title":{"rendered":"Hanwha CNC sliding headstock lathe XD20_Year 2016_IntNo231431"},"content":{"rendered":"<p><b>Standort:<\/b> Deutschland, Baden-W\u00fcrttemberg S\u00fcdwest<\/p>\n<p><b>Zustand:<\/b> Gebraucht<\/p>\n<p><b>Hersteller:<\/b> HANWHA<\/p>\n<p><b>Modell:<\/b> XD 20II M<\/p>\n<p><b>Baujahr:<\/b> 2016<\/p>\n<p>HANWHA CNC-Langdrehmaschine XD-20, Bj. 2016<br \/>\nCNC-Steuerung FANUC 32i-B<br \/>\nBetriebsstunden:<br \/>\nTechnische Daten<br \/>\n10,4&#8243; Farbmonitor LCD\/MDI<\/p>\n<p>HAUPTSPINDEL<br \/>\nDrehdurchmesser: 20 mm<br \/>\nMaximaldrehzahl [U\/min]: 10.000<br \/>\nMaximalleistung [kW]: 3,7<br \/>\nHub Z1 [mm]: 210<br \/>\nType der Spannzange: 145E \/ F25<br \/>\nF\u00fchrungsb\u00fcchseneinheit T223<br \/>\nGEGENSPINDEL<br \/>\nMaximaldrehzahl [U\/min]: 8.000<br \/>\nMaximalleistung [kW]: 2,2<br \/>\nZ1: 210 mm<br \/>\n5 Aussendrehwerkzeuge 12 x 12 mm<br \/>\n5 angetriebene Bohr-\/Fr\u00e4sspindeln<br \/>\n2 x ER16 &#8211; 3 x ER11 modular<br \/>\n5 Bohrpinolen<br \/>\nGegenspindel<br \/>\n2 feststehende Werkzeughalter ER16 modular Max. Bohrtiefe 100mm<br \/>\nR\u00fcckseitenbearbeitung<br \/>\nWerkzeugtr\u00e4ger f\u00fcr 4 Werkzeuge<br \/>\n2 angetriebene Bohr-\/Fr\u00e4sspindeln<br \/>\n2 feststehende Bohr-\/Fr\u00e4sspindeln<br \/>\nTeilef\u00f6rderband mit Auffangschalel<br \/>\nLange Teile Abf\u00fchrung<br \/>\nL\u00f6schanlage CO2<br \/>\nSp\u00e4nef\u00f6rderer mit K\u00fchlmittelpumpe<br \/>\nStangenlademagazin FMB Turbo 2-20 \/ 3200 mm<br \/>\nHandbuch und Dokumentation in deutscher und englischer Sprache<\/p>\n<p>Die Maschine kann nach Terminvereinbarung Strom besichtigt werden.<br \/>\nAenderungen und Irrtuemer in den technischen Daten und Angaben sowie Zwischenverkauf vorbehalten!<\/p>\n<p>HANWHA CNC Sliding Headstock Automatic Lathe XD20IIM, year of manufacture 2016<br \/>\nCNC control: FANUC 32i-B<br \/>\nOperating hours: on request<br \/>\nTechnical specifications<br \/>\n10.4&#8243; color LCD monitor \/ MDI<br \/>\nMAIN SPINDLE<br \/>\nBar capacity \/ turning diameter: 20 mm<br \/>\nMax. spindle bore diameter: 24 mm<br \/>\nMax. spindle speed: 10,000 rpm<br \/>\nMax. power: 3.7 kW<br \/>\nC-axis with 0.001\u00b0 resolution<br \/>\nZ1 stroke: 210 mm<br \/>\nCollet type: 145E \/ F25<br \/>\nSynchronized rotating guide bushing unit, type T223<br \/>\nCOUNTER SPINDLE<br \/>\nMax. spindle speed: 8,000 rpm<br \/>\nMax. power: 2.2 kW<br \/>\nMax. pick-off diameter: 20 mm<br \/>\nMax. part length (ejection forward): 70 mm<br \/>\nC-axis with 0.001\u00b0 resolution<br \/>\nZ2 stroke: 210 mm<br \/>\nTOOLING CAPACITY<\/p>\n<p>5 turning tool stations 12 \u00d7 12 mm (Arno IK system)<br \/>\nCross machining unit: 5 driven drilling\/milling spindles<br \/>\n\u2192 2 \u00d7 ER16 + 3 \u00d7 ER11 modular, power 1.1 kW<br \/>\nFront drilling unit: 5 fixed drilling quills, \u00d8 22 mm<br \/>\nCounter spindle cross slide: 2 fixed tool holders ER16 modular, max. drilling depth 100 mm<br \/>\nBackworking unit: tool carrier for 4 tools<br \/>\n\u2192 2 driven drilling\/milling spindles ER16 modular<br \/>\n\u2192 2 fixed drilling\/milling spindles ER16 modular<\/p>\n<p>EQUIPMENT INCLUDED<\/p>\n<p>Parts conveyor belt with catch tray<br \/>\nLong part ejection unit<br \/>\nCO\u2082 fire suppression system<br \/>\nChip conveyor with coolant pump<br \/>\nBar loader FMB Turbo 2-20 \/ 3200 mm (bar diameter 2\u201323 mm)<br \/>\nManuals and documentation in German and English<\/p>\n<p>The machine is under power and can be inspected by appointment.<br \/>\nTechnical data subject to change, errors and prior sale reserved!<\/p>\n","protected":false},"excerpt":{"rendered":"<p>Standort: Deutschland, Baden-W\u00fcrttemberg S\u00fcdwest Zustand: Gebraucht Hersteller: HANWHA Modell: XD 20II M Baujahr: 2016 HANWHA CNC-Langdrehmaschine XD-20, Bj. 2016 CNC-Steuerung FANUC 32i-B Betriebsstunden: Technische Daten 10,4&#8243; Farbmonitor LCD\/MDI HAUPTSPINDEL Drehdurchmesser: 20 mm Maximaldrehzahl [U\/min]: 10.000 Maximalleistung [kW]: 3,7 Hub Z1 [mm]: 210 Type der Spannzange: 145E \/ F25 F\u00fchrungsb\u00fcchseneinheit T223 GEGENSPINDEL Maximaldrehzahl [U\/min]: 8.000 Maximalleistung [&hellip;]<\/p>\n","protected":false},"featured_media":4541,"comment_status":"open","ping_status":"closed","template":"","meta":{"_uf_show_specific_survey":0,"_uf_disable_surveys":false},"product_brand":[],"product_cat":[23],"product_tag":[],"class_list":{"0":"post-4527","1":"product","2":"type-product","3":"status-publish","4":"has-post-thumbnail","6":"product_cat-cnc-langdrehmaschinen","8":"first","9":"instock","10":"taxable","11":"shipping-taxable","12":"product-type-simple"},"aioseo_notices":[],"_links":{"self":[{"href":"https:\/\/mueller-wrh.de\/en\/wp-json\/wp\/v2\/product\/4527","targetHints":{"allow":["GET"]}}],"collection":[{"href":"https:\/\/mueller-wrh.de\/en\/wp-json\/wp\/v2\/product"}],"about":[{"href":"https:\/\/mueller-wrh.de\/en\/wp-json\/wp\/v2\/types\/product"}],"replies":[{"embeddable":true,"href":"https:\/\/mueller-wrh.de\/en\/wp-json\/wp\/v2\/comments?post=4527"}],"wp:featuredmedia":[{"embeddable":true,"href":"https:\/\/mueller-wrh.de\/en\/wp-json\/wp\/v2\/media\/4541"}],"wp:attachment":[{"href":"https:\/\/mueller-wrh.de\/en\/wp-json\/wp\/v2\/media?parent=4527"}],"wp:term":[{"taxonomy":"product_brand","embeddable":true,"href":"https:\/\/mueller-wrh.de\/en\/wp-json\/wp\/v2\/product_brand?post=4527"},{"taxonomy":"product_cat","embeddable":true,"href":"https:\/\/mueller-wrh.de\/en\/wp-json\/wp\/v2\/product_cat?post=4527"},{"taxonomy":"product_tag","embeddable":true,"href":"https:\/\/mueller-wrh.de\/en\/wp-json\/wp\/v2\/product_tag?post=4527"}],"curies":[{"name":"wp","href":"https:\/\/api.w.org\/{rel}","templated":true}]}}