{"id":4461,"date":"2025-11-06T15:57:25","date_gmt":"2025-11-06T15:57:25","guid":{"rendered":"https:\/\/mueller-wrh.de\/produkt\/neu_lta-lufttechnik-e120-bsc-2-h-intnr23426\/"},"modified":"2025-11-09T07:35:53","modified_gmt":"2025-11-09T07:35:53","slug":"neu_lta-lufttechnik-e120-bsc-2-h-intnr23426","status":"publish","type":"product","link":"https:\/\/mueller-wrh.de\/en\/product\/neu_lta-lufttechnik-e120-bsc-2-h-intnr23426\/","title":{"rendered":"NEW_LTA Lufttechnik E120 BSC-2-H, IntNo231426"},"content":{"rendered":"<p><b>Location:<\/b> Germany, Baden-W\u00fcrttemberg Southwest<\/p>\n<p><b>Condition:<\/b> Used<\/p>\n<p><b>Manufacturer:<\/b> LTA<\/p>\n<p><b>Model:<\/b> E120 BSC-2H<\/p>\n<p><b>Year of construction:<\/b> 2025<\/p>\n<p><b>Operating hours:<\/b> 0<\/p>\n<p>Filtration system E 120-BSC-2-H<br \/>\nOil\/emulsion mist extraction systems<\/p>\n<p>PROPERTIES \/ FEATURES:<br \/>\nService door opening direction: in flow direction UP<br \/>\nAir outlet : RADIAL<br \/>\nwith pre-filter and neutralisation filter mechanical and:<br \/>\nconsisting of two electrostatic filtration stages for aerosols<br \/>\nfrom<br \/>\nIonisers and collectors<br \/>\n- Adjustable blower (ErP-Ready)<br \/>\n- Display ready for operation<br \/>\n- Electrics according to EN 60204<br \/>\n- Execution of the entire system in accordance with<br \/>\n  Machinery Directive <\/p>\n<p>TECHNICAL DATA:<br \/>\nFan capacity: 2400 m\u00b3\/h (free-blowing)<br \/>\nExtraction capacity: up to 1200 m\u00b3\/h<br \/>\nOperating voltage: 230 V +\/-10 % (207-253 V)<br \/>\nFrequency: 50-60 Hz<br \/>\nConnected load: 0.93 kVA<br \/>\nDifferential pressure: 840 Pa<br \/>\nSound pressure level: approx. 70 dB<br \/>\nTemperature: max. 40 \u00b0C<br \/>\nProtection class: IP 54 <\/p>\n<p>Transition piece E\/M 120\/240, 200-S-B-90<\/p>\n<p>E-120-BSC-2 : 84213925 Country of origin CZ<br \/>\nMains connection plug: 85444290 Country of origin DE<br \/>\nGoods tariff number\/customs tariff number: 84213925 <\/p>\n<p>Dimensions (L x W x H): 1130 x 660 x 610 mm <\/p>\n<p>Weight: approx. 110 kg <\/p>\n<p>Warranty: by arrangement<br \/>\nPaint finish: RAL 7035 (light grey) or (by arrangement)<br \/>\nDelivery time: by arrangement<\/p>\n<p>Changes and errors in the technical data and information as well as prior sale reserved!<\/p>\n<p>Filtration System E 120-BSC-2-H<br \/>\nOil \/ Emulsion Mist Extraction Units<\/p>\n<p>FEATURES \/ CHARACTERISTICS:<\/p>\n<p>Service door opening direction: upwards, in flow direction<\/p>\n<p>Air outlet: radial<\/p>\n<p>With pre-filter and mechanical neutralisation filter as well as:<br \/>\ntwo electrostatic filtration stages for aerosols consisting of<br \/>\nionisers and collectors<\/p>\n<p>Adjustable fan (ErP-ready)<\/p>\n<p>\"Ready for operation\" indicator<\/p>\n<p>Electrical system according to EN 60204<\/p>\n<p>Entire system designed in compliance with the applicable Machinery Directive<\/p>\n<p>TECHNICAL DATA:<\/p>\n<p>Fan capacity: 2400 m\u00b3\/h (free blowing)<\/p>\n<p>Extraction capacity: up to 1200 m\u00b3\/h<\/p>\n<p>Operating voltage: 230 V +\/-10 % (207-253 V)<\/p>\n<p>Frequency: 50-60 Hz<\/p>\n<p>Connected load: 0.93 kVA<\/p>\n<p>Differential pressure: 840 Pa<\/p>\n<p>Sound pressure level: approx. 70 dB<\/p>\n<p>Temperature: max. 40 \u00b0C<\/p>\n<p>Protection class: IP 54<\/p>\n<p>Transition Piece E\/M 120\/240, 200-S-B-90<\/p>\n<p>E-120-BSC-2: 84213925, country of origin CZ<\/p>\n<p>Power plug: 85444290, country of origin DE<\/p>\n<p>Customs tariff number: 84213925<\/p>\n<p>Dimensions (L x W x H): 1130 x 660 x 610 mm<br \/>\nWeight: approx. 110 kg<br \/>\nWarranty: subject to agreement<br \/>\nPaint finish: RAL 7035 (light grey) or (as agreed)<br \/>\nDelivery time: subject to agreement<\/p>\n<p>Technical data and information subject to change and error. Intermediate sale reserved.<\/p>","protected":false},"excerpt":{"rendered":"<p>Standort: Deutschland, Baden-W\u00fcrttemberg S\u00fcdwest Zustand: Gebraucht Hersteller: LTA Modell: E120 BSC-2H Baujahr: 2025 Betriebsstunden: 0 Filtrationssystem E 120-BSC-2-H \u00d6l-\/Emulsionsnebel-Abzugsanlagen EIGENSCHAFTEN \/ MERKMALE: \u00d6ffnungsrichtung Servicet\u00fcr: in Str\u00f6mungsrichtung OBEN Luftauslass : RADIAL mit Vorfilter und Neutralisationsfilter mechanisch sowie: zwei elektrostatischen Filtrationsstufen f\u00fcr Aerosole bestehend aus Ionisatoren und Kollektoren &#8211; Regelbares Gebl\u00e4se (ErP-Ready) &#8211; Anzeige Betriebsbereit &#8211; Elektrik [&hellip;]<\/p>\n","protected":false},"featured_media":4462,"comment_status":"open","ping_status":"closed","template":"","meta":{"_uf_show_specific_survey":0,"_uf_disable_surveys":false},"product_brand":[],"product_cat":[19],"product_tag":[],"class_list":{"0":"post-4461","1":"product","2":"type-product","3":"status-publish","4":"has-post-thumbnail","6":"product_cat-oel-emulsionsnebel-abzugsanlagen","8":"first","9":"instock","10":"taxable","11":"shipping-taxable","12":"product-type-simple"},"aioseo_notices":[],"_links":{"self":[{"href":"https:\/\/mueller-wrh.de\/en\/wp-json\/wp\/v2\/product\/4461","targetHints":{"allow":["GET"]}}],"collection":[{"href":"https:\/\/mueller-wrh.de\/en\/wp-json\/wp\/v2\/product"}],"about":[{"href":"https:\/\/mueller-wrh.de\/en\/wp-json\/wp\/v2\/types\/product"}],"replies":[{"embeddable":true,"href":"https:\/\/mueller-wrh.de\/en\/wp-json\/wp\/v2\/comments?post=4461"}],"wp:featuredmedia":[{"embeddable":true,"href":"https:\/\/mueller-wrh.de\/en\/wp-json\/wp\/v2\/media\/4462"}],"wp:attachment":[{"href":"https:\/\/mueller-wrh.de\/en\/wp-json\/wp\/v2\/media?parent=4461"}],"wp:term":[{"taxonomy":"product_brand","embeddable":true,"href":"https:\/\/mueller-wrh.de\/en\/wp-json\/wp\/v2\/product_brand?post=4461"},{"taxonomy":"product_cat","embeddable":true,"href":"https:\/\/mueller-wrh.de\/en\/wp-json\/wp\/v2\/product_cat?post=4461"},{"taxonomy":"product_tag","embeddable":true,"href":"https:\/\/mueller-wrh.de\/en\/wp-json\/wp\/v2\/product_tag?post=4461"}],"curies":[{"name":"wp","href":"https:\/\/api.w.org\/{rel}","templated":true}]}}