{"id":4433,"date":"2025-10-31T17:15:18","date_gmt":"2025-10-31T17:15:18","guid":{"rendered":"https:\/\/mueller-wrh.de\/produkt\/teilereinigungsanlage-pero-ro_bj-2019-intnr231388\/"},"modified":"2025-10-31T17:15:18","modified_gmt":"2025-10-31T17:15:18","slug":"teilereinigungsanlage-pero-ro_bj-2019-intnr231388","status":"publish","type":"product","link":"https:\/\/mueller-wrh.de\/en\/product\/teilereinigungsanlage-pero-ro_bj-2019-intnr231388\/","title":{"rendered":"Parts cleaning system PERO RO_Year 2019 IntNo231388"},"content":{"rendered":"<p><b>Location:<\/b> Germany, Baden-W\u00fcrttemberg Southwest<\/p>\n<p><b>Condition:<\/b> Used<\/p>\n<p><b>Manufacturer:<\/b> Pero<\/p>\n<p><b>Model:<\/b> R0\/057 EX8240<\/p>\n<p><b>Year of construction:<\/b> 2019<\/p>\n<p>Technical description - PERO RO<br \/>\nIndustrial solvent-based parts cleaning system<br \/>\nThe PERO RO is a high-performance industrial parts cleaning system for the effective and environmentally friendly cleaning of workpieces and components with solvents. It is suitable for a wide range of applications in the metalworking industry and guarantees high standards of cleanliness with economical operation.<br \/>\nFeatures:<br \/>\n- Cleaning with organic solvents (e.g. hydrocarbons or modified alcohols)<br \/>\n- Closed working process with integrated solvent circuit<br \/>\n- Suitable for small to medium batches and varying component geometries<br \/>\n- Automated process control for reproducible cleaning results<br \/>\n- Robust design for continuous industrial use<br \/>\nTypical areas of application:<br \/>\n- Degreasing of turned and milled parts<br \/>\n- Cleaning before installation or coating<br \/>\n- Removal of cooling lubricants, oils and particles<\/p>\n<p>The machine can be inspected by appointment.<br \/>\nChanges and errors in the technical data and information as well as prior sale reserved!<\/p>\n<p>Technical description - PERO RO<br \/>\nIndustrial solvent-based parts cleaning system<br \/>\nThe PERO RO is a powerful industrial parts cleaning system for the effective and environmentally friendly cleaning of workpieces and components with solvents. It is suitable for a wide range of applications in the metalworking industry and guarantees high standards of cleanliness with economical operation.<br \/>\nFeatures:<br \/>\n- Cleaning with organic solvents (e.g., hydrocarbons or modified alcohols)<br \/>\n- Closed working process with integrated solvent circulation<br \/>\n- Suitable for small to medium batches and varying component geometries<br \/>\n- Automated process control for reproducible cleaning results<br \/>\n- Robust design for continuous industrial use<br \/>\nTypical areas of application:<br \/>\n- Degreasing of turned and milled parts<br \/>\n- Cleaning prior to assembly or coating<br \/>\n- Removal of cooling lubricants, oils, and particles<\/p>\n<p>The machine can be viewed by appointment.<br \/>\nSubject to changes and errors in the technical data and specifications, as well as prior sale!<\/p>","protected":false},"excerpt":{"rendered":"<p>Standort: Deutschland, Baden-W\u00fcrttemberg S\u00fcdwest Zustand: Gebraucht Hersteller: Pero Modell: R0\/057 EX8240 Baujahr: 2019 Technische Beschreibung \u2013 PERO RO Industrielle Teilereinigungsanlage auf L\u00f6semittelbasis Die PERO RO ist eine leistungsstarke industrielle Teilereinigungsanlage zur effektiven und umweltgerechten Reinigung von Werkst\u00fccken und Bauteilen mit L\u00f6semitteln. Sie eignet sich f\u00fcr unterschiedlichste Anwendungen in der metallverarbeitenden Industrie und garantiert hohe Sauberkeitsstandards [&hellip;]<\/p>\n","protected":false},"featured_media":4425,"comment_status":"open","ping_status":"closed","template":"","meta":{"_uf_show_specific_survey":0,"_uf_disable_surveys":false},"product_brand":[],"product_cat":[109],"product_tag":[],"class_list":{"0":"post-4433","1":"product","2":"type-product","3":"status-publish","4":"has-post-thumbnail","6":"product_cat-industrielle-reinigungsanlagen","8":"first","9":"instock","10":"taxable","11":"shipping-taxable","12":"product-type-simple"},"aioseo_notices":[],"_links":{"self":[{"href":"https:\/\/mueller-wrh.de\/en\/wp-json\/wp\/v2\/product\/4433","targetHints":{"allow":["GET"]}}],"collection":[{"href":"https:\/\/mueller-wrh.de\/en\/wp-json\/wp\/v2\/product"}],"about":[{"href":"https:\/\/mueller-wrh.de\/en\/wp-json\/wp\/v2\/types\/product"}],"replies":[{"embeddable":true,"href":"https:\/\/mueller-wrh.de\/en\/wp-json\/wp\/v2\/comments?post=4433"}],"wp:featuredmedia":[{"embeddable":true,"href":"https:\/\/mueller-wrh.de\/en\/wp-json\/wp\/v2\/media\/4425"}],"wp:attachment":[{"href":"https:\/\/mueller-wrh.de\/en\/wp-json\/wp\/v2\/media?parent=4433"}],"wp:term":[{"taxonomy":"product_brand","embeddable":true,"href":"https:\/\/mueller-wrh.de\/en\/wp-json\/wp\/v2\/product_brand?post=4433"},{"taxonomy":"product_cat","embeddable":true,"href":"https:\/\/mueller-wrh.de\/en\/wp-json\/wp\/v2\/product_cat?post=4433"},{"taxonomy":"product_tag","embeddable":true,"href":"https:\/\/mueller-wrh.de\/en\/wp-json\/wp\/v2\/product_tag?post=4433"}],"curies":[{"name":"wp","href":"https:\/\/api.w.org\/{rel}","templated":true}]}}