{"id":4333,"date":"2025-10-24T12:43:12","date_gmt":"2025-10-24T12:43:12","guid":{"rendered":"https:\/\/mueller-wrh.de\/produkt\/dmg-gildemeister-sprint-ms36-2_multisprint-36_bj-2018_-intnr231416\/"},"modified":"2025-10-27T12:51:34","modified_gmt":"2025-10-27T12:51:34","slug":"dmg-gildemeister-sprint-ms36-2_multisprint-36_bj-2018_-intnr231416","status":"publish","type":"product","link":"https:\/\/mueller-wrh.de\/en\/product\/dmg-gildemeister-sprint-ms36-2_multisprint-36_bj-2018_-intnr231416\/","title":{"rendered":"DMG Gildemeister SPRINT MS36-2_MULTISPRINT 36_Year 2018_ IntNo231416"},"content":{"rendered":"<p><b>Location:<\/b> Germany, Baden-W\u00fcrttemberg Southwest<\/p>\n<p><b>Condition:<\/b> As good as new<\/p>\n<p><b>Manufacturer:<\/b> DMG<\/p>\n<p><b>Model:<\/b> MULTISPRINT MS36-2<\/p>\n<p><b>Year of construction:<\/b> 2018<\/p>\n<p><b>Operating hours:<\/b> 31241<\/p>\n<p>CNC-DMG Gildemeister MULTISPRINT 36 \/ SWISSTYPE machining up to 170 mm turning length<br \/>\nYear of construction: 2018<br \/>\nOperating hours: 47548<br \/>\nProcessing time: 31241<br \/>\nStatus: October 2025<br \/>\nControl system: Fanuc 30i B<\/p>\n<p>Maximum flexibility of the MULTISPRINT thanks to its modularity and Y-axes in every position<br \/>\nUse of driven tools on all spindle positions<br \/>\nY-axis on all spindle positions as standard<br \/>\nSWISSTYPEkit for short and long turning up to 170 mm in length<br \/>\nChuck or bar machining: bars from 4 to \u00f8 36 mm, chuck components up to \u00f8 50 mm Double-sided and off-centre machining<\/p>\n<p>Machine type: Multi-spindle automatic lathe<br \/>\nSWISSTYPE machining: up to 170 mm turning length<br \/>\nControl: FANUC Series 30i<br \/>\nMaximum flexibility thanks to modularity and Y-axes on all spindle positions<br \/>\nUse of driven tools on all spindle positions<br \/>\nMachining: bars from \u00d8 4 - 36 mm, chuck parts up to \u00d8 50 mm<br \/>\nDouble-sided and off-centre processing possible<\/p>\n<p>Performance data<br \/>\nFeature Value<br \/>\nMax. Workpiece diameter 36 mm<br \/>\nMax. Workpiece length 170 mm<br \/>\nMax. Bar passage 36 mm<br \/>\nTraverse paths (X \/ Y \/ Z) 50 \/ 100 \/ 170 mm<\/p>\n<p>Main spindles<br \/>\nQuantity: 6<br \/>\nC-axis (angular resolution): 0.002\u00b0<br \/>\nCross slide: 6 \u00d7 (X\/Y axis)<br \/>\nTravelling distance Z1-Z6: 170 mm (with SWISSTYPE kit)<br \/>\nMax. Rod passage: \u00d8 40 mm<br \/>\nSpeed: up to 7 500 min-\u00b9<br \/>\nDrive power (100 % ED): 13.3 kW<br \/>\nTorque (100 % ED): 32 Nm<br \/>\nDrum indexing time: 0.65 s<\/p>\n<p>Counter spindle Pick-up spindles<br \/>\nNumber: 2 (C-axis with X\/Y\/Z-axis)<br \/>\nThrough-hole: \u00d8 40 mm<br \/>\nSpeed: 7 500 min-\u00b9<br \/>\nDrive power: 13.3 kW<br \/>\nTorque: 32 Nm<br \/>\nTravelling distance (Z7-Z8): 410 mm<br \/>\nTraverse paths (X7-X8 \/ Y7-Y8): 277 \/ 312 mm<br \/>\nRapid traverse speed: 40 m\/min<\/p>\n<p>Tool holder on cross slide<br \/>\nMax. Number of tools: 3<br \/>\nSpeed: 3 900 \/ 8 000 \/ 13 800 min-\u00b9<br \/>\nDrive power (100 % ED): 0.9 kW<br \/>\nTorque (100 % ED): 5.8 \/ 2.9 \/ 1.7 Nm<br \/>\nTraverse paths (X1-X6 \/ Y1-Y6): 50 \/ 100 mm<br \/>\nRapid traverse speed: 20 m\/min<br \/>\nCarriage for rear machining<br \/>\nSpeed (U7-U8): 3 900 \/ 8 000 \/ 13 800 min-\u00b9<br \/>\nDrive power: 0.9 kW<br \/>\nTorque: 5.8 \/ 2.9 \/ 1.7 Nm<br \/>\nControl display: 15\u2033 colour display (\u00d7 2)<br \/>\nClamping system: Hainbuch TOPlus 40 Achsfix collet chuck<\/p>\n<p>Hinged belt chip conveyor with lifting pump<br \/>\nHigh-pressure system for oil (filter 50 \/ 25 \u00b5m, pumps 5 \/ 12 MPa)<br \/>\nVarious tool holders<br \/>\nFire extinguishing system<br \/>\nBar feeder (surface loader version)<br \/>\nWorkpiece loading system<\/p>\n<p>The machine is electrically and mechanically fully functional and can be inspected under power by appointment.<br \/>\nChanges and errors in the technical data and information as well as prior sale reserved!<\/p>\n<p>CNC-DMG Gildemeister MULTISPRINT 36 \/ SWISSTYPE machining up to 170 mm turning length<br \/>\nYear of manufacture: 2018<br \/>\nOperating hours: 47548<br \/>\nMachining time: 31241<br \/>\nStatus: October 2025<br \/>\nControl: Fanuc 30i B<\/p>\n<p>Maximum flexibility of the MULTISPRINT thanks to its modularity and Y-axes in every position<br \/>\nUse of driven tools on all spindle positions<br \/>\nY-axis on all spindle positions as standard<br \/>\nSWISSTYPEkit for short and long turning up to 170 mm length<br \/>\nChuck or bar machining: bars from 4 to \u00f8 36 mm, chuck components up to \u00f8 50 mm Double rear and off-centre machining<\/p>\n<p>Machine type: Multi-spindle automatic lathe<br \/>\nSWISSTYPE machining: up to 170 mm turning length<br \/>\nControl: FANUC Series 30i<br \/>\nMaximum flexibility thanks to modularity and Y-axes on all spindle positions<br \/>\nUse of driven tools on all spindle positions<br \/>\nMachining: Bars from \u00d8 4 - 36 mm, chuck parts up to \u00d8 50 mm<br \/>\nDouble rear and off-centre machining possible<\/p>\n<p>Performance data<br \/>\nFeature Value<br \/>\nMax. workpiece diameter 36 mm<br \/>\nMax. workpiece length 170 mm<br \/>\nMax. bar capacity 36 mm<br \/>\nTravel (X \/ Y \/ Z) 50 \/ 100 \/ 170 mm<\/p>\n<p>Main spindles<br \/>\nNumber: 6<br \/>\nC-axes (angle resolution): 0.002\u00b0<br \/>\nCross slides: 6 \u00d7 (X\/Y axis)<br \/>\nTravel Z1-Z6: 170 mm (with SWISSTYPE kit)<br \/>\nMax. bar capacity: \u00d8 40 mm<br \/>\nSpeed: up to 7,500 rpm<br \/>\nDrive power (100% duty cycle): 13.3 kW<br \/>\nTorque (100% duty cycle): 32 Nm<br \/>\nDrum indexing time: 0.65 s<\/p>\n<p>Counter spindle Pick-up spindles<br \/>\nNumber: 2 (C axes with X\/Y\/Z axes)<br \/>\nThrough hole: \u00d8 40 mm<br \/>\nSpeed: 7,500 rpm<br \/>\nDrive power: 13.3 kW<br \/>\nTorque: 32 Nm<br \/>\nTravel distances (Z7-Z8): 410 mm<br \/>\nTravel (X7-X8 \/ Y7-Y8): 277 \/ 312 mm<br \/>\nRapid traverse speed: 40 m\/min<\/p>\n<p>Tool holder on cross slide<br \/>\nMax. number of tools: 3<br \/>\nSpeed: 3,900 \/ 8,000 \/ 13,800 rpm<br \/>\nDrive power (100% duty cycle): 0.9 kW<br \/>\nTorque (100% duty cycle): 5.8 \/ 2.9 \/ 1.7 Nm<br \/>\nTravel distances (X1-X6 \/ Y1-Y6): 50 \/ 100 mm<br \/>\nRapid traverse speed: 20 m\/min<br \/>\nSled for rear machining<br \/>\nSpeed (U7-U8): 3,900 \/ 8,000 \/ 13,800 min-\u00b9<br \/>\nDrive power: 0.9 kW<br \/>\nTorque: 5.8 \/ 2.9 \/ 1.7 Nm<br \/>\nControl display: 15\u2033 colour display (\u00d7 2)<br \/>\nClamping system: Hainbuch TOPlus 40 Axle-fixed collet chuck holder<\/p>\n<p>Hinged belt chip conveyor with lifting pump<br \/>\nHigh-pressure system for oil (filter 50 \/ 25 \u00b5m, pumps 5 \/ 12 MPa)<br \/>\nVarious tool holders<br \/>\nFire extinguishing system<br \/>\nBar loading magazine (flat loader design)<br \/>\nWorkpiece loading system<\/p>\n<p>The machine is fully functional, both electrically and mechanically, and can be viewed under power by appointment.<br \/>\nSubject to changes and errors in the technical data and specifications, as well as prior sale!<\/p>","protected":false},"excerpt":{"rendered":"<p>Standort: Deutschland, Baden-W\u00fcrttemberg S\u00fcdwest Zustand: Neuwertig Hersteller: DMG Modell: MULTISPRINT MS36-2 Baujahr: 2018 Betriebsstunden: 31241 CNC-DMG Gildemeister MULTISPRINT 36 \/ SWISSTYPE-Bearbeitung bis 170 mm Drehl\u00e4nge Baujahr: 2018 Betriebsstunden: 47548 Bearbeitungszeit: 31241 Stand: Oktober 2025 Steuerung: Fanuc 30i B H\u00f6chste Flexibilit\u00e4t der MULTISPRINT dank ihrer Modularit\u00e4t und ihrer Y-Achsen in jeder Postion Einsatz angetriebener Werkzeuge auf [&hellip;]<\/p>\n","protected":false},"featured_media":4346,"comment_status":"open","ping_status":"closed","template":"","meta":{"_uf_show_specific_survey":0,"_uf_disable_surveys":false},"product_brand":[],"product_cat":[108],"product_tag":[],"class_list":{"0":"post-4333","1":"product","2":"type-product","3":"status-publish","4":"has-post-thumbnail","6":"product_cat-mehrspindler","8":"first","9":"instock","10":"taxable","11":"shipping-taxable","12":"product-type-simple"},"aioseo_notices":[],"_links":{"self":[{"href":"https:\/\/mueller-wrh.de\/en\/wp-json\/wp\/v2\/product\/4333","targetHints":{"allow":["GET"]}}],"collection":[{"href":"https:\/\/mueller-wrh.de\/en\/wp-json\/wp\/v2\/product"}],"about":[{"href":"https:\/\/mueller-wrh.de\/en\/wp-json\/wp\/v2\/types\/product"}],"replies":[{"embeddable":true,"href":"https:\/\/mueller-wrh.de\/en\/wp-json\/wp\/v2\/comments?post=4333"}],"wp:featuredmedia":[{"embeddable":true,"href":"https:\/\/mueller-wrh.de\/en\/wp-json\/wp\/v2\/media\/4346"}],"wp:attachment":[{"href":"https:\/\/mueller-wrh.de\/en\/wp-json\/wp\/v2\/media?parent=4333"}],"wp:term":[{"taxonomy":"product_brand","embeddable":true,"href":"https:\/\/mueller-wrh.de\/en\/wp-json\/wp\/v2\/product_brand?post=4333"},{"taxonomy":"product_cat","embeddable":true,"href":"https:\/\/mueller-wrh.de\/en\/wp-json\/wp\/v2\/product_cat?post=4333"},{"taxonomy":"product_tag","embeddable":true,"href":"https:\/\/mueller-wrh.de\/en\/wp-json\/wp\/v2\/product_tag?post=4333"}],"curies":[{"name":"wp","href":"https:\/\/api.w.org\/{rel}","templated":true}]}}