{"id":4286,"date":"2025-10-18T09:40:01","date_gmt":"2025-10-18T09:40:01","guid":{"rendered":"https:\/\/mueller-wrh.de\/produkt\/star-sv-32jii_bj-2002_-typ-440_intnr231159\/"},"modified":"2025-10-18T09:40:01","modified_gmt":"2025-10-18T09:40:01","slug":"star-sv-32jii_bj-2002_-typ-440_intnr231159","status":"publish","type":"product","link":"https:\/\/mueller-wrh.de\/en\/product\/star-sv-32jii_bj-2002_-typ-440_intnr231159\/","title":{"rendered":"Star SV-32JII_Year 2002_Type 440_IntNo231159"},"content":{"rendered":"<p><b>Location:<\/b> Germany, Baden-W\u00fcrttemberg Southwest<\/p>\n<p><b>Condition:<\/b> Used<\/p>\n<p><b>Manufacturer:<\/b> STAR Micronics<\/p>\n<p><b>Model:<\/b> SV-32<\/p>\n<p><b>Year of construction:<\/b> 2002<\/p>\n<p><b>Operating hours:<\/b> 18000<\/p>\n<p>IntNo231159<br \/>\nMachine type CNC sliding headstock automatic lathe<br \/>\nManufacturer STAR Micronics<br \/>\nModel SV32 JII<br \/>\nYear of construction 2002<br \/>\nCondition very good (used)<br \/>\nVery well-maintained machine directly from the user<br \/>\nMachine has only run with oil<br \/>\nOperating hours around 18,000 hours.<br \/>\nStandard machine accessories<br \/>\n. Synchronously driven guide bush<br \/>\n. C-axis on main and pick-up spindle<br \/>\n. Workpiece conveyor belt<br \/>\n. Collet sleeve main spindle F37 (673-53)<br \/>\n. Collet sleeve pick-up spindle F37 (673-73)<br \/>\n. 3-spindle cross drilling unit<br \/>\n. 4-station tool holder 16x16mm<br \/>\n. Pick-up spindle with 32 mm pick-up capacity<br \/>\n. Part blow-out device to the front<br \/>\n. Parts ejector, parts ejection guard,<br \/>\n. Cut-off steel fracture protection<br \/>\n. Separate cooling oil tank with level and flow monitoring<br \/>\n. Automatic centralised lubrication unit with oil level monitoring<br \/>\n. Levelling bolts and plates, toolbox<br \/>\n. Interface for bar feeder<br \/>\n. Interface RS232C<\/p>\n<p>FMB Turbo 3-26 loading magazine built in 2004<br \/>\nFire extinguishing system Kraft &amp; Bauer \/ GUT Feuerschutz<br \/>\nMayfran chip conveyor<\/p>\n<p>The machine can be inspected by appointment.<br \/>\nChanges and errors in the technical data and information as well as prior sale reserved!<\/p>\n<p>IntNo231159<br \/>\nMachine type CNC sliding headstock automatic lathe<br \/>\nManufacturer STAR Micronics<br \/>\nModel SV32 JII<br \/>\nyear of construction 2002<br \/>\nCondition very good (used)<br \/>\nVery well maintained machine directly from the user<br \/>\nMachine has only run with oil<br \/>\nOperating hours around 18,000 hours<br \/>\nStandard accessories machine<br \/>\n. Synchronously driven guide bush<br \/>\n. C-axis on main and pick-up spindle<br \/>\n. Workpiece conveyor belt<br \/>\n. Collet sleeve main spindle F37 (673-53)<br \/>\n. Collet sleeve pick-up spindle F37 (673-73)<br \/>\n. 3-spindle cross drilling unit<br \/>\n. 4-station tool holder 16x16mm<br \/>\n. Pick-up spindle with pick-up capacity 32mm<br \/>\n. Part blow-out device to the front<br \/>\n. Parts ejector, parts ejection guard ,<br \/>\n. Cut-off steel breakage protection<br \/>\n. Separate cooling oil tank with level and flow monitoring<br \/>\n. Automatic central lubrication unit with oil level monitoring<br \/>\n. Leveling bolts and plates, tool box<br \/>\n. Interface for bar feeder<br \/>\n. Interface RS232C<\/p>\n<p>FMB loading magazine Turbo 3-26 year 2004<br \/>\nFire extinguishing system Kraft &amp; Bauer \/ GUT Feuerschutz<br \/>\nMayfran chip conveyor<\/p>\n<p>The machine can be inspected by appointment.<br \/>\nChanges and errors in the technical data and information as well as prior sale reserved!<\/p>","protected":false},"excerpt":{"rendered":"<p>Standort: Deutschland, Baden-W\u00fcrttemberg S\u00fcdwest Zustand: Gebraucht Hersteller: STAR Micronics Modell: SV-32 Baujahr: 2002 Betriebsstunden: 18000 IntNr231159 Maschinentyp CNC-Langdrehautomat Hersteller STAR Micronics Modell SV32 JII Baujahr 2002 Zustand sehr gut (gebraucht) Sehr gepflegte Maschine direkt vom Anwender Maschine ist nur mit \u00d6l gelaufen Betriebsstunden um die 18.000std. Standardzubeh\u00f6r Maschine . Synchron angetriebene F\u00fchrungsb\u00fcchse . C-Achse auf [&hellip;]<\/p>\n","protected":false},"featured_media":4280,"comment_status":"open","ping_status":"closed","template":"","meta":{"_uf_show_specific_survey":0,"_uf_disable_surveys":false},"product_brand":[],"product_cat":[23],"product_tag":[],"class_list":{"0":"post-4286","1":"product","2":"type-product","3":"status-publish","4":"has-post-thumbnail","6":"product_cat-cnc-langdrehmaschinen","8":"first","9":"instock","10":"taxable","11":"shipping-taxable","12":"product-type-simple"},"aioseo_notices":[],"_links":{"self":[{"href":"https:\/\/mueller-wrh.de\/en\/wp-json\/wp\/v2\/product\/4286","targetHints":{"allow":["GET"]}}],"collection":[{"href":"https:\/\/mueller-wrh.de\/en\/wp-json\/wp\/v2\/product"}],"about":[{"href":"https:\/\/mueller-wrh.de\/en\/wp-json\/wp\/v2\/types\/product"}],"replies":[{"embeddable":true,"href":"https:\/\/mueller-wrh.de\/en\/wp-json\/wp\/v2\/comments?post=4286"}],"wp:featuredmedia":[{"embeddable":true,"href":"https:\/\/mueller-wrh.de\/en\/wp-json\/wp\/v2\/media\/4280"}],"wp:attachment":[{"href":"https:\/\/mueller-wrh.de\/en\/wp-json\/wp\/v2\/media?parent=4286"}],"wp:term":[{"taxonomy":"product_brand","embeddable":true,"href":"https:\/\/mueller-wrh.de\/en\/wp-json\/wp\/v2\/product_brand?post=4286"},{"taxonomy":"product_cat","embeddable":true,"href":"https:\/\/mueller-wrh.de\/en\/wp-json\/wp\/v2\/product_cat?post=4286"},{"taxonomy":"product_tag","embeddable":true,"href":"https:\/\/mueller-wrh.de\/en\/wp-json\/wp\/v2\/product_tag?post=4286"}],"curies":[{"name":"wp","href":"https:\/\/api.w.org\/{rel}","templated":true}]}}