{"id":4081,"date":"2025-09-22T12:09:45","date_gmt":"2025-09-22T12:09:45","guid":{"rendered":"https:\/\/mueller-wrh.de\/produkt\/gebr-weiler-ergodor_bj-1998-intnr231387\/"},"modified":"2025-09-22T12:09:45","modified_gmt":"2025-09-22T12:09:45","slug":"gebr-weiler-ergodor_bj-1998-intnr231387","status":"publish","type":"product","link":"https:\/\/mueller-wrh.de\/en\/product\/gebr-weiler-ergodor_bj-1998-intnr231387\/","title":{"rendered":"branded hamlet ERGODOR_built 1998, IntNo231387"},"content":{"rendered":"<p><b>Location:<\/b> Germany, Baden-W\u00fcrttemberg Southwest<\/p>\n<p><b>Condition:<\/b> Used<\/p>\n<p><b>Model:<\/b> Ergodor<\/p>\n<p><b>Year of construction:<\/b> 1998<\/p>\n<p>Mechanic's lathe WEILER, ERGODOR, year 1998<br \/>\nPrecision centre lathe in ergonomic design<\/p>\n<p>Technical data<br \/>\nMax. Turning diameter over bed: approx. 320 mm<br \/>\nMax. Turning diameter over support: approx. 160 mm<br \/>\nMax. Turning length: approx. 470 mm<br \/>\nRod aperture: approx. 36 mm<br \/>\nSpindle: Speed range: approx. 30 - 3550 rpm<br \/>\nSpindle nose: A 2 - 5<br \/>\nDrive power: approx. 3.0 kW<br \/>\nAutomatic longitudinal &amp; face feeds:<br \/>\nFeed range: approx. 0.020 - 2.0 mm\/rev<\/p>\n<p>The machine can be inspected by appointment.<br \/>\nChanges and errors in the technical data and information as well as prior sale reserved!<\/p>\n<p>WEILER ERGODOR mechanical lathe, built in 1998<br \/>\nHigh-precision centre lathe with ergonomic design<\/p>\n<p>Technical data<br \/>\nMax. turning diameter over bed: approx. 320 mm<br \/>\nMax. turning diameter over support: approx. 160 mm<br \/>\nMax. turning length: approx. 470 mm<br \/>\nBar passage: approx. 36 mm<br \/>\nSpindle: Speed range: approx. 30 - 3550 rpm<br \/>\nSpindle nose: A 2 - 5<br \/>\nDrive power: approx. 3.0 kW<br \/>\nAutomatic longitudinal &amp; cross feeds:<br \/>\nFeed range: approx. 0.020 - 2.0 mm\/rev<\/p>\n<p>The machine can be viewed by appointment.<br \/>\nSubject to changes and errors in the technical data and specifications, as well as prior sale!<\/p>","protected":false},"excerpt":{"rendered":"<p>Standort: Deutschland, Baden-W\u00fcrttemberg S\u00fcdwest Zustand: Gebraucht Modell: Ergodor Baujahr: 1998 Mechanikerdrehmaschine WEILER, ERGODOR, Bj. 1998 Genauigkeits-Spitzendrehmaschine in ergonomischer Bauart Technische Daten Max. Drehdurchmesser \u00fcber Bett: ca. 320 mm Max. Drehdurchmesser \u00fcber Support: ca. 160 mm Max. Drehl\u00e4nge: ca. 470 mm Stangendurchlass: ca. 36 mm Spindel: Drehzahlbereich: ca. 30 &#8211; 3550 U\/min Spindelnase: A 2 &#8211; [&hellip;]<\/p>\n","protected":false},"featured_media":4076,"comment_status":"open","ping_status":"closed","template":"","meta":{"_uf_show_specific_survey":0,"_uf_disable_surveys":false},"product_brand":[],"product_cat":[107],"product_tag":[],"class_list":{"0":"post-4081","1":"product","2":"type-product","3":"status-publish","4":"has-post-thumbnail","6":"product_cat-drehmaschine","8":"first","9":"instock","10":"taxable","11":"shipping-taxable","12":"product-type-simple"},"aioseo_notices":[],"_links":{"self":[{"href":"https:\/\/mueller-wrh.de\/en\/wp-json\/wp\/v2\/product\/4081","targetHints":{"allow":["GET"]}}],"collection":[{"href":"https:\/\/mueller-wrh.de\/en\/wp-json\/wp\/v2\/product"}],"about":[{"href":"https:\/\/mueller-wrh.de\/en\/wp-json\/wp\/v2\/types\/product"}],"replies":[{"embeddable":true,"href":"https:\/\/mueller-wrh.de\/en\/wp-json\/wp\/v2\/comments?post=4081"}],"wp:featuredmedia":[{"embeddable":true,"href":"https:\/\/mueller-wrh.de\/en\/wp-json\/wp\/v2\/media\/4076"}],"wp:attachment":[{"href":"https:\/\/mueller-wrh.de\/en\/wp-json\/wp\/v2\/media?parent=4081"}],"wp:term":[{"taxonomy":"product_brand","embeddable":true,"href":"https:\/\/mueller-wrh.de\/en\/wp-json\/wp\/v2\/product_brand?post=4081"},{"taxonomy":"product_cat","embeddable":true,"href":"https:\/\/mueller-wrh.de\/en\/wp-json\/wp\/v2\/product_cat?post=4081"},{"taxonomy":"product_tag","embeddable":true,"href":"https:\/\/mueller-wrh.de\/en\/wp-json\/wp\/v2\/product_tag?post=4081"}],"curies":[{"name":"wp","href":"https:\/\/api.w.org\/{rel}","templated":true}]}}